{"id":121,"date":"2023-12-20T10:14:55","date_gmt":"2023-12-20T08:14:55","guid":{"rendered":"https:\/\/help.jamk.fi\/blogi\/saavutettava-sisallontuotanto\/"},"modified":"2024-10-02T15:37:37","modified_gmt":"2024-10-02T12:37:37","slug":"saavutettava-sisallontuotanto","status":"publish","type":"page","link":"https:\/\/help.jamk.fi\/wordpress\/fi\/saavutettava-sisallontuotanto\/","title":{"rendered":"Saavutettava sis\u00e4ll\u00f6ntuotanto"},"content":{"rendered":"\n<p>Kun luot Helppiin sis\u00e4lt\u00f6\u00e4, vastaat siit\u00e4, ett\u00e4 tuottamasi sis\u00e4lt\u00f6 on saavutettavaa. Saavutettava sis\u00e4lt\u00f6 on lakis\u00e4\u00e4teinen velvoite. Saavutettava sis\u00e4lt\u00f6 helpottaa tiedon l\u00f6yt\u00e4mist\u00e4 ja oppimista sek\u00e4 parantaa k\u00e4ytt\u00e4j\u00e4kokemusta.<\/p>\n\n\n\n<p>Varmista siis seuraavat asiat:<\/p>\n\n\n\n<h2 class=\"wp-block-heading\">Kirjoita kuvaavat otsikot ja k\u00e4yt\u00e4 otsikkotyylej\u00e4<\/h2>\n\n\n\n<ul class=\"wp-block-list\">\n<li>Kirjoita otsikkoon tiiviisti alla olevan tekstin keskeisin asia.<\/li>\n\n\n\n<li>K\u00e4yt\u00e4 mieluiten lauseotsikoita.<\/li>\n\n\n\n<li>Merkitse otsikot otsikoiksi editorissa.<\/li>\n\n\n\n<li>K\u00e4yt\u00e4 otsikkotasoja loogisesti. Sivun otsikko on Otsikkotaso 1 ja sivun alaotsikko on Otsikkotaso 2. Aloita otsikointi siis aina <strong>Otsikko 2 -tasolta<\/strong>.<\/li>\n<\/ul>\n\n\n\n<h2 class=\"wp-block-heading\">Tee tekstist\u00e4 silm\u00e4ilt\u00e4v\u00e4\u00e4<\/h2>\n\n\n\n<ul class=\"wp-block-list\">\n<li>K\u00e4yt\u00e4 runsaasti v\u00e4liotsikoita.<\/li>\n\n\n\n<li>Pid\u00e4 kappaleet lyhyin\u00e4. Aloita kappale aina t\u00e4rkeimm\u00e4ll\u00e4 asialla.<\/li>\n\n\n\n<li>K\u00e4yt\u00e4 listoja.<\/li>\n\n\n\n<li>K\u00e4yt\u00e4 my\u00f6s kuvitusta kevent\u00e4m\u00e4\u00e4n teksti\u00e4 ja tukemaan viesti\u00e4.<\/li>\n<\/ul>\n\n\n\n<h2 class=\"wp-block-heading\">Lis\u00e4\u00e4 kuviin tekstivastineet<\/h2>\n\n\n\n<p>Tarjoa kuvien v\u00e4litt\u00e4m\u00e4 tietosis\u00e4lt\u00f6 my\u00f6s tekstin\u00e4 joko leip\u00e4tekstiss\u00e4 tai kuvan tekstivastineessa.<\/p>\n\n\n\n<p>N\u00e4in lis\u00e4\u00e4t tekstivastineen WordPressiss\u00e4:<\/p>\n\n\n\n<p>Valitse ensiksi Muokkaa<\/p>\n\n\n\n<figure class=\"wp-block-image size-full is-resized\"><img loading=\"lazy\" decoding=\"async\" width=\"453\" height=\"483\" src=\"https:\/\/help.jamk.fi\/wordpress\/wp-content\/uploads\/sites\/99\/2023\/09\/WP-kuvan-muokkaus.png\" alt=\"Klikkaa kuva, jota haluat muokata ja valitse sielt\u00e4 kyn\u00e4n kuva\" class=\"wp-image-890\" style=\"width:294px;height:auto\"\/><\/figure>\n\n\n\n<p>Kirjoita kuvan sis\u00e4lt\u00f6 Vaihtoehtoinen teksti -kentt\u00e4\u00e4n.<\/p>\n\n\n\n<p> <img loading=\"lazy\" decoding=\"async\" width=\"454\" height=\"135\" class=\"wp-image-179 alignnone\" src=\"https:\/\/help.jamk.fi\/blogi\/wp-content\/uploads\/sites\/99\/2023\/09\/WP-vaihtoehtoinen-teksti.png\" alt=\"Vaihtoehtoisen tekstin lis\u00e4\u00e4inen kuvaan Worpdressin editorissa\"><\/p>\n\n\n\n<p><a href=\"https:\/\/www.saavutettavasti.fi\/yleiset-ohjeet\/kuvat\/\">Tarkempia ohjeita vaihtoehtoisen tekstin tuottamiseen<\/a><a href=\"https:\/\/info.digicampus.fi\/osahankkeet\/esteettomyys-ja-saavutettavuus\/viikon-vinkki\/verkkosisallon-tekstivastineet-parantavat-saavutettavuutta\/\">.<\/a><\/p>\n\n\n\n<h2 class=\"wp-block-heading\">Nime\u00e4 linkit kuvaavasti<\/h2>\n\n\n\n<ul class=\"wp-block-list\">\n<li>Kirjoita selke\u00e4 linkkiteksti, joka kuvaa linkin kohdetta. Lukijan pit\u00e4isi ymm\u00e4rt\u00e4\u00e4 linkkitekstist\u00e4, mihin h\u00e4n on siirtym\u00e4ss\u00e4.<\/li>\n\n\n\n<li>\u00c4l\u00e4 k\u00e4yt\u00e4 \u201dKlikkaa t\u00e4st\u00e4\u201d tai \u201dLue lis\u00e4\u00e4\u201d tai pitk\u00e4\u00e4 linkkiosoitetta.<\/li>\n\n\n\n<li>Kerro linkkitekstiss\u00e4, jos linkki ohjaa esim. pdf- tai Word-tiedostoon.<\/li>\n\n\n\n<li>Esimerkkej\u00e4 linkkien nime\u00e4misest\u00e4:\n<ul class=\"wp-block-list\">\n<li><a href=\"https:\/\/papunet.net\/saavutettavuus\/ohjeita-ja-oppaita\/pikaoppaita-saavutettavuuteen\/\">Pikaopas saavutettavaan sis\u00e4ll\u00f6ntuotantoon<\/a><\/li>\n\n\n\n<li><a href=\"https:\/\/papunet.net\/saavutettavuus\/wp-content\/uploads\/2022\/11\/selkosivujen_helppokayttoisyys_uusiversio4.docx\">Ohjeet pikaopas-kognitiiviseen-saavutettavuuteen doc&nbsp;(39 kt)<\/a><\/li>\n<\/ul>\n<\/li>\n<\/ul>\n\n\n\n<h2 class=\"wp-block-heading\">Lis\u00e4\u00e4 videoihin tekstivastineet<\/h2>\n\n\n\n<ul class=\"wp-block-list\">\n<li>Tarjoa videon v\u00e4litt\u00e4m\u00e4 tietosis\u00e4lt\u00f6 tekstin\u00e4. Siihen on kaksi tapaa:\n<ul class=\"wp-block-list\">\n<li>Tekstit\u00e4 video.<\/li>\n\n\n\n<li>Tuota videon sis\u00e4lt\u00f6 erikseen tekstimuodossa.<\/li>\n<\/ul>\n<\/li>\n\n\n\n<li><a href=\"https:\/\/blog.hamk.fi\/ohjeet\/nain-tuotat-saavutettavan-videon\/\">Ohje: N\u00e4in tuotat saavutettavan videon.<\/a><\/li>\n\n\n\n<li><a href=\"https:\/\/www.oneminstory.com\/tekstityksen-lisaaminen-youtube-videoon\/\">Ohje: Tekstityksen lis\u00e4\u00e4minen YouTube-videoon.<\/a><\/li>\n\n\n\n<li><a href=\"https:\/\/www.futurelearn.com\/courses\/blended-learning-digital-skills\/3\">Esimerkki: videon sis\u00e4lt\u00f6 tekstimuodossa.<\/a><\/li>\n<\/ul>\n\n\n\n<p><a href=\"https:\/\/www.saavutettavasti.fi\/verkkosisaltojen-saavutettavuus\/\">Lis\u00e4tietoa saavutettavasta sis\u00e4ll\u00f6ntuotannosta<\/a> Celian ohjeissa.<\/p>\n","protected":false},"excerpt":{"rendered":"<p>Kun luot Helppiin sis\u00e4lt\u00f6\u00e4, vastaat siit\u00e4, ett\u00e4 tuottamasi sis\u00e4lt\u00f6 on saavutettavaa. Saavutettava sis\u00e4lt\u00f6 on lakis\u00e4\u00e4teinen velvoite. Saavutettava sis\u00e4lt\u00f6 helpottaa tiedon l\u00f6yt\u00e4mist\u00e4 ja oppimista sek\u00e4 parantaa k\u00e4ytt\u00e4j\u00e4kokemusta. Varmista siis seuraavat asiat: Kirjoita kuvaavat otsikot ja k\u00e4yt\u00e4 otsikkotyylej\u00e4 Tee tekstist\u00e4 silm\u00e4ilt\u00e4v\u00e4\u00e4 Lis\u00e4\u00e4 kuviin tekstivastineet Tarjoa kuvien v\u00e4litt\u00e4m\u00e4 tietosis\u00e4lt\u00f6 my\u00f6s tekstin\u00e4 joko leip\u00e4tekstiss\u00e4 tai kuvan tekstivastineessa. N\u00e4in lis\u00e4\u00e4t [&hellip;]<\/p>\n","protected":false},"author":66,"featured_media":0,"parent":0,"menu_order":4,"comment_status":"closed","ping_status":"closed","template":"","meta":{"_acf_changed":false,"_relevanssi_hide_post":"","_relevanssi_hide_content":"","_relevanssi_pin_for_all":"","_relevanssi_pin_keywords":"","_relevanssi_unpin_keywords":"","_relevanssi_related_keywords":"","_relevanssi_related_include_ids":"","_relevanssi_related_exclude_ids":"","_relevanssi_related_no_append":"","_relevanssi_related_not_related":"","_relevanssi_related_posts":"134,131","_relevanssi_noindex_reason":"","footnotes":""},"categories":[1],"tags":[],"class_list":["post-121","page","type-page","status-publish","hentry","category-yleinen"],"acf":[],"yoast_head":"<!-- This site is optimized with the Yoast SEO plugin v27.4 - https:\/\/yoast.com\/product\/yoast-seo-wordpress\/ -->\n<title>Saavutettava sis\u00e4ll\u00f6ntuotanto - WordPress<\/title>\n<meta name=\"robots\" content=\"index, follow, max-snippet:-1, max-image-preview:large, max-video-preview:-1\" \/>\n<link rel=\"canonical\" href=\"https:\/\/help.jamk.fi\/wordpress\/fi\/saavutettava-sisallontuotanto\/\" \/>\n<meta property=\"og:locale\" content=\"fi_FI\" \/>\n<meta property=\"og:type\" content=\"article\" \/>\n<meta property=\"og:title\" content=\"Saavutettava sis\u00e4ll\u00f6ntuotanto - WordPress\" \/>\n<meta property=\"og:description\" content=\"Kun luot Helppiin sis\u00e4lt\u00f6\u00e4, vastaat siit\u00e4, ett\u00e4 tuottamasi sis\u00e4lt\u00f6 on saavutettavaa. Saavutettava sis\u00e4lt\u00f6 on lakis\u00e4\u00e4teinen velvoite. Saavutettava sis\u00e4lt\u00f6 helpottaa tiedon l\u00f6yt\u00e4mist\u00e4 ja oppimista sek\u00e4 parantaa k\u00e4ytt\u00e4j\u00e4kokemusta. Varmista siis seuraavat asiat: Kirjoita kuvaavat otsikot ja k\u00e4yt\u00e4 otsikkotyylej\u00e4 Tee tekstist\u00e4 silm\u00e4ilt\u00e4v\u00e4\u00e4 Lis\u00e4\u00e4 kuviin tekstivastineet Tarjoa kuvien v\u00e4litt\u00e4m\u00e4 tietosis\u00e4lt\u00f6 my\u00f6s tekstin\u00e4 joko leip\u00e4tekstiss\u00e4 tai kuvan tekstivastineessa. N\u00e4in lis\u00e4\u00e4t [&hellip;]\" \/>\n<meta property=\"og:url\" content=\"https:\/\/help.jamk.fi\/wordpress\/fi\/saavutettava-sisallontuotanto\/\" \/>\n<meta property=\"og:site_name\" content=\"WordPress\" \/>\n<meta property=\"article:modified_time\" content=\"2024-10-02T12:37:37+00:00\" \/>\n<meta property=\"og:image\" content=\"https:\/\/help.jamk.fi\/wordpress\/wp-content\/uploads\/sites\/99\/2023\/09\/WP-kuvan-muokkaus.png\" \/>\n<meta name=\"twitter:card\" content=\"summary_large_image\" \/>\n<meta name=\"twitter:label1\" content=\"Arvioitu lukuaika\" \/>\n\t<meta name=\"twitter:data1\" content=\"2 minuuttia\" \/>\n<script type=\"application\/ld+json\" class=\"yoast-schema-graph\">{\"@context\":\"https:\\\/\\\/schema.org\",\"@graph\":[{\"@type\":\"WebPage\",\"@id\":\"https:\\\/\\\/help.jamk.fi\\\/wordpress\\\/fi\\\/saavutettava-sisallontuotanto\\\/\",\"url\":\"https:\\\/\\\/help.jamk.fi\\\/wordpress\\\/fi\\\/saavutettava-sisallontuotanto\\\/\",\"name\":\"Saavutettava sis\u00e4ll\u00f6ntuotanto - WordPress\",\"isPartOf\":{\"@id\":\"https:\\\/\\\/help.jamk.fi\\\/wordpress\\\/#website\"},\"primaryImageOfPage\":{\"@id\":\"https:\\\/\\\/help.jamk.fi\\\/wordpress\\\/fi\\\/saavutettava-sisallontuotanto\\\/#primaryimage\"},\"image\":{\"@id\":\"https:\\\/\\\/help.jamk.fi\\\/wordpress\\\/fi\\\/saavutettava-sisallontuotanto\\\/#primaryimage\"},\"thumbnailUrl\":\"https:\\\/\\\/help.jamk.fi\\\/wordpress\\\/wp-content\\\/uploads\\\/sites\\\/99\\\/2023\\\/09\\\/WP-kuvan-muokkaus.png\",\"datePublished\":\"2023-12-20T08:14:55+00:00\",\"dateModified\":\"2024-10-02T12:37:37+00:00\",\"breadcrumb\":{\"@id\":\"https:\\\/\\\/help.jamk.fi\\\/wordpress\\\/fi\\\/saavutettava-sisallontuotanto\\\/#breadcrumb\"},\"inLanguage\":\"fi\",\"potentialAction\":[{\"@type\":\"ReadAction\",\"target\":[\"https:\\\/\\\/help.jamk.fi\\\/wordpress\\\/fi\\\/saavutettava-sisallontuotanto\\\/\"]}]},{\"@type\":\"ImageObject\",\"inLanguage\":\"fi\",\"@id\":\"https:\\\/\\\/help.jamk.fi\\\/wordpress\\\/fi\\\/saavutettava-sisallontuotanto\\\/#primaryimage\",\"url\":\"https:\\\/\\\/help.jamk.fi\\\/wordpress\\\/wp-content\\\/uploads\\\/sites\\\/99\\\/2023\\\/09\\\/WP-kuvan-muokkaus.png\",\"contentUrl\":\"https:\\\/\\\/help.jamk.fi\\\/wordpress\\\/wp-content\\\/uploads\\\/sites\\\/99\\\/2023\\\/09\\\/WP-kuvan-muokkaus.png\",\"width\":453,\"height\":483,\"caption\":\"Klikkaa kuva, jota haluat muokata ja valitse sielt\u00e4 kyn\u00e4n kuva\"},{\"@type\":\"BreadcrumbList\",\"@id\":\"https:\\\/\\\/help.jamk.fi\\\/wordpress\\\/fi\\\/saavutettava-sisallontuotanto\\\/#breadcrumb\",\"itemListElement\":[{\"@type\":\"ListItem\",\"position\":1,\"name\":\"Etusivu\",\"item\":\"https:\\\/\\\/help.jamk.fi\\\/wordpress\\\/fi\\\/\"},{\"@type\":\"ListItem\",\"position\":2,\"name\":\"Saavutettava sis\u00e4ll\u00f6ntuotanto\"}]},{\"@type\":\"WebSite\",\"@id\":\"https:\\\/\\\/help.jamk.fi\\\/wordpress\\\/#website\",\"url\":\"https:\\\/\\\/help.jamk.fi\\\/wordpress\\\/\",\"name\":\"WordPress\",\"description\":\"Julkaisuohjeet WordPresseiss\u00e4\",\"potentialAction\":[{\"@type\":\"SearchAction\",\"target\":{\"@type\":\"EntryPoint\",\"urlTemplate\":\"https:\\\/\\\/help.jamk.fi\\\/wordpress\\\/?s={search_term_string}\"},\"query-input\":{\"@type\":\"PropertyValueSpecification\",\"valueRequired\":true,\"valueName\":\"search_term_string\"}}],\"inLanguage\":\"fi\"}]}<\/script>\n<!-- \/ Yoast SEO plugin. -->","yoast_head_json":{"title":"Saavutettava sis\u00e4ll\u00f6ntuotanto - WordPress","robots":{"index":"index","follow":"follow","max-snippet":"max-snippet:-1","max-image-preview":"max-image-preview:large","max-video-preview":"max-video-preview:-1"},"canonical":"https:\/\/help.jamk.fi\/wordpress\/fi\/saavutettava-sisallontuotanto\/","og_locale":"fi_FI","og_type":"article","og_title":"Saavutettava sis\u00e4ll\u00f6ntuotanto - WordPress","og_description":"Kun luot Helppiin sis\u00e4lt\u00f6\u00e4, vastaat siit\u00e4, ett\u00e4 tuottamasi sis\u00e4lt\u00f6 on saavutettavaa. Saavutettava sis\u00e4lt\u00f6 on lakis\u00e4\u00e4teinen velvoite. Saavutettava sis\u00e4lt\u00f6 helpottaa tiedon l\u00f6yt\u00e4mist\u00e4 ja oppimista sek\u00e4 parantaa k\u00e4ytt\u00e4j\u00e4kokemusta. Varmista siis seuraavat asiat: Kirjoita kuvaavat otsikot ja k\u00e4yt\u00e4 otsikkotyylej\u00e4 Tee tekstist\u00e4 silm\u00e4ilt\u00e4v\u00e4\u00e4 Lis\u00e4\u00e4 kuviin tekstivastineet Tarjoa kuvien v\u00e4litt\u00e4m\u00e4 tietosis\u00e4lt\u00f6 my\u00f6s tekstin\u00e4 joko leip\u00e4tekstiss\u00e4 tai kuvan tekstivastineessa. N\u00e4in lis\u00e4\u00e4t [&hellip;]","og_url":"https:\/\/help.jamk.fi\/wordpress\/fi\/saavutettava-sisallontuotanto\/","og_site_name":"WordPress","article_modified_time":"2024-10-02T12:37:37+00:00","og_image":[{"url":"https:\/\/help.jamk.fi\/wordpress\/wp-content\/uploads\/sites\/99\/2023\/09\/WP-kuvan-muokkaus.png","type":"","width":"","height":""}],"twitter_card":"summary_large_image","twitter_misc":{"Arvioitu lukuaika":"2 minuuttia"},"schema":{"@context":"https:\/\/schema.org","@graph":[{"@type":"WebPage","@id":"https:\/\/help.jamk.fi\/wordpress\/fi\/saavutettava-sisallontuotanto\/","url":"https:\/\/help.jamk.fi\/wordpress\/fi\/saavutettava-sisallontuotanto\/","name":"Saavutettava sis\u00e4ll\u00f6ntuotanto - WordPress","isPartOf":{"@id":"https:\/\/help.jamk.fi\/wordpress\/#website"},"primaryImageOfPage":{"@id":"https:\/\/help.jamk.fi\/wordpress\/fi\/saavutettava-sisallontuotanto\/#primaryimage"},"image":{"@id":"https:\/\/help.jamk.fi\/wordpress\/fi\/saavutettava-sisallontuotanto\/#primaryimage"},"thumbnailUrl":"https:\/\/help.jamk.fi\/wordpress\/wp-content\/uploads\/sites\/99\/2023\/09\/WP-kuvan-muokkaus.png","datePublished":"2023-12-20T08:14:55+00:00","dateModified":"2024-10-02T12:37:37+00:00","breadcrumb":{"@id":"https:\/\/help.jamk.fi\/wordpress\/fi\/saavutettava-sisallontuotanto\/#breadcrumb"},"inLanguage":"fi","potentialAction":[{"@type":"ReadAction","target":["https:\/\/help.jamk.fi\/wordpress\/fi\/saavutettava-sisallontuotanto\/"]}]},{"@type":"ImageObject","inLanguage":"fi","@id":"https:\/\/help.jamk.fi\/wordpress\/fi\/saavutettava-sisallontuotanto\/#primaryimage","url":"https:\/\/help.jamk.fi\/wordpress\/wp-content\/uploads\/sites\/99\/2023\/09\/WP-kuvan-muokkaus.png","contentUrl":"https:\/\/help.jamk.fi\/wordpress\/wp-content\/uploads\/sites\/99\/2023\/09\/WP-kuvan-muokkaus.png","width":453,"height":483,"caption":"Klikkaa kuva, jota haluat muokata ja valitse sielt\u00e4 kyn\u00e4n kuva"},{"@type":"BreadcrumbList","@id":"https:\/\/help.jamk.fi\/wordpress\/fi\/saavutettava-sisallontuotanto\/#breadcrumb","itemListElement":[{"@type":"ListItem","position":1,"name":"Etusivu","item":"https:\/\/help.jamk.fi\/wordpress\/fi\/"},{"@type":"ListItem","position":2,"name":"Saavutettava sis\u00e4ll\u00f6ntuotanto"}]},{"@type":"WebSite","@id":"https:\/\/help.jamk.fi\/wordpress\/#website","url":"https:\/\/help.jamk.fi\/wordpress\/","name":"WordPress","description":"Julkaisuohjeet WordPresseiss\u00e4","potentialAction":[{"@type":"SearchAction","target":{"@type":"EntryPoint","urlTemplate":"https:\/\/help.jamk.fi\/wordpress\/?s={search_term_string}"},"query-input":{"@type":"PropertyValueSpecification","valueRequired":true,"valueName":"search_term_string"}}],"inLanguage":"fi"}]}},"_links":{"self":[{"href":"https:\/\/help.jamk.fi\/wordpress\/wp-json\/wp\/v2\/pages\/121","targetHints":{"allow":["GET"]}}],"collection":[{"href":"https:\/\/help.jamk.fi\/wordpress\/wp-json\/wp\/v2\/pages"}],"about":[{"href":"https:\/\/help.jamk.fi\/wordpress\/wp-json\/wp\/v2\/types\/page"}],"author":[{"embeddable":true,"href":"https:\/\/help.jamk.fi\/wordpress\/wp-json\/wp\/v2\/users\/66"}],"replies":[{"embeddable":true,"href":"https:\/\/help.jamk.fi\/wordpress\/wp-json\/wp\/v2\/comments?post=121"}],"version-history":[{"count":35,"href":"https:\/\/help.jamk.fi\/wordpress\/wp-json\/wp\/v2\/pages\/121\/revisions"}],"predecessor-version":[{"id":1543,"href":"https:\/\/help.jamk.fi\/wordpress\/wp-json\/wp\/v2\/pages\/121\/revisions\/1543"}],"wp:attachment":[{"href":"https:\/\/help.jamk.fi\/wordpress\/wp-json\/wp\/v2\/media?parent=121"}],"wp:term":[{"taxonomy":"category","embeddable":true,"href":"https:\/\/help.jamk.fi\/wordpress\/wp-json\/wp\/v2\/categories?post=121"},{"taxonomy":"post_tag","embeddable":true,"href":"https:\/\/help.jamk.fi\/wordpress\/wp-json\/wp\/v2\/tags?post=121"}],"curies":[{"name":"wp","href":"https:\/\/api.w.org\/{rel}","templated":true}]}}