{"id":1338,"date":"2024-05-29T16:07:28","date_gmt":"2024-05-29T13:07:28","guid":{"rendered":"https:\/\/help.jamk.fi\/wordpress\/?page_id=1338"},"modified":"2025-02-12T12:31:32","modified_gmt":"2025-02-12T10:31:32","slug":"sisaltosivun-lohkot","status":"publish","type":"page","link":"https:\/\/help.jamk.fi\/wordpress\/fi\/sivut\/sisaltosivun-lohkot\/","title":{"rendered":"Sis\u00e4lt\u00f6sivun lohkot"},"content":{"rendered":"\n<p>Sis\u00e4lt\u00f6sivulla voit k\u00e4ytt\u00e4\u00e4 joko kapean sivupohjan tai molemmille sivupohjille tarkoitettuja lohkoja. <\/p>\n\n\n\n<ul class=\"wp-block-list\">\n<li>Haitari<\/li>\n\n\n\n<li>Infonosto<\/li>\n\n\n\n<li>Huomiolaatikko<\/li>\n\n\n\n<li>Videoupotukset<\/li>\n\n\n\n<li>Linkkinosto (k\u00e4ytett\u00e4viss\u00e4 molemmilla sivupohjilla)<\/li>\n\n\n\n<li>Yhteystietokortti (k\u00e4ytett\u00e4viss\u00e4 molemmilla sivupohjilla)<\/li>\n<\/ul>\n\n\n\n<p>Esimerkkej\u00e4 lohkoista:<\/p>\n\n\n\n<h2 class=\"wp-block-heading\">Haitari<\/h2>\n\n\n\n<p>Haitari toimii avattavana valikkona, jonka avulla esimerkiksi monivaiheinen ohjeistus saadaan jaoteltua selkeisiin aihealueisiin. Avaa haitari saadaksesi lis\u00e4\u00e4 vinkkej\u00e4 sen k\u00e4ytt\u00f6\u00f6n.<\/p>\n\n\n\n<div id=\"accordion-block_d97cc5afd95bcae86202c3107ae1a6a8\" class=\"accordion block-accordion\">\n  <div class=\"block-accordion__element-header\">\n          <h2>Haitarin otsikko<\/h2>\n      <\/div>\n  <div class=\"block-accordion__accordions\">\n                  <div class=\"accordion-item\">\n          <h2 class=\"h6 accordion-title\">\n            <button id=\"accordion-header-1\" class=\"accordion-header\" aria-expanded=\"false\" aria-controls=\"accordion-panel-1\">\n              Mit\u00e4 haitari voi sis\u00e4lt\u00e4\u00e4?              <div class='plus-icon' itemprop='logo'><svg aria-hidden=\"true\" viewBox=\"0 0 16 16\" fill=\"none\" xmlns=\"http:\/\/www.w3.org\/2000\/svg\"><path d=\"M8.92 7.1V.06H7.2V7.1H.12v1.72H7.2v7.12h1.72V8.82H16V7.1H8.92z\" fill=\"#0D004C\"\/><\/svg><\/div>              <div class='minus-icon' itemprop='logo'><svg aria-hidden=\"true\" viewBox=\"0 0 14 2\" fill=\"none\" xmlns=\"http:\/\/www.w3.org\/2000\/svg\"><path d=\"M14 1.88H.88V.12H14v1.76z\" fill=\"#fff\"\/><\/svg><\/div>            <\/button>\n          <\/h2>\n          <div class=\"accordion-section-wrapper\">\n            <section id=\"accordion-panel-1\" class=\"accordion-panel\" aria-labelledby=\"accordion-header-1\">\n              <p>Haitari sis\u00e4lt\u00e4\u00e4 useita rivej\u00e4 ja voi k\u00e4ytt\u00e4\u00e4 haitarin sis\u00e4ll\u00e4 kappale-lohkosta tuttuja elementtej\u00e4 kuten<\/p>\n<ul>\n<li>Otsikoita<\/li>\n<li>Kuvia<\/li>\n<li>Listoja<\/li>\n<li>Linkkej\u00e4<\/li>\n<\/ul>\n            <\/section>\n          <\/div>\n        <\/div>\n              <div class=\"accordion-item\">\n          <h2 class=\"h6 accordion-title\">\n            <button id=\"accordion-header-2\" class=\"accordion-header\" aria-expanded=\"false\" aria-controls=\"accordion-panel-2\">\n              Milloin haitaria kannattaa k\u00e4ytt\u00e4\u00e4?              <div class='plus-icon' itemprop='logo'><svg aria-hidden=\"true\" viewBox=\"0 0 16 16\" fill=\"none\" xmlns=\"http:\/\/www.w3.org\/2000\/svg\"><path d=\"M8.92 7.1V.06H7.2V7.1H.12v1.72H7.2v7.12h1.72V8.82H16V7.1H8.92z\" fill=\"#0D004C\"\/><\/svg><\/div>              <div class='minus-icon' itemprop='logo'><svg aria-hidden=\"true\" viewBox=\"0 0 14 2\" fill=\"none\" xmlns=\"http:\/\/www.w3.org\/2000\/svg\"><path d=\"M14 1.88H.88V.12H14v1.76z\" fill=\"#fff\"\/><\/svg><\/div>            <\/button>\n          <\/h2>\n          <div class=\"accordion-section-wrapper\">\n            <section id=\"accordion-panel-2\" class=\"accordion-panel\" aria-labelledby=\"accordion-header-2\">\n              <p>Haitaria kannattaa k\u00e4ytt\u00e4\u00e4 silloin, kun halutaan jaotella ohjeita niin, ett\u00e4 lukia keskittyy yhteen asiaan kerrallaan<\/p>\n            <\/section>\n          <\/div>\n        <\/div>\n              <div class=\"accordion-item\">\n          <h2 class=\"h6 accordion-title\">\n            <button id=\"accordion-header-3\" class=\"accordion-header\" aria-expanded=\"false\" aria-controls=\"accordion-panel-3\">\n              Jaa kategorioihin              <div class='plus-icon' itemprop='logo'><svg aria-hidden=\"true\" viewBox=\"0 0 16 16\" fill=\"none\" xmlns=\"http:\/\/www.w3.org\/2000\/svg\"><path d=\"M8.92 7.1V.06H7.2V7.1H.12v1.72H7.2v7.12h1.72V8.82H16V7.1H8.92z\" fill=\"#0D004C\"\/><\/svg><\/div>              <div class='minus-icon' itemprop='logo'><svg aria-hidden=\"true\" viewBox=\"0 0 14 2\" fill=\"none\" xmlns=\"http:\/\/www.w3.org\/2000\/svg\"><path d=\"M14 1.88H.88V.12H14v1.76z\" fill=\"#fff\"\/><\/svg><\/div>            <\/button>\n          <\/h2>\n          <div class=\"accordion-section-wrapper\">\n            <section id=\"accordion-panel-3\" class=\"accordion-panel\" aria-labelledby=\"accordion-header-3\">\n              <p>Haitari on hyv\u00e4 lohko my\u00f6s silloin, jos haluat samalle sivulle erilliset ohjeet eri lukijayleis\u00f6lle. Esimerkiksi henkil\u00f6kunta \/ opiskelija<\/p>\n            <\/section>\n          <\/div>\n        <\/div>\n              <div class=\"accordion-item\">\n          <h2 class=\"h6 accordion-title\">\n            <button id=\"accordion-header-4\" class=\"accordion-header\" aria-expanded=\"false\" aria-controls=\"accordion-panel-4\">\n              Pid\u00e4 rakenne selke\u00e4n\u00e4              <div class='plus-icon' itemprop='logo'><svg aria-hidden=\"true\" viewBox=\"0 0 16 16\" fill=\"none\" xmlns=\"http:\/\/www.w3.org\/2000\/svg\"><path d=\"M8.92 7.1V.06H7.2V7.1H.12v1.72H7.2v7.12h1.72V8.82H16V7.1H8.92z\" fill=\"#0D004C\"\/><\/svg><\/div>              <div class='minus-icon' itemprop='logo'><svg aria-hidden=\"true\" viewBox=\"0 0 14 2\" fill=\"none\" xmlns=\"http:\/\/www.w3.org\/2000\/svg\"><path d=\"M14 1.88H.88V.12H14v1.76z\" fill=\"#fff\"\/><\/svg><\/div>            <\/button>\n          <\/h2>\n          <div class=\"accordion-section-wrapper\">\n            <section id=\"accordion-panel-4\" class=\"accordion-panel\" aria-labelledby=\"accordion-header-4\">\n              <p>Ohjeiden ei kannatta olla liian pitki\u00e4, jotta lohkon rakenne pysyy selke\u00e4n\u00e4.<\/p>\n            <\/section>\n          <\/div>\n        <\/div>\n            <\/div>\n<\/div>\n\n\n<h2 class=\"wp-block-heading\">Infonosto<\/h2>\n\n\n<div id=\"info-lift-block_302a0ef29b2019a1cd28fbccce5ddbfa\" class=\"block-info-lift block-info-lift\">\n  <div class=\"row\">\n    <div class=\"col-12\">\n              <div class=\"block-info-lift__content\">\n          <div class=\"block-info-lift__content__icon\">\n            <span>!<\/span>\n          <\/div>\n          <p class=\"block-info-lift__content__text\">Infonostolla pyrit\u00e4\u00e4n korostamaan lyhyt ja ytimek\u00e4s vinkki tai huomio<\/p>\n        <\/div>\n          <\/div>\n  <\/div>\n<\/div>\n\n\n<h2 class=\"wp-block-heading\">Huomiolaatikko<\/h2>\n\n\n  <div id=\"notice-box-block_4bca9c8f8ae5df710ce756e9f7b0dfec\" class=\"block-notice-box block-notice-box\">\n          <h2 class=\"block-notice-box__heading\">Huomiolaatikko<\/h2>\n    \n    <p>Huomiolaatikkoon kannattaa sijoittaa pidemp\u00e4\u00e4 teksti\u00e4, kuin Infonostoon. Huomiolaatikkoon voi sijoittaa halutessaan my\u00f6s painikkeen, joka sis\u00e4lt\u00e4\u00e4 linkin toiseen ohjeeseen tai kokonaan eri sivustolle, kuten Intraan tai Jamk.fi<\/p>\n\n          <a class=\"button-primary-icon\" href=\"https:\/\/jamk.fi\" target=\"\" >\n        Jamk.fi<i  ><svg aria-hidden=\"true\" viewBox=\"0 0 9 12\" fill=\"none\" xmlns=\"http:\/\/www.w3.org\/2000\/svg\"><path d=\"M1 1v10l7-5.026L1 1z\" stroke=\"#fff\"\/><\/svg><\/i>      <\/a>\n      <\/div>\n\n\n\n<h2 class=\"wp-block-heading\">Upotukset<\/h2>\n\n\n\n<p>Voit upottaa sivulle my\u00f6s videoita &#8221;Upota&#8221; tai &#8221;Youtube&#8221; -lohkojen avulla. Tarkemmat ohjeet videoupotuksiin <a href=\"https:\/\/help.jamk.fi\/wordpress\/fi\/sivut\/mediakirjasto-ja-kuvakoot\/\">Mediakirjasto -sivulla<\/a><\/p>\n\n\n\n<h2 class=\"wp-block-heading\">Linkkinosto<\/h2>\n\n\n\n<p>Linkkinostolla voit jaotella useita linkkej\u00e4 eri kategorioihin. Sis\u00e4lt\u00f6sivulla nostoja mahtuu kaksi rinnakkain, t\u00e4ysleve\u00e4ll\u00e4 etusivulla sen sijaan kolme. Kannattaa ottaa huomioon visuaalinen ilme linkkilistoja tehdess\u00e4. Ep\u00e4s\u00e4\u00e4nn\u00f6llinen listaus aiheuttaa visuaalisesti ep\u00e4selke\u00e4n kuvan. <\/p>\n\n\n<div id=\"link-lifts-block_02862be7e8367bad60d22a6855ed4a41\" class=\"link-lifts block-link-lifts\">\n  <div class=\"row\">\n            <div class=\"col-12 col-lg-4 block-link-lifts__column\">\n          <div class=\"block-link-lifts__item pink\">\n            <h3 class=\"block-link-lifts__item--heading\">Linkkilista 1<\/h3>\n                          <ul class=\"block-link-lifts__item--link-list\">\n                                                                        <li>\n                                              <a class=\"link-list\" href=\"https:\/\/jamk.fi\" target=\"_self\">Jamk.fi<\/a>\n                                          <\/li>\n                                                                                          <li>\n                                              <a class=\"link-list\" href=\"http:\/\/arena.jamk.fi\" target=\"_self\">Arena<\/a>\n                                          <\/li>\n                                                <\/ul>\n            \n          <\/div>\n        <\/div>\n            <div class=\"col-12 col-lg-4 block-link-lifts__column\">\n          <div class=\"block-link-lifts__item pink\">\n            <h3 class=\"block-link-lifts__item--heading\">Linkkilista 2<\/h3>\n                          <ul class=\"block-link-lifts__item--link-list\">\n                                                                        <li>\n                                              <a class=\"link-list\" href=\"https:\/\/intra.jamk.fi\" target=\"_self\">Elmo-intra<\/a>\n                                          <\/li>\n                                                                                          <li>\n                                              <a class=\"link-list\" href=\"https:\/\/help.jamk.fi\" target=\"_self\">Help<\/a>\n                                          <\/li>\n                                                <\/ul>\n            \n          <\/div>\n        <\/div>\n      <\/div>\n<\/div>\n\n\n<h2 class=\"wp-block-heading\">Yhteystietokortti<\/h2>\n\n\n\n<p>Yhteystietokorttiin voit k\u00e4ytt\u00e4\u00e4 nimens\u00e4 mukaisesti yhteystietojen korostamiseen tai miksi ei muuten tiedon korostamiseen ja visuaaliseen raikastamiseen. T\u00e4ysleve\u00e4lle sivupohjalle kortteja voi sijoittaa kaksi rinnakkain<\/p>\n\n\n<div id=\"contact-card-block_9d93e6ca97e111ddbc6d41a88893eada\" class=\"contact-card block-contact-card\">\n  <div class=\"row\">\n                  <div class=\"col-12 col-lg-6 block-contact-card__column\">\n          <div class=\"block-contact-card__item\">\n            <h3 class=\"block-contact-card__item--heading\">Ota yhteytt\u00e4!<\/h3>\n            <div class=\"block-contact-card__item--content\">\n              <p>Mik\u00e4li tarvitse lis\u00e4\u00e4 apua, voit tutustua ohjeisiimme osoitteessa<a href=\"https:\/\/help.jamk.fi\"> help.jamk.fi.<\/a> Jos et l\u00f6yt\u00e4nyt tarvitsemaasi apua, voit j\u00e4tt\u00e4\u00e4 palvelupyynn\u00f6n oheisesta linkist\u00e4<\/p>\n            <\/div>\n                          <a class=\"small-text-button-icon\" href=\"http:\/\/support.jamk.fi\" target=\"_self\" >J\u00e4t\u00e4 palvelupyyn\u00f6t<i  ><svg aria-hidden=\"true\" viewBox=\"0 0 4 7\" fill=\"none\" xmlns=\"http:\/\/www.w3.org\/2000\/svg\"><path d=\"M1.696 7H0l2.208-3.312L0 .376h1.696l2.208 3.312L1.696 7z\" fill=\"#0D004C\"\/><\/svg><\/i><\/a>\n                      <\/div>\n        <\/div>\n            <\/div>\n<\/div>","protected":false},"excerpt":{"rendered":"<p>Sis\u00e4lt\u00f6sivulla voit k\u00e4ytt\u00e4\u00e4 joko kapean sivupohjan tai molemmille sivupohjille tarkoitettuja lohkoja. Esimerkkej\u00e4 lohkoista: Haitari Haitari toimii avattavana valikkona, jonka avulla esimerkiksi monivaiheinen ohjeistus saadaan jaoteltua selkeisiin aihealueisiin. Avaa haitari saadaksesi lis\u00e4\u00e4 vinkkej\u00e4 sen k\u00e4ytt\u00f6\u00f6n. Infonosto Huomiolaatikko Upotukset Voit upottaa sivulle my\u00f6s videoita &#8221;Upota&#8221; tai &#8221;Youtube&#8221; -lohkojen avulla. Tarkemmat ohjeet videoupotuksiin Mediakirjasto -sivulla Linkkinosto Linkkinostolla voit [&hellip;]<\/p>\n","protected":false},"author":66,"featured_media":0,"parent":984,"menu_order":2,"comment_status":"closed","ping_status":"closed","template":"","meta":{"_acf_changed":false,"_relevanssi_hide_post":"","_relevanssi_hide_content":"","_relevanssi_pin_for_all":"","_relevanssi_pin_keywords":"","_relevanssi_unpin_keywords":"","_relevanssi_related_keywords":"","_relevanssi_related_include_ids":"","_relevanssi_related_exclude_ids":"","_relevanssi_related_no_append":"","_relevanssi_related_not_related":"","_relevanssi_related_posts":"","_relevanssi_noindex_reason":"","footnotes":""},"categories":[],"tags":[],"class_list":["post-1338","page","type-page","status-publish","hentry"],"acf":[],"yoast_head":"<!-- This site is optimized with the Yoast SEO plugin v27.3 - https:\/\/yoast.com\/product\/yoast-seo-wordpress\/ -->\n<title>Sis\u00e4lt\u00f6sivun lohkot - WordPress<\/title>\n<meta name=\"robots\" content=\"index, follow, max-snippet:-1, max-image-preview:large, max-video-preview:-1\" \/>\n<link rel=\"canonical\" href=\"https:\/\/help.jamk.fi\/wordpress\/fi\/sivut\/sisaltosivun-lohkot\/\" \/>\n<meta property=\"og:locale\" content=\"fi_FI\" \/>\n<meta property=\"og:type\" content=\"article\" \/>\n<meta property=\"og:title\" content=\"Sis\u00e4lt\u00f6sivun lohkot - WordPress\" \/>\n<meta property=\"og:description\" content=\"Sis\u00e4lt\u00f6sivulla voit k\u00e4ytt\u00e4\u00e4 joko kapean sivupohjan tai molemmille sivupohjille tarkoitettuja lohkoja. Esimerkkej\u00e4 lohkoista: Haitari Haitari toimii avattavana valikkona, jonka avulla esimerkiksi monivaiheinen ohjeistus saadaan jaoteltua selkeisiin aihealueisiin. Avaa haitari saadaksesi lis\u00e4\u00e4 vinkkej\u00e4 sen k\u00e4ytt\u00f6\u00f6n. Infonosto Huomiolaatikko Upotukset Voit upottaa sivulle my\u00f6s videoita &#8221;Upota&#8221; tai &#8221;Youtube&#8221; -lohkojen avulla. Tarkemmat ohjeet videoupotuksiin Mediakirjasto -sivulla Linkkinosto Linkkinostolla voit [&hellip;]\" \/>\n<meta property=\"og:url\" content=\"https:\/\/help.jamk.fi\/wordpress\/fi\/sivut\/sisaltosivun-lohkot\/\" \/>\n<meta property=\"og:site_name\" content=\"WordPress\" \/>\n<meta property=\"article:modified_time\" content=\"2025-02-12T10:31:32+00:00\" \/>\n<meta name=\"twitter:card\" content=\"summary_large_image\" \/>\n<meta name=\"twitter:label1\" content=\"Arvioitu lukuaika\" \/>\n\t<meta name=\"twitter:data1\" content=\"1 minuutti\" \/>\n<script type=\"application\/ld+json\" class=\"yoast-schema-graph\">{\"@context\":\"https:\\\/\\\/schema.org\",\"@graph\":[{\"@type\":\"WebPage\",\"@id\":\"https:\\\/\\\/help.jamk.fi\\\/wordpress\\\/fi\\\/sivut\\\/sisaltosivun-lohkot\\\/\",\"url\":\"https:\\\/\\\/help.jamk.fi\\\/wordpress\\\/fi\\\/sivut\\\/sisaltosivun-lohkot\\\/\",\"name\":\"Sis\u00e4lt\u00f6sivun lohkot - WordPress\",\"isPartOf\":{\"@id\":\"https:\\\/\\\/help.jamk.fi\\\/wordpress\\\/#website\"},\"datePublished\":\"2024-05-29T13:07:28+00:00\",\"dateModified\":\"2025-02-12T10:31:32+00:00\",\"breadcrumb\":{\"@id\":\"https:\\\/\\\/help.jamk.fi\\\/wordpress\\\/fi\\\/sivut\\\/sisaltosivun-lohkot\\\/#breadcrumb\"},\"inLanguage\":\"fi\",\"potentialAction\":[{\"@type\":\"ReadAction\",\"target\":[\"https:\\\/\\\/help.jamk.fi\\\/wordpress\\\/fi\\\/sivut\\\/sisaltosivun-lohkot\\\/\"]}]},{\"@type\":\"BreadcrumbList\",\"@id\":\"https:\\\/\\\/help.jamk.fi\\\/wordpress\\\/fi\\\/sivut\\\/sisaltosivun-lohkot\\\/#breadcrumb\",\"itemListElement\":[{\"@type\":\"ListItem\",\"position\":1,\"name\":\"Etusivu\",\"item\":\"https:\\\/\\\/help.jamk.fi\\\/wordpress\\\/fi\\\/\"},{\"@type\":\"ListItem\",\"position\":2,\"name\":\"Sivun luominen\",\"item\":\"https:\\\/\\\/help.jamk.fi\\\/wordpress\\\/fi\\\/sivut\\\/\"},{\"@type\":\"ListItem\",\"position\":3,\"name\":\"Sis\u00e4lt\u00f6sivun lohkot\"}]},{\"@type\":\"WebSite\",\"@id\":\"https:\\\/\\\/help.jamk.fi\\\/wordpress\\\/#website\",\"url\":\"https:\\\/\\\/help.jamk.fi\\\/wordpress\\\/\",\"name\":\"WordPress\",\"description\":\"Julkaisuohjeet WordPresseiss\u00e4\",\"potentialAction\":[{\"@type\":\"SearchAction\",\"target\":{\"@type\":\"EntryPoint\",\"urlTemplate\":\"https:\\\/\\\/help.jamk.fi\\\/wordpress\\\/?s={search_term_string}\"},\"query-input\":{\"@type\":\"PropertyValueSpecification\",\"valueRequired\":true,\"valueName\":\"search_term_string\"}}],\"inLanguage\":\"fi\"}]}<\/script>\n<!-- \/ Yoast SEO plugin. -->","yoast_head_json":{"title":"Sis\u00e4lt\u00f6sivun lohkot - WordPress","robots":{"index":"index","follow":"follow","max-snippet":"max-snippet:-1","max-image-preview":"max-image-preview:large","max-video-preview":"max-video-preview:-1"},"canonical":"https:\/\/help.jamk.fi\/wordpress\/fi\/sivut\/sisaltosivun-lohkot\/","og_locale":"fi_FI","og_type":"article","og_title":"Sis\u00e4lt\u00f6sivun lohkot - WordPress","og_description":"Sis\u00e4lt\u00f6sivulla voit k\u00e4ytt\u00e4\u00e4 joko kapean sivupohjan tai molemmille sivupohjille tarkoitettuja lohkoja. Esimerkkej\u00e4 lohkoista: Haitari Haitari toimii avattavana valikkona, jonka avulla esimerkiksi monivaiheinen ohjeistus saadaan jaoteltua selkeisiin aihealueisiin. Avaa haitari saadaksesi lis\u00e4\u00e4 vinkkej\u00e4 sen k\u00e4ytt\u00f6\u00f6n. Infonosto Huomiolaatikko Upotukset Voit upottaa sivulle my\u00f6s videoita &#8221;Upota&#8221; tai &#8221;Youtube&#8221; -lohkojen avulla. Tarkemmat ohjeet videoupotuksiin Mediakirjasto -sivulla Linkkinosto Linkkinostolla voit [&hellip;]","og_url":"https:\/\/help.jamk.fi\/wordpress\/fi\/sivut\/sisaltosivun-lohkot\/","og_site_name":"WordPress","article_modified_time":"2025-02-12T10:31:32+00:00","twitter_card":"summary_large_image","twitter_misc":{"Arvioitu lukuaika":"1 minuutti"},"schema":{"@context":"https:\/\/schema.org","@graph":[{"@type":"WebPage","@id":"https:\/\/help.jamk.fi\/wordpress\/fi\/sivut\/sisaltosivun-lohkot\/","url":"https:\/\/help.jamk.fi\/wordpress\/fi\/sivut\/sisaltosivun-lohkot\/","name":"Sis\u00e4lt\u00f6sivun lohkot - WordPress","isPartOf":{"@id":"https:\/\/help.jamk.fi\/wordpress\/#website"},"datePublished":"2024-05-29T13:07:28+00:00","dateModified":"2025-02-12T10:31:32+00:00","breadcrumb":{"@id":"https:\/\/help.jamk.fi\/wordpress\/fi\/sivut\/sisaltosivun-lohkot\/#breadcrumb"},"inLanguage":"fi","potentialAction":[{"@type":"ReadAction","target":["https:\/\/help.jamk.fi\/wordpress\/fi\/sivut\/sisaltosivun-lohkot\/"]}]},{"@type":"BreadcrumbList","@id":"https:\/\/help.jamk.fi\/wordpress\/fi\/sivut\/sisaltosivun-lohkot\/#breadcrumb","itemListElement":[{"@type":"ListItem","position":1,"name":"Etusivu","item":"https:\/\/help.jamk.fi\/wordpress\/fi\/"},{"@type":"ListItem","position":2,"name":"Sivun luominen","item":"https:\/\/help.jamk.fi\/wordpress\/fi\/sivut\/"},{"@type":"ListItem","position":3,"name":"Sis\u00e4lt\u00f6sivun lohkot"}]},{"@type":"WebSite","@id":"https:\/\/help.jamk.fi\/wordpress\/#website","url":"https:\/\/help.jamk.fi\/wordpress\/","name":"WordPress","description":"Julkaisuohjeet WordPresseiss\u00e4","potentialAction":[{"@type":"SearchAction","target":{"@type":"EntryPoint","urlTemplate":"https:\/\/help.jamk.fi\/wordpress\/?s={search_term_string}"},"query-input":{"@type":"PropertyValueSpecification","valueRequired":true,"valueName":"search_term_string"}}],"inLanguage":"fi"}]}},"_links":{"self":[{"href":"https:\/\/help.jamk.fi\/wordpress\/wp-json\/wp\/v2\/pages\/1338","targetHints":{"allow":["GET"]}}],"collection":[{"href":"https:\/\/help.jamk.fi\/wordpress\/wp-json\/wp\/v2\/pages"}],"about":[{"href":"https:\/\/help.jamk.fi\/wordpress\/wp-json\/wp\/v2\/types\/page"}],"author":[{"embeddable":true,"href":"https:\/\/help.jamk.fi\/wordpress\/wp-json\/wp\/v2\/users\/66"}],"replies":[{"embeddable":true,"href":"https:\/\/help.jamk.fi\/wordpress\/wp-json\/wp\/v2\/comments?post=1338"}],"version-history":[{"count":29,"href":"https:\/\/help.jamk.fi\/wordpress\/wp-json\/wp\/v2\/pages\/1338\/revisions"}],"predecessor-version":[{"id":1546,"href":"https:\/\/help.jamk.fi\/wordpress\/wp-json\/wp\/v2\/pages\/1338\/revisions\/1546"}],"up":[{"embeddable":true,"href":"https:\/\/help.jamk.fi\/wordpress\/wp-json\/wp\/v2\/pages\/984"}],"wp:attachment":[{"href":"https:\/\/help.jamk.fi\/wordpress\/wp-json\/wp\/v2\/media?parent=1338"}],"wp:term":[{"taxonomy":"category","embeddable":true,"href":"https:\/\/help.jamk.fi\/wordpress\/wp-json\/wp\/v2\/categories?post=1338"},{"taxonomy":"post_tag","embeddable":true,"href":"https:\/\/help.jamk.fi\/wordpress\/wp-json\/wp\/v2\/tags?post=1338"}],"curies":[{"name":"wp","href":"https:\/\/api.w.org\/{rel}","templated":true}]}}