{"id":1363,"date":"2024-05-29T16:04:29","date_gmt":"2024-05-29T13:04:29","guid":{"rendered":"https:\/\/help.jamk.fi\/wordpress\/?page_id=1363"},"modified":"2024-06-19T09:09:02","modified_gmt":"2024-06-19T06:09:02","slug":"etusivun-lohkot","status":"publish","type":"page","link":"https:\/\/help.jamk.fi\/wordpress\/fi\/sivut\/etusivun-lohkot\/","title":{"rendered":"Etusivun lohkot"},"content":{"rendered":"\n<p>Etusivuilla eli t\u00e4ysleveill\u00e4 sivupohjilla k\u00e4ytet\u00e4\u00e4n niille suunniteltuja omia lohkoja. N\u00e4it\u00e4 lohkoja ei saa k\u00e4ytt\u00e4\u00e4 sis\u00e4lt\u00f6sivuilla. T\u00e4ysleve\u00e4n sivupohjan lohkot ovat kapean sivupohjan elementtej\u00e4 leve\u00e4mpi, jonka vuoksi ne saattavat v\u00e4\u00e4r\u00e4ll\u00e4 sivupohjalla aiheuttaa ongelmia.<\/p>\n\n\n\n<h2 class=\"wp-block-heading\">Kuva ja teksti<\/h2>\n\n\n\n<div id=\"image-and-text-block_ec2aa4546376a7add0c1e9f225252a86\" class=\"image-and-text block-image-and-text lilac\">\n  <div class=\"block-image-and-text__wrapper container\">\n    <div class=\"row left\">\n      <div class=\"col-12 col-md-6 img-column\">\n        <div class=\"img-column__wrapper single_img\">\n                      <img decoding=\"async\" class=\"\" src=\"https:\/\/help.jamk.fi\/wordpress\/wp-content\/uploads\/sites\/99\/2024\/05\/man-g1e7f0c257_1280.jpg\" alt=\"\" \/>\n                  <\/div>\n      <\/div>\n      <div class=\"col-12 col-md-6 texts-column\">\n        <div class=\"texts-column__wrapper\">\n                                <div class=\"texts-column__wrapper--text_area\"><p>Kuva ja teksti -elementtiin on nimens\u00e4 veroinen. Voit valita onko kuva oikealla vai vasemmalla puolella. Voit my\u00f6s valita joko yhden tai kolme kapeaa kuvaa. Lis\u00e4ksi voit valita taustav\u00e4rin joko pinkiksi tai lilaksi. Voit my\u00f6s lis\u00e4t\u00e4 painikkeen, joka sis\u00e4lt\u00e4\u00e4 linkin. Lohko sopii hyvin visuaaliseen, lyhyeen tiedonantoon. Vaaleanpunainen taustav\u00e4ri n\u00e4kyvill\u00e4 Helpin etusivulla<\/p>\n<\/div>\n                                <a class=\"button-primary-icon\" href=\"http:\/\/Help%20-etusivu\" target=\"_self\">help.jamk.fi<i  ><svg aria-hidden=\"true\" viewBox=\"0 0 9 12\" fill=\"none\" xmlns=\"http:\/\/www.w3.org\/2000\/svg\"><path d=\"M1 1v10l7-5.026L1 1z\" stroke=\"#fff\"\/><\/svg><\/i><\/a>\n          \n        <\/div>\n      <\/div>\n    <\/div>\n  <\/div>\n<\/div>\n\n\n<h2 class=\"wp-block-heading\">Kokoleve\u00e4 nosto<\/h2>\n\n\n\n<div id=\"full-width-lift-block_37d948e73cdea6c7f8882d36a4091597\" class=\"full-width-lift block-full-width-lift\">\n  <div class=\"row\">\n    <div class=\"col-12 texts-column\">\n      <div class=\"texts-column__wrapper\">\n                  <h2 class=\"texts-column__wrapper--title \">Tervetuloa WordPressin sis\u00e4ll\u00f6ntuottajan ohjeisiin!<\/h2>\n                          <div class=\"texts-column__wrapper--text_area\">Kokoleve\u00e4ll\u00e4 nostolla kiinnit\u00e4t huomion tehokkaasti. Huomaa kuitenkin, ett\u00e4 lohko vie valtaosan sivusta, joten pid\u00e4 sivun sis\u00e4lt\u00f6 lyhyen\u00e4. Voit lis\u00e4t\u00e4 my\u00f6s painikkeen, joka sis\u00e4lt\u00e4\u00e4 linkin. <\/div>\n                \n      <\/div>\n    <\/div>\n  <\/div>\n<\/div>\n\n\n<h2 class=\"wp-block-heading\">Ikoninosto<\/h2>\n\n\n<div id=\"icon-lift-block_cab6238c0a474411b6a0f16ddb7320c1\" class=\"block-icon-lift block-icon-lift\">\n  <div class=\"row\">\n                  <div class=\"col-12 col-md-6 col-lg-3\">\n          <div class=\"block-icon-lift__item\">\n            <div class=\"block-icon-lift__image-wrapper\">\n                              <img decoding=\"async\" src=\"https:\/\/help.jamk.fi\/wordpress\/wp-content\/uploads\/sites\/99\/2024\/05\/Screenshot-2023-05-23-at-14.18.32.png\" alt=\"\">\n                          <\/div>\n            <h4 class=\"block-icon-lift__heading\">Otsikko 1<\/h4>\n            <p class=\"block-icon-lift__text\">Ikoninostoja voit lis\u00e4t\u00e4 korkeintaan nelj\u00e4 rinnakkain<\/p>\n                      <\/div>\n        <\/div>\n              <div class=\"col-12 col-md-6 col-lg-3\">\n          <div class=\"block-icon-lift__item\">\n            <div class=\"block-icon-lift__image-wrapper\">\n                              <img decoding=\"async\" src=\"https:\/\/help.jamk.fi\/wordpress\/wp-content\/uploads\/sites\/99\/2024\/05\/Screenshot-2023-05-23-at-14.18.34.png\" alt=\"\">\n                          <\/div>\n            <h4 class=\"block-icon-lift__heading\">Otsikko 2<\/h4>\n            <p class=\"block-icon-lift__text\">Voit valita kuvan jokaiseen nostoon<\/p>\n                      <\/div>\n        <\/div>\n              <div class=\"col-12 col-md-6 col-lg-3\">\n          <div class=\"block-icon-lift__item\">\n            <div class=\"block-icon-lift__image-wrapper\">\n                              <img decoding=\"async\" src=\"https:\/\/help.jamk.fi\/wordpress\/wp-content\/uploads\/sites\/99\/2024\/05\/Screenshot-2023-05-24-at-11.27.09-100x100.png\" alt=\"\">\n                          <\/div>\n            <h4 class=\"block-icon-lift__heading\">Otsikko 3<\/h4>\n            <p class=\"block-icon-lift__text\">Voit lis\u00e4t\u00e4 lyhyen koonnin aiheesta otsikon alle<\/p>\n                      <\/div>\n        <\/div>\n              <div class=\"col-12 col-md-6 col-lg-3\">\n          <div class=\"block-icon-lift__item\">\n            <div class=\"block-icon-lift__image-wrapper\">\n                              <img decoding=\"async\" src=\"https:\/\/help.jamk.fi\/wordpress\/wp-content\/uploads\/sites\/99\/2024\/05\/hero-placeholder_pieni-100x100.jpeg\" alt=\"\">\n                          <\/div>\n            <h4 class=\"block-icon-lift__heading\">Otsikko 4<\/h4>\n            <p class=\"block-icon-lift__text\">Voit lis\u00e4t\u00e4 my\u00f6s linkin, joka ohjaa uudelle sivulle<\/p>\n                          <a class=\"block-icon-lift__link small-text-button-icon\" target=\"\" href=\"http:\/\/intra.jamk.fi\">Intra<i  ><svg aria-hidden=\"true\" viewBox=\"0 0 4 7\" fill=\"none\" xmlns=\"http:\/\/www.w3.org\/2000\/svg\"><path d=\"M1.696 7H0l2.208-3.312L0 .376h1.696l2.208 3.312L1.696 7z\" fill=\"#0D004C\"\/><\/svg><\/i><\/a>\n                      <\/div>\n        <\/div>\n            <\/div>\n<\/div>\n\n\n<h2 class=\"wp-block-heading\">Tekstipalsta<\/h2>\n\n\n\n<div id=\"text-column-block_5b82bc2bb560a259e123d2d124779cae\" class=\"text-column block-text-column\">\n  <div class=\"block-text-column__wrapper\">\n                  <div class=\"row block-text-column__column-section\">\n          <div class=\"col-12 col-md-5 block-text-column__column-section--column\">\n            <div class=\"block-text-column__column-section--title-wrap\">\n                              <h2 class=\"\">Otsikko<\/h2>\n                          <\/div>\n          <\/div>\n          <div class=\"col-12 col-md-7 block-text-column__column-section--column\">\n                          <div class=\"block-text-column__column-section--text_area\">\n                <p>Tekstipalstaan voit lis\u00e4t\u00e4 ennem\u00e4n teksti\u00e4. Lohko toimii parhaiten pidemp\u00e4\u00e4n tekstiin, joka halutaan sommitella perinteisest\u00e4 kappale ja otsikko lohkoista poiketen.<\/p>\n              <\/div>\n                      <\/div>\n        <\/div>\n              <div class=\"row block-text-column__column-section\">\n          <div class=\"col-12 col-md-5 block-text-column__column-section--column\">\n            <div class=\"block-text-column__column-section--title-wrap\">\n                              <h2 class=\"\">Toinen otsikko<\/h2>\n                          <\/div>\n          <\/div>\n          <div class=\"col-12 col-md-7 block-text-column__column-section--column\">\n                          <div class=\"block-text-column__column-section--text_area\">\n                <p>Voit lis\u00e4t\u00e4 useamman tekstipalstan allekkain ja lis\u00e4t\u00e4 niille omat otsikot<\/p>\n              <\/div>\n                      <\/div>\n        <\/div>\n            <\/div>\n<\/div>\n\n\n<h2 class=\"wp-block-heading\">Keskitetty ikoninosto<\/h2>\n\n\n<div id=\"icon-lift-block_d6aa406307923e7fd681ca5225aedd2e\" class=\"block-centered-icon-lift block-centered-icon-lift\">\n  <div class=\"row\">\n                  <div class=\"col-12 col-md-6 col-lg-4\">\n          <div class=\"block-centered-icon-lift__item\">\n            <div class=\"block-centered-icon-lift__image-wrapper\">\n              <img decoding=\"async\" src=\"https:\/\/help.jamk.fi\/wordpress\/wp-content\/uploads\/sites\/99\/2024\/05\/Screenshot-2023-05-23-at-14.18.32.png\" alt=\"\">\n            <\/div>\n                          <h4 class=\"block-centered-icon-lift__heading\">\n                <a target=\"\" href=\"http:\/\/help.jamk.fi\">Otsikko 1<\/a>\n              <\/h4>\n                        <p class=\"block-centered-icon-lift__text\">Keskitetty ikoninosto on samanlainen kuin tavallinen ikoninosto, mutta on nimens\u00e4 mukaan keskitetty<\/p>\n                          <a class=\"block-centered-icon-lift__link small-text-button-icon\" href=\"\" aria-hidden=\"true\" tabindex=\"-1\">Help<i  ><svg aria-hidden=\"true\" viewBox=\"0 0 4 7\" fill=\"none\" xmlns=\"http:\/\/www.w3.org\/2000\/svg\"><path d=\"M1.696 7H0l2.208-3.312L0 .376h1.696l2.208 3.312L1.696 7z\" fill=\"#0D004C\"\/><\/svg><\/i><\/a>\n                      <\/div>\n        <\/div>\n              <div class=\"col-12 col-md-6 col-lg-4\">\n          <div class=\"block-centered-icon-lift__item\">\n            <div class=\"block-centered-icon-lift__image-wrapper\">\n              <img decoding=\"async\" src=\"https:\/\/help.jamk.fi\/wordpress\/wp-content\/uploads\/sites\/99\/2024\/05\/Screenshot-2023-05-23-at-14.18.34.png\" alt=\"\">\n            <\/div>\n                          <h4 class=\"block-centered-icon-lift__heading\">\n                <a target=\"\" href=\"http:\/\/intra.jamk.fi\">Otsikko 2<\/a>\n              <\/h4>\n                        <p class=\"block-centered-icon-lift__text\">Keskitettyyn ikoninostoon mahtuu ainoastaan kolme ikonia rinnakkain<\/p>\n                          <a class=\"block-centered-icon-lift__link small-text-button-icon\" href=\"\" aria-hidden=\"true\" tabindex=\"-1\">Intra<i  ><svg aria-hidden=\"true\" viewBox=\"0 0 4 7\" fill=\"none\" xmlns=\"http:\/\/www.w3.org\/2000\/svg\"><path d=\"M1.696 7H0l2.208-3.312L0 .376h1.696l2.208 3.312L1.696 7z\" fill=\"#0D004C\"\/><\/svg><\/i><\/a>\n                      <\/div>\n        <\/div>\n              <div class=\"col-12 col-md-6 col-lg-4\">\n          <div class=\"block-centered-icon-lift__item\">\n            <div class=\"block-centered-icon-lift__image-wrapper\">\n              <img decoding=\"async\" src=\"https:\/\/help.jamk.fi\/wordpress\/wp-content\/uploads\/sites\/99\/2024\/05\/Screenshot-2023-05-24-at-11.27.09-100x100.png\" alt=\"\">\n            <\/div>\n                          <h4 class=\"block-centered-icon-lift__heading\">\n                <a target=\"\" href=\"http:\/\/jamk.fi\">Otsikko 3<\/a>\n              <\/h4>\n                        <p class=\"block-centered-icon-lift__text\">Voit my\u00f6s lis\u00e4t\u00e4 jokaiseen nostoon linkin<\/p>\n                          <a class=\"block-centered-icon-lift__link small-text-button-icon\" href=\"\" aria-hidden=\"true\" tabindex=\"-1\">jamk.fi<i  ><svg aria-hidden=\"true\" viewBox=\"0 0 4 7\" fill=\"none\" xmlns=\"http:\/\/www.w3.org\/2000\/svg\"><path d=\"M1.696 7H0l2.208-3.312L0 .376h1.696l2.208 3.312L1.696 7z\" fill=\"#0D004C\"\/><\/svg><\/i><\/a>\n                      <\/div>\n        <\/div>\n            <\/div>\n<\/div>\n\n\n<h2 class=\"wp-block-heading\">Pikavalinnat<\/h2>\n\n\n  <div id=\"quick-links-block_f3707806dd8dd792ad68580fa5bd7e05\" class=\"block-quick-links block-quick-links\">\n          <h2 class=\"block-quick-links__heading\">Pikalinkkeihin voit lis\u00e4t\u00e4 korkeintaan 30 linkki\u00e4 ja ne rivittyv\u00e4t automaattisesti<\/h2>\n    \n    <ul class=\"quick-links-list\">\n                                <li class=\"quick-links-list__item\">\n            <a class=\"button-primary-icon\" href=\"http:\/\/arena.jamk.fi\" target=\"\" >\n              Arena            <\/a>\n          <\/li>\n                                           <li class=\"quick-links-list__item\">\n            <a class=\"button-primary-icon\" href=\"https:\/\/www.jamk.fi\/fi\/palvelut\/kirjasto\" target=\"\" >\n              Kirjasto            <\/a>\n          <\/li>\n                                           <li class=\"quick-links-list__item\">\n            <a class=\"button-primary-icon\" href=\"http:\/\/www.jamk.fi\" target=\"\" >\n              Jamk.fi            <\/a>\n          <\/li>\n                     <\/ul>\n  <\/div>\n\n\n\n<h2 class=\"wp-block-heading\">Sivunosto<\/h2>\n\n\n\n<p>Sivunoston kuva haetaan sivun artikkelikuvasta. Jos sellaista ei ole, k\u00e4ytet\u00e4\u00e4n esiasetettua placeholder -kuvaa. Sis\u00e4isess\u00e4 nostossa ingressi tuodaan sivulta automaattisesti. Ingerssin maksimipituus on 150 merkki\u00e4.<\/p>\n\n\n\n  <div id=\"page-lift-block_ef514755a418ab4afde6b39a3f58f7f0\" class=\"block-page-lift block-page-lift\">\n    \n    <ul class=\"page-lift-list row\">\n                <li class=\"page-lift-list__item col-12 col-md-6 col-lg-4\">\n            <div class=\"page-lift__item-wrap\">\n                              <picture class=\"page-lift__image\">\n                                      <img decoding=\"async\" class=\"page-lift__image--placeholder\" src=\"https:\/\/help.jamk.fi\/wordpress\/wp-content\/themes\/jamk-help\/app\/img\/page-lift-placeholder.png\" alt=\"\">\n                                  <\/picture>\n                            <div class=\"page-lift__text-wrap\">\n                                      <h2 class=\"page-lift__heading\">\n                      <a class=\"page-lift__link--heading\" href=\"https:\/\/help.jamk.fi\/wordpress\/fi\/sivut\/mediakirjasto-ja-kuvakoot\/\">Mediakirjasto<\/a>\n                    <\/h2>\n                   \n                                  <span class=\"page-lift__excerpt body-small\">Mediakirjasto l\u00f6ytyy ohjauspaneelin vasemmasta valikosta kohdasta Media. T\u00e4\u00e4lt\u00e4 voit hallinnoida kaikkia sivuston&hellip;<\/span>\n                                                <a class=\"page-lift__link small-text-button-icon\" href=\"\" aria-hidden=\"true\" tabindex=\"-1\">\n                  Sivunostoon voit lis\u00e4t\u00e4 kuvan ja linkin&nbsp;<i  ><svg aria-hidden=\"true\" viewBox=\"0 0 4 7\" fill=\"none\" xmlns=\"http:\/\/www.w3.org\/2000\/svg\"><path d=\"M1.696 7H0l2.208-3.312L0 .376h1.696l2.208 3.312L1.696 7z\" fill=\"#0D004C\"\/><\/svg><\/i>                <\/a>\n              <\/div>\n            <\/div>\n          <\/li>\n                <li class=\"page-lift-list__item col-12 col-md-6 col-lg-4\">\n            <div class=\"page-lift__item-wrap\">\n                              <picture class=\"page-lift__image\">\n                                      <img decoding=\"async\" class=\"page-lift__image--placeholder\" src=\"https:\/\/help.jamk.fi\/wordpress\/wp-content\/themes\/jamk-help\/app\/img\/page-lift-placeholder.png\" alt=\"\">\n                                  <\/picture>\n                            <div class=\"page-lift__text-wrap\">\n                                      <h2 class=\"page-lift__heading\">\n                      <a class=\"page-lift__link--heading\" href=\"http:\/\/www.jamk.fi\">Jamkin etusivu<\/a>\n                    <\/h2>\n                   \n                                  <span class=\"page-lift__excerpt body-small\">Linkki voi olla joko sis\u00e4inen, tai ulkoinen<\/span>\n                                                <a class=\"page-lift__link small-text-button-icon\" href=\"\" aria-hidden=\"true\" tabindex=\"-1\">\n                  Linkki Jamkin etusivulle&nbsp;<i  ><svg aria-hidden=\"true\" viewBox=\"0 0 4 7\" fill=\"none\" xmlns=\"http:\/\/www.w3.org\/2000\/svg\"><path d=\"M1.696 7H0l2.208-3.312L0 .376h1.696l2.208 3.312L1.696 7z\" fill=\"#0D004C\"\/><\/svg><\/i>                <\/a>\n              <\/div>\n            <\/div>\n          <\/li>\n                <li class=\"page-lift-list__item col-12 col-md-6 col-lg-4\">\n            <div class=\"page-lift__item-wrap\">\n                              <picture class=\"page-lift__image\">\n                                      <img decoding=\"async\" class=\"page-lift__image--placeholder\" src=\"https:\/\/help.jamk.fi\/wordpress\/wp-content\/themes\/jamk-help\/app\/img\/page-lift-placeholder.png\" alt=\"\">\n                                  <\/picture>\n                            <div class=\"page-lift__text-wrap\">\n                                      <h2 class=\"page-lift__heading\">\n                      <a class=\"page-lift__link--heading\" href=\"https:\/\/help.jamk.fi\/wordpress\/fi\/saavutettava-sisallontuotanto\/\">Saavutettava sis\u00e4ll\u00f6ntuotanto<\/a>\n                    <\/h2>\n                   \n                                  <span class=\"page-lift__excerpt body-small\">Kun luot Helppiin sis\u00e4lt\u00f6\u00e4, vastaat siit\u00e4, ett\u00e4 tuottamasi sis\u00e4lt\u00f6 on saavutettavaa. Saavutettava&hellip;<\/span>\n                                                <a class=\"page-lift__link small-text-button-icon\" href=\"\" aria-hidden=\"true\" tabindex=\"-1\">\n                  Nostoja saa kolme rinnakkain&nbsp;<i  ><svg aria-hidden=\"true\" viewBox=\"0 0 4 7\" fill=\"none\" xmlns=\"http:\/\/www.w3.org\/2000\/svg\"><path d=\"M1.696 7H0l2.208-3.312L0 .376h1.696l2.208 3.312L1.696 7z\" fill=\"#0D004C\"\/><\/svg><\/i>                <\/a>\n              <\/div>\n            <\/div>\n          <\/li>\n          <\/ul>\n  <\/div>\n","protected":false},"excerpt":{"rendered":"<p>Etusivuilla eli t\u00e4ysleveill\u00e4 sivupohjilla k\u00e4ytet\u00e4\u00e4n niille suunniteltuja omia lohkoja. N\u00e4it\u00e4 lohkoja ei saa k\u00e4ytt\u00e4\u00e4 sis\u00e4lt\u00f6sivuilla. T\u00e4ysleve\u00e4n sivupohjan lohkot ovat kapean sivupohjan elementtej\u00e4 leve\u00e4mpi, jonka vuoksi ne saattavat v\u00e4\u00e4r\u00e4ll\u00e4 sivupohjalla aiheuttaa ongelmia. Kuva ja teksti Kokoleve\u00e4 nosto Ikoninosto Tekstipalsta Keskitetty ikoninosto Pikavalinnat Sivunosto Sivunoston kuva haetaan sivun artikkelikuvasta. Jos sellaista ei ole, k\u00e4ytet\u00e4\u00e4n esiasetettua placeholder -kuvaa. [&hellip;]<\/p>\n","protected":false},"author":66,"featured_media":0,"parent":984,"menu_order":1,"comment_status":"closed","ping_status":"closed","template":"templates\/template-full-width.php","meta":{"_acf_changed":false,"_relevanssi_hide_post":"","_relevanssi_hide_content":"","_relevanssi_pin_for_all":"","_relevanssi_pin_keywords":"","_relevanssi_unpin_keywords":"","_relevanssi_related_keywords":"","_relevanssi_related_include_ids":"","_relevanssi_related_exclude_ids":"","_relevanssi_related_no_append":"","_relevanssi_related_not_related":"","_relevanssi_related_posts":"","_relevanssi_noindex_reason":"","footnotes":""},"categories":[],"tags":[],"class_list":["post-1363","page","type-page","status-publish","hentry"],"acf":[],"yoast_head":"<!-- This site is optimized with the Yoast SEO plugin v27.4 - https:\/\/yoast.com\/product\/yoast-seo-wordpress\/ -->\n<title>Etusivun lohkot - WordPress<\/title>\n<meta name=\"robots\" content=\"index, follow, max-snippet:-1, max-image-preview:large, max-video-preview:-1\" \/>\n<link rel=\"canonical\" href=\"https:\/\/help.jamk.fi\/wordpress\/fi\/sivut\/etusivun-lohkot\/\" \/>\n<meta property=\"og:locale\" content=\"fi_FI\" \/>\n<meta property=\"og:type\" content=\"article\" \/>\n<meta property=\"og:title\" content=\"Etusivun lohkot - WordPress\" \/>\n<meta property=\"og:description\" content=\"Etusivuilla eli t\u00e4ysleveill\u00e4 sivupohjilla k\u00e4ytet\u00e4\u00e4n niille suunniteltuja omia lohkoja. N\u00e4it\u00e4 lohkoja ei saa k\u00e4ytt\u00e4\u00e4 sis\u00e4lt\u00f6sivuilla. T\u00e4ysleve\u00e4n sivupohjan lohkot ovat kapean sivupohjan elementtej\u00e4 leve\u00e4mpi, jonka vuoksi ne saattavat v\u00e4\u00e4r\u00e4ll\u00e4 sivupohjalla aiheuttaa ongelmia. Kuva ja teksti Kokoleve\u00e4 nosto Ikoninosto Tekstipalsta Keskitetty ikoninosto Pikavalinnat Sivunosto Sivunoston kuva haetaan sivun artikkelikuvasta. Jos sellaista ei ole, k\u00e4ytet\u00e4\u00e4n esiasetettua placeholder -kuvaa. [&hellip;]\" \/>\n<meta property=\"og:url\" content=\"https:\/\/help.jamk.fi\/wordpress\/fi\/sivut\/etusivun-lohkot\/\" \/>\n<meta property=\"og:site_name\" content=\"WordPress\" \/>\n<meta property=\"article:modified_time\" content=\"2024-06-19T06:09:02+00:00\" \/>\n<meta name=\"twitter:card\" content=\"summary_large_image\" \/>\n<meta name=\"twitter:label1\" content=\"Arvioitu lukuaika\" \/>\n\t<meta name=\"twitter:data1\" content=\"1 minuutti\" \/>\n<script type=\"application\/ld+json\" class=\"yoast-schema-graph\">{\"@context\":\"https:\\\/\\\/schema.org\",\"@graph\":[{\"@type\":\"WebPage\",\"@id\":\"https:\\\/\\\/help.jamk.fi\\\/wordpress\\\/fi\\\/sivut\\\/etusivun-lohkot\\\/\",\"url\":\"https:\\\/\\\/help.jamk.fi\\\/wordpress\\\/fi\\\/sivut\\\/etusivun-lohkot\\\/\",\"name\":\"Etusivun lohkot - WordPress\",\"isPartOf\":{\"@id\":\"https:\\\/\\\/help.jamk.fi\\\/wordpress\\\/#website\"},\"datePublished\":\"2024-05-29T13:04:29+00:00\",\"dateModified\":\"2024-06-19T06:09:02+00:00\",\"breadcrumb\":{\"@id\":\"https:\\\/\\\/help.jamk.fi\\\/wordpress\\\/fi\\\/sivut\\\/etusivun-lohkot\\\/#breadcrumb\"},\"inLanguage\":\"fi\",\"potentialAction\":[{\"@type\":\"ReadAction\",\"target\":[\"https:\\\/\\\/help.jamk.fi\\\/wordpress\\\/fi\\\/sivut\\\/etusivun-lohkot\\\/\"]}]},{\"@type\":\"BreadcrumbList\",\"@id\":\"https:\\\/\\\/help.jamk.fi\\\/wordpress\\\/fi\\\/sivut\\\/etusivun-lohkot\\\/#breadcrumb\",\"itemListElement\":[{\"@type\":\"ListItem\",\"position\":1,\"name\":\"Etusivu\",\"item\":\"https:\\\/\\\/help.jamk.fi\\\/wordpress\\\/fi\\\/\"},{\"@type\":\"ListItem\",\"position\":2,\"name\":\"Sivun luominen\",\"item\":\"https:\\\/\\\/help.jamk.fi\\\/wordpress\\\/fi\\\/sivut\\\/\"},{\"@type\":\"ListItem\",\"position\":3,\"name\":\"Etusivun lohkot\"}]},{\"@type\":\"WebSite\",\"@id\":\"https:\\\/\\\/help.jamk.fi\\\/wordpress\\\/#website\",\"url\":\"https:\\\/\\\/help.jamk.fi\\\/wordpress\\\/\",\"name\":\"WordPress\",\"description\":\"Julkaisuohjeet WordPresseiss\u00e4\",\"potentialAction\":[{\"@type\":\"SearchAction\",\"target\":{\"@type\":\"EntryPoint\",\"urlTemplate\":\"https:\\\/\\\/help.jamk.fi\\\/wordpress\\\/?s={search_term_string}\"},\"query-input\":{\"@type\":\"PropertyValueSpecification\",\"valueRequired\":true,\"valueName\":\"search_term_string\"}}],\"inLanguage\":\"fi\"}]}<\/script>\n<!-- \/ Yoast SEO plugin. -->","yoast_head_json":{"title":"Etusivun lohkot - WordPress","robots":{"index":"index","follow":"follow","max-snippet":"max-snippet:-1","max-image-preview":"max-image-preview:large","max-video-preview":"max-video-preview:-1"},"canonical":"https:\/\/help.jamk.fi\/wordpress\/fi\/sivut\/etusivun-lohkot\/","og_locale":"fi_FI","og_type":"article","og_title":"Etusivun lohkot - WordPress","og_description":"Etusivuilla eli t\u00e4ysleveill\u00e4 sivupohjilla k\u00e4ytet\u00e4\u00e4n niille suunniteltuja omia lohkoja. N\u00e4it\u00e4 lohkoja ei saa k\u00e4ytt\u00e4\u00e4 sis\u00e4lt\u00f6sivuilla. T\u00e4ysleve\u00e4n sivupohjan lohkot ovat kapean sivupohjan elementtej\u00e4 leve\u00e4mpi, jonka vuoksi ne saattavat v\u00e4\u00e4r\u00e4ll\u00e4 sivupohjalla aiheuttaa ongelmia. Kuva ja teksti Kokoleve\u00e4 nosto Ikoninosto Tekstipalsta Keskitetty ikoninosto Pikavalinnat Sivunosto Sivunoston kuva haetaan sivun artikkelikuvasta. Jos sellaista ei ole, k\u00e4ytet\u00e4\u00e4n esiasetettua placeholder -kuvaa. [&hellip;]","og_url":"https:\/\/help.jamk.fi\/wordpress\/fi\/sivut\/etusivun-lohkot\/","og_site_name":"WordPress","article_modified_time":"2024-06-19T06:09:02+00:00","twitter_card":"summary_large_image","twitter_misc":{"Arvioitu lukuaika":"1 minuutti"},"schema":{"@context":"https:\/\/schema.org","@graph":[{"@type":"WebPage","@id":"https:\/\/help.jamk.fi\/wordpress\/fi\/sivut\/etusivun-lohkot\/","url":"https:\/\/help.jamk.fi\/wordpress\/fi\/sivut\/etusivun-lohkot\/","name":"Etusivun lohkot - WordPress","isPartOf":{"@id":"https:\/\/help.jamk.fi\/wordpress\/#website"},"datePublished":"2024-05-29T13:04:29+00:00","dateModified":"2024-06-19T06:09:02+00:00","breadcrumb":{"@id":"https:\/\/help.jamk.fi\/wordpress\/fi\/sivut\/etusivun-lohkot\/#breadcrumb"},"inLanguage":"fi","potentialAction":[{"@type":"ReadAction","target":["https:\/\/help.jamk.fi\/wordpress\/fi\/sivut\/etusivun-lohkot\/"]}]},{"@type":"BreadcrumbList","@id":"https:\/\/help.jamk.fi\/wordpress\/fi\/sivut\/etusivun-lohkot\/#breadcrumb","itemListElement":[{"@type":"ListItem","position":1,"name":"Etusivu","item":"https:\/\/help.jamk.fi\/wordpress\/fi\/"},{"@type":"ListItem","position":2,"name":"Sivun luominen","item":"https:\/\/help.jamk.fi\/wordpress\/fi\/sivut\/"},{"@type":"ListItem","position":3,"name":"Etusivun lohkot"}]},{"@type":"WebSite","@id":"https:\/\/help.jamk.fi\/wordpress\/#website","url":"https:\/\/help.jamk.fi\/wordpress\/","name":"WordPress","description":"Julkaisuohjeet WordPresseiss\u00e4","potentialAction":[{"@type":"SearchAction","target":{"@type":"EntryPoint","urlTemplate":"https:\/\/help.jamk.fi\/wordpress\/?s={search_term_string}"},"query-input":{"@type":"PropertyValueSpecification","valueRequired":true,"valueName":"search_term_string"}}],"inLanguage":"fi"}]}},"_links":{"self":[{"href":"https:\/\/help.jamk.fi\/wordpress\/wp-json\/wp\/v2\/pages\/1363","targetHints":{"allow":["GET"]}}],"collection":[{"href":"https:\/\/help.jamk.fi\/wordpress\/wp-json\/wp\/v2\/pages"}],"about":[{"href":"https:\/\/help.jamk.fi\/wordpress\/wp-json\/wp\/v2\/types\/page"}],"author":[{"embeddable":true,"href":"https:\/\/help.jamk.fi\/wordpress\/wp-json\/wp\/v2\/users\/66"}],"replies":[{"embeddable":true,"href":"https:\/\/help.jamk.fi\/wordpress\/wp-json\/wp\/v2\/comments?post=1363"}],"version-history":[{"count":17,"href":"https:\/\/help.jamk.fi\/wordpress\/wp-json\/wp\/v2\/pages\/1363\/revisions"}],"predecessor-version":[{"id":1462,"href":"https:\/\/help.jamk.fi\/wordpress\/wp-json\/wp\/v2\/pages\/1363\/revisions\/1462"}],"up":[{"embeddable":true,"href":"https:\/\/help.jamk.fi\/wordpress\/wp-json\/wp\/v2\/pages\/984"}],"wp:attachment":[{"href":"https:\/\/help.jamk.fi\/wordpress\/wp-json\/wp\/v2\/media?parent=1363"}],"wp:term":[{"taxonomy":"category","embeddable":true,"href":"https:\/\/help.jamk.fi\/wordpress\/wp-json\/wp\/v2\/categories?post=1363"},{"taxonomy":"post_tag","embeddable":true,"href":"https:\/\/help.jamk.fi\/wordpress\/wp-json\/wp\/v2\/tags?post=1363"}],"curies":[{"name":"wp","href":"https:\/\/api.w.org\/{rel}","templated":true}]}}