{"id":1425,"date":"2024-06-17T10:32:07","date_gmt":"2024-06-17T07:32:07","guid":{"rendered":"https:\/\/help.jamk.fi\/wordpress\/?page_id=1425"},"modified":"2025-04-17T12:29:06","modified_gmt":"2025-04-17T09:29:06","slug":"sivujen-lisaasetukset","status":"publish","type":"page","link":"https:\/\/help.jamk.fi\/wordpress\/fi\/sivut\/sivujen-lisaasetukset\/","title":{"rendered":"Sivujen lis\u00e4asetukset"},"content":{"rendered":"\n<h2 class=\"wp-block-heading\"><strong>Sivukartta ja navigaatio<\/strong><\/h2>\n\n\n\n<p>Sivukartta ja yl\u00e4valikko rakentuu automaattisesti sen perusteella, miten sivuille on asetettu p\u00e4\u00e4sivuja ja alasivuja. Yl\u00e4sivun eli Parent -sivun asetat Sivujen lis\u00e4asetukset -kohdasta Parent.  Jos luomasi sivu on ylin taso (omana otsikkona navigaatiorivill\u00e4), mit\u00e4\u00e4n valintaa ei tarvitse tehd\u00e4. Sivujen lis\u00e4asetuksien kolmen pisteen -valikon kautta voit muokata sivu j\u00e4rjestyst\u00e4 Order-valinnalla. J\u00e4rjestysluku kuvaa miss\u00e4 rakenteellisessa j\u00e4rjestyksess\u00e4 sivut tulevat. Mit\u00e4 suurempi numero sit\u00e4 alemmas sivu navigaatiovalikossa sijaitsee ja p\u00e4invastoin. Jos j\u00e4rjestyksell\u00e4 ei ole v\u00e4li\u00e4, voit k\u00e4ytt\u00e4\u00e4 kaikissa samaa lukua kuten esimerkiksi nollaa.<\/p>\n\n\n\n<figure class=\"wp-block-image size-full\"><img loading=\"lazy\" decoding=\"async\" width=\"299\" height=\"540\" src=\"https:\/\/help.jamk.fi\/wordpress\/wp-content\/uploads\/sites\/99\/2025\/04\/parent_order.png\" alt=\"Sivun lis\u00e4asetukset l\u00f6ytyy sivun muokkausn\u00e4kym\u00e4n oikeasta reunasta. Yl\u00e4sivun voi halutessaan valita &quot;Parent&quot; -kohdasta. Kolmen pisteen kautta p\u00e4\u00e4see muokkaamaan sivuj\u00e4rjestyst\u00e4 eli order.\" class=\"wp-image-1553\" srcset=\"https:\/\/help.jamk.fi\/wordpress\/wp-content\/uploads\/sites\/99\/2025\/04\/parent_order.png 299w, https:\/\/help.jamk.fi\/wordpress\/wp-content\/uploads\/sites\/99\/2025\/04\/parent_order-166x300.png 166w\" sizes=\"auto, (max-width: 299px) 100vw, 299px\" \/><figcaption class=\"wp-element-caption\">Sivun lis\u00e4\u00e4minen navigaatioon ja navigaatioj\u00e4rjestys<\/figcaption><\/figure>\n\n\n\n<p><strong>Huom!<\/strong> Jos halutaan, ett\u00e4 tietty sivu <strong>ei<\/strong> tule navigaation, tulee t\u00e4m\u00e4 valita sivuston asetuksista. Asetus l\u00f6ytyy editointi n\u00e4kym\u00e4ss\u00e4, <em>Sivu<\/em> -&gt; <em>N\u00e4ytet\u00e4\u00e4nk\u00f6 sivu navigaatiossa<\/em>.<\/p>\n\n\n\n<figure class=\"wp-block-image size-full\"><img loading=\"lazy\" decoding=\"async\" width=\"279\" height=\"239\" src=\"https:\/\/help.jamk.fi\/wordpress\/wp-content\/uploads\/sites\/99\/2023\/12\/WP-page-shown-in-navigation-1.png\" alt=\"N\u00e4ytet\u00e4\u00e4nk\u00f6 sivua navigaatiossa asetus\" class=\"wp-image-1152\"\/><figcaption class=\"wp-element-caption\">Sivun poistaminen navigaatiosta &#8221;Ei lis\u00e4t\u00e4 sivua valikkoon&#8221; -valinta<\/figcaption><\/figure>\n\n\n\n<h2 class=\"wp-block-heading\">K\u00e4\u00e4nn\u00f6kset<\/h2>\n\n\n\n<p>Helpiss\u00e4 k\u00e4ytet\u00e4\u00e4n sis\u00e4ll\u00f6nkielen\u00e4 suomea ja englantia. Linkit\u00e4 sivulle kieliversio oikean palstan Kielet -kohdasta. Olemassa oleva k\u00e4\u00e4nn\u00f6ksen voit lis\u00e4t\u00e4 sy\u00f6tt\u00e4m\u00e4ll\u00e4 sivun nimen ja valitsemalla se haun tuloksista. Uuden k\u00e4\u00e4nn\u00f6ksen voit lis\u00e4t\u00e4 kielen lipun j\u00e4lkeen olevasta &#8221;plus&#8221; -painikkeesta. WordPress ei luo k\u00e4\u00e4nn\u00f6st\u00e4 automaattisesti, vaan se tulee tehd\u00e4 kokonaan itse.<\/p>\n\n\n\n<figure class=\"wp-block-image size-full\"><img loading=\"lazy\" decoding=\"async\" width=\"270\" height=\"228\" src=\"https:\/\/help.jamk.fi\/wordpress\/wp-content\/uploads\/sites\/99\/2024\/05\/kaannos.png\" alt=\"Valitse oikean palsan &quot;Kielet&quot; -asetuksista sivua vastaava k\u00e4\u00e4nn\u00f6s\" class=\"wp-image-1300\"\/><figcaption class=\"wp-element-caption\">Oikean palstan kielik\u00e4\u00e4nn\u00f6kset<\/figcaption><\/figure>\n\n\n\n<h2 class=\"wp-block-heading\">Oikean reunan nostot<\/h2>\n\n\n\n<p>Voit lis\u00e4t\u00e4 oikeaan reunaan &#8221;J\u00e4t\u00e4 palvelypyynt\u00f6&#8221; -noston alle omia nostoja sivun muokkausn\u00e4kym\u00e4n alaerunasta. Valitse &#8221;Taustav\u00e4rilliset nostot&#8221; -v\u00e4lilehti ja &#8221;Lis\u00e4\u00e4 uusi nosto&#8221;. Lis\u00e4\u00e4 nostolle otsikko, ingressi ja halutessasi linkki sek\u00e4 painike. <\/p>\n\n\n\n<figure data-wp-context=\"{&quot;imageId&quot;:&quot;69dfff35ec81a&quot;}\" data-wp-interactive=\"core\/image\" data-wp-key=\"69dfff35ec81a\" class=\"wp-block-image size-large is-resized wp-lightbox-container\"><img loading=\"lazy\" decoding=\"async\" width=\"1024\" height=\"205\" data-wp-class--hide=\"state.isContentHidden\" data-wp-class--show=\"state.isContentVisible\" data-wp-init=\"callbacks.setButtonStyles\" data-wp-on--click=\"actions.showLightbox\" data-wp-on--load=\"callbacks.setButtonStyles\" data-wp-on-window--resize=\"callbacks.setButtonStyles\" src=\"https:\/\/help.jamk.fi\/wordpress\/wp-content\/uploads\/sites\/99\/2024\/06\/nosto-1024x205.png\" alt=\"\" class=\"wp-image-1426\" style=\"width:952px;height:auto\" srcset=\"https:\/\/help.jamk.fi\/wordpress\/wp-content\/uploads\/sites\/99\/2024\/06\/nosto-1024x205.png 1024w, https:\/\/help.jamk.fi\/wordpress\/wp-content\/uploads\/sites\/99\/2024\/06\/nosto-300x60.png 300w, https:\/\/help.jamk.fi\/wordpress\/wp-content\/uploads\/sites\/99\/2024\/06\/nosto-768x153.png 768w, https:\/\/help.jamk.fi\/wordpress\/wp-content\/uploads\/sites\/99\/2024\/06\/nosto-1536x307.png 1536w, https:\/\/help.jamk.fi\/wordpress\/wp-content\/uploads\/sites\/99\/2024\/06\/nosto-2048x409.png 2048w\" sizes=\"auto, (max-width: 1024px) 100vw, 1024px\" \/><button\n\t\t\tclass=\"lightbox-trigger\"\n\t\t\ttype=\"button\"\n\t\t\taria-haspopup=\"dialog\"\n\t\t\taria-label=\"Suurenna\"\n\t\t\tdata-wp-init=\"callbacks.initTriggerButton\"\n\t\t\tdata-wp-on--click=\"actions.showLightbox\"\n\t\t\tdata-wp-style--right=\"state.imageButtonRight\"\n\t\t\tdata-wp-style--top=\"state.imageButtonTop\"\n\t\t>\n\t\t\t<svg xmlns=\"http:\/\/www.w3.org\/2000\/svg\" width=\"12\" height=\"12\" fill=\"none\" viewBox=\"0 0 12 12\">\n\t\t\t\t<path fill=\"#fff\" d=\"M2 0a2 2 0 0 0-2 2v2h1.5V2a.5.5 0 0 1 .5-.5h2V0H2Zm2 10.5H2a.5.5 0 0 1-.5-.5V8H0v2a2 2 0 0 0 2 2h2v-1.5ZM8 12v-1.5h2a.5.5 0 0 0 .5-.5V8H12v2a2 2 0 0 1-2 2H8Zm2-12a2 2 0 0 1 2 2v2h-1.5V2a.5.5 0 0 0-.5-.5H8V0h2Z\" \/>\n\t\t\t<\/svg>\n\t\t<\/button><figcaption class=\"wp-element-caption\">Taustav\u00e4rilliset nostot lis\u00e4t\u00e4\u00e4n sivun muokkausn\u00e4kym\u00e4n alareunasta (Klikkaa kuva suuremmaksi)<\/figcaption><\/figure>\n","protected":false},"excerpt":{"rendered":"<p>Sivukartta ja navigaatio Sivukartta ja yl\u00e4valikko rakentuu automaattisesti sen perusteella, miten sivuille on asetettu p\u00e4\u00e4sivuja ja alasivuja. Yl\u00e4sivun eli Parent -sivun asetat Sivujen lis\u00e4asetukset -kohdasta Parent. Jos luomasi sivu on ylin taso (omana otsikkona navigaatiorivill\u00e4), mit\u00e4\u00e4n valintaa ei tarvitse tehd\u00e4. Sivujen lis\u00e4asetuksien kolmen pisteen -valikon kautta voit muokata sivu j\u00e4rjestyst\u00e4 Order-valinnalla. J\u00e4rjestysluku kuvaa miss\u00e4 rakenteellisessa [&hellip;]<\/p>\n","protected":false},"author":66,"featured_media":0,"parent":984,"menu_order":0,"comment_status":"closed","ping_status":"closed","template":"","meta":{"_acf_changed":false,"_relevanssi_hide_post":"","_relevanssi_hide_content":"","_relevanssi_pin_for_all":"","_relevanssi_pin_keywords":"","_relevanssi_unpin_keywords":"","_relevanssi_related_keywords":"","_relevanssi_related_include_ids":"","_relevanssi_related_exclude_ids":"","_relevanssi_related_no_append":"","_relevanssi_related_not_related":"","_relevanssi_related_posts":"","_relevanssi_noindex_reason":"","footnotes":""},"categories":[],"tags":[],"class_list":["post-1425","page","type-page","status-publish","hentry"],"acf":[],"yoast_head":"<!-- This site is optimized with the Yoast SEO plugin v27.4 - https:\/\/yoast.com\/product\/yoast-seo-wordpress\/ -->\n<title>Sivujen lis\u00e4asetukset - WordPress<\/title>\n<meta name=\"robots\" content=\"index, follow, max-snippet:-1, max-image-preview:large, max-video-preview:-1\" \/>\n<link rel=\"canonical\" href=\"https:\/\/help.jamk.fi\/wordpress\/fi\/sivut\/sivujen-lisaasetukset\/\" \/>\n<meta property=\"og:locale\" content=\"fi_FI\" \/>\n<meta property=\"og:type\" content=\"article\" \/>\n<meta property=\"og:title\" content=\"Sivujen lis\u00e4asetukset - WordPress\" \/>\n<meta property=\"og:description\" content=\"Sivukartta ja navigaatio Sivukartta ja yl\u00e4valikko rakentuu automaattisesti sen perusteella, miten sivuille on asetettu p\u00e4\u00e4sivuja ja alasivuja. Yl\u00e4sivun eli Parent -sivun asetat Sivujen lis\u00e4asetukset -kohdasta Parent. Jos luomasi sivu on ylin taso (omana otsikkona navigaatiorivill\u00e4), mit\u00e4\u00e4n valintaa ei tarvitse tehd\u00e4. Sivujen lis\u00e4asetuksien kolmen pisteen -valikon kautta voit muokata sivu j\u00e4rjestyst\u00e4 Order-valinnalla. J\u00e4rjestysluku kuvaa miss\u00e4 rakenteellisessa [&hellip;]\" \/>\n<meta property=\"og:url\" content=\"https:\/\/help.jamk.fi\/wordpress\/fi\/sivut\/sivujen-lisaasetukset\/\" \/>\n<meta property=\"og:site_name\" content=\"WordPress\" \/>\n<meta property=\"article:modified_time\" content=\"2025-04-17T09:29:06+00:00\" \/>\n<meta property=\"og:image\" content=\"https:\/\/help.jamk.fi\/wordpress\/wp-content\/uploads\/sites\/99\/2025\/04\/parent_order.png\" \/>\n\t<meta property=\"og:image:width\" content=\"299\" \/>\n\t<meta property=\"og:image:height\" content=\"540\" \/>\n\t<meta property=\"og:image:type\" content=\"image\/png\" \/>\n<meta name=\"twitter:card\" content=\"summary_large_image\" \/>\n<meta name=\"twitter:label1\" content=\"Arvioitu lukuaika\" \/>\n\t<meta name=\"twitter:data1\" content=\"3 minuuttia\" \/>\n<script type=\"application\/ld+json\" class=\"yoast-schema-graph\">{\"@context\":\"https:\\\/\\\/schema.org\",\"@graph\":[{\"@type\":\"WebPage\",\"@id\":\"https:\\\/\\\/help.jamk.fi\\\/wordpress\\\/fi\\\/sivut\\\/sivujen-lisaasetukset\\\/\",\"url\":\"https:\\\/\\\/help.jamk.fi\\\/wordpress\\\/fi\\\/sivut\\\/sivujen-lisaasetukset\\\/\",\"name\":\"Sivujen lis\u00e4asetukset - WordPress\",\"isPartOf\":{\"@id\":\"https:\\\/\\\/help.jamk.fi\\\/wordpress\\\/#website\"},\"primaryImageOfPage\":{\"@id\":\"https:\\\/\\\/help.jamk.fi\\\/wordpress\\\/fi\\\/sivut\\\/sivujen-lisaasetukset\\\/#primaryimage\"},\"image\":{\"@id\":\"https:\\\/\\\/help.jamk.fi\\\/wordpress\\\/fi\\\/sivut\\\/sivujen-lisaasetukset\\\/#primaryimage\"},\"thumbnailUrl\":\"https:\\\/\\\/help.jamk.fi\\\/wordpress\\\/wp-content\\\/uploads\\\/sites\\\/99\\\/2025\\\/04\\\/parent_order.png\",\"datePublished\":\"2024-06-17T07:32:07+00:00\",\"dateModified\":\"2025-04-17T09:29:06+00:00\",\"breadcrumb\":{\"@id\":\"https:\\\/\\\/help.jamk.fi\\\/wordpress\\\/fi\\\/sivut\\\/sivujen-lisaasetukset\\\/#breadcrumb\"},\"inLanguage\":\"fi\",\"potentialAction\":[{\"@type\":\"ReadAction\",\"target\":[\"https:\\\/\\\/help.jamk.fi\\\/wordpress\\\/fi\\\/sivut\\\/sivujen-lisaasetukset\\\/\"]}]},{\"@type\":\"ImageObject\",\"inLanguage\":\"fi\",\"@id\":\"https:\\\/\\\/help.jamk.fi\\\/wordpress\\\/fi\\\/sivut\\\/sivujen-lisaasetukset\\\/#primaryimage\",\"url\":\"https:\\\/\\\/help.jamk.fi\\\/wordpress\\\/wp-content\\\/uploads\\\/sites\\\/99\\\/2025\\\/04\\\/parent_order.png\",\"contentUrl\":\"https:\\\/\\\/help.jamk.fi\\\/wordpress\\\/wp-content\\\/uploads\\\/sites\\\/99\\\/2025\\\/04\\\/parent_order.png\",\"width\":299,\"height\":540},{\"@type\":\"BreadcrumbList\",\"@id\":\"https:\\\/\\\/help.jamk.fi\\\/wordpress\\\/fi\\\/sivut\\\/sivujen-lisaasetukset\\\/#breadcrumb\",\"itemListElement\":[{\"@type\":\"ListItem\",\"position\":1,\"name\":\"Etusivu\",\"item\":\"https:\\\/\\\/help.jamk.fi\\\/wordpress\\\/fi\\\/\"},{\"@type\":\"ListItem\",\"position\":2,\"name\":\"Sivun luominen\",\"item\":\"https:\\\/\\\/help.jamk.fi\\\/wordpress\\\/fi\\\/sivut\\\/\"},{\"@type\":\"ListItem\",\"position\":3,\"name\":\"Sivujen lis\u00e4asetukset\"}]},{\"@type\":\"WebSite\",\"@id\":\"https:\\\/\\\/help.jamk.fi\\\/wordpress\\\/#website\",\"url\":\"https:\\\/\\\/help.jamk.fi\\\/wordpress\\\/\",\"name\":\"WordPress\",\"description\":\"Julkaisuohjeet WordPresseiss\u00e4\",\"potentialAction\":[{\"@type\":\"SearchAction\",\"target\":{\"@type\":\"EntryPoint\",\"urlTemplate\":\"https:\\\/\\\/help.jamk.fi\\\/wordpress\\\/?s={search_term_string}\"},\"query-input\":{\"@type\":\"PropertyValueSpecification\",\"valueRequired\":true,\"valueName\":\"search_term_string\"}}],\"inLanguage\":\"fi\"}]}<\/script>\n<!-- \/ Yoast SEO plugin. -->","yoast_head_json":{"title":"Sivujen lis\u00e4asetukset - WordPress","robots":{"index":"index","follow":"follow","max-snippet":"max-snippet:-1","max-image-preview":"max-image-preview:large","max-video-preview":"max-video-preview:-1"},"canonical":"https:\/\/help.jamk.fi\/wordpress\/fi\/sivut\/sivujen-lisaasetukset\/","og_locale":"fi_FI","og_type":"article","og_title":"Sivujen lis\u00e4asetukset - WordPress","og_description":"Sivukartta ja navigaatio Sivukartta ja yl\u00e4valikko rakentuu automaattisesti sen perusteella, miten sivuille on asetettu p\u00e4\u00e4sivuja ja alasivuja. Yl\u00e4sivun eli Parent -sivun asetat Sivujen lis\u00e4asetukset -kohdasta Parent. Jos luomasi sivu on ylin taso (omana otsikkona navigaatiorivill\u00e4), mit\u00e4\u00e4n valintaa ei tarvitse tehd\u00e4. Sivujen lis\u00e4asetuksien kolmen pisteen -valikon kautta voit muokata sivu j\u00e4rjestyst\u00e4 Order-valinnalla. J\u00e4rjestysluku kuvaa miss\u00e4 rakenteellisessa [&hellip;]","og_url":"https:\/\/help.jamk.fi\/wordpress\/fi\/sivut\/sivujen-lisaasetukset\/","og_site_name":"WordPress","article_modified_time":"2025-04-17T09:29:06+00:00","og_image":[{"width":299,"height":540,"url":"https:\/\/help.jamk.fi\/wordpress\/wp-content\/uploads\/sites\/99\/2025\/04\/parent_order.png","type":"image\/png"}],"twitter_card":"summary_large_image","twitter_misc":{"Arvioitu lukuaika":"3 minuuttia"},"schema":{"@context":"https:\/\/schema.org","@graph":[{"@type":"WebPage","@id":"https:\/\/help.jamk.fi\/wordpress\/fi\/sivut\/sivujen-lisaasetukset\/","url":"https:\/\/help.jamk.fi\/wordpress\/fi\/sivut\/sivujen-lisaasetukset\/","name":"Sivujen lis\u00e4asetukset - WordPress","isPartOf":{"@id":"https:\/\/help.jamk.fi\/wordpress\/#website"},"primaryImageOfPage":{"@id":"https:\/\/help.jamk.fi\/wordpress\/fi\/sivut\/sivujen-lisaasetukset\/#primaryimage"},"image":{"@id":"https:\/\/help.jamk.fi\/wordpress\/fi\/sivut\/sivujen-lisaasetukset\/#primaryimage"},"thumbnailUrl":"https:\/\/help.jamk.fi\/wordpress\/wp-content\/uploads\/sites\/99\/2025\/04\/parent_order.png","datePublished":"2024-06-17T07:32:07+00:00","dateModified":"2025-04-17T09:29:06+00:00","breadcrumb":{"@id":"https:\/\/help.jamk.fi\/wordpress\/fi\/sivut\/sivujen-lisaasetukset\/#breadcrumb"},"inLanguage":"fi","potentialAction":[{"@type":"ReadAction","target":["https:\/\/help.jamk.fi\/wordpress\/fi\/sivut\/sivujen-lisaasetukset\/"]}]},{"@type":"ImageObject","inLanguage":"fi","@id":"https:\/\/help.jamk.fi\/wordpress\/fi\/sivut\/sivujen-lisaasetukset\/#primaryimage","url":"https:\/\/help.jamk.fi\/wordpress\/wp-content\/uploads\/sites\/99\/2025\/04\/parent_order.png","contentUrl":"https:\/\/help.jamk.fi\/wordpress\/wp-content\/uploads\/sites\/99\/2025\/04\/parent_order.png","width":299,"height":540},{"@type":"BreadcrumbList","@id":"https:\/\/help.jamk.fi\/wordpress\/fi\/sivut\/sivujen-lisaasetukset\/#breadcrumb","itemListElement":[{"@type":"ListItem","position":1,"name":"Etusivu","item":"https:\/\/help.jamk.fi\/wordpress\/fi\/"},{"@type":"ListItem","position":2,"name":"Sivun luominen","item":"https:\/\/help.jamk.fi\/wordpress\/fi\/sivut\/"},{"@type":"ListItem","position":3,"name":"Sivujen lis\u00e4asetukset"}]},{"@type":"WebSite","@id":"https:\/\/help.jamk.fi\/wordpress\/#website","url":"https:\/\/help.jamk.fi\/wordpress\/","name":"WordPress","description":"Julkaisuohjeet WordPresseiss\u00e4","potentialAction":[{"@type":"SearchAction","target":{"@type":"EntryPoint","urlTemplate":"https:\/\/help.jamk.fi\/wordpress\/?s={search_term_string}"},"query-input":{"@type":"PropertyValueSpecification","valueRequired":true,"valueName":"search_term_string"}}],"inLanguage":"fi"}]}},"_links":{"self":[{"href":"https:\/\/help.jamk.fi\/wordpress\/wp-json\/wp\/v2\/pages\/1425","targetHints":{"allow":["GET"]}}],"collection":[{"href":"https:\/\/help.jamk.fi\/wordpress\/wp-json\/wp\/v2\/pages"}],"about":[{"href":"https:\/\/help.jamk.fi\/wordpress\/wp-json\/wp\/v2\/types\/page"}],"author":[{"embeddable":true,"href":"https:\/\/help.jamk.fi\/wordpress\/wp-json\/wp\/v2\/users\/66"}],"replies":[{"embeddable":true,"href":"https:\/\/help.jamk.fi\/wordpress\/wp-json\/wp\/v2\/comments?post=1425"}],"version-history":[{"count":7,"href":"https:\/\/help.jamk.fi\/wordpress\/wp-json\/wp\/v2\/pages\/1425\/revisions"}],"predecessor-version":[{"id":1554,"href":"https:\/\/help.jamk.fi\/wordpress\/wp-json\/wp\/v2\/pages\/1425\/revisions\/1554"}],"up":[{"embeddable":true,"href":"https:\/\/help.jamk.fi\/wordpress\/wp-json\/wp\/v2\/pages\/984"}],"wp:attachment":[{"href":"https:\/\/help.jamk.fi\/wordpress\/wp-json\/wp\/v2\/media?parent=1425"}],"wp:term":[{"taxonomy":"category","embeddable":true,"href":"https:\/\/help.jamk.fi\/wordpress\/wp-json\/wp\/v2\/categories?post=1425"},{"taxonomy":"post_tag","embeddable":true,"href":"https:\/\/help.jamk.fi\/wordpress\/wp-json\/wp\/v2\/tags?post=1425"}],"curies":[{"name":"wp","href":"https:\/\/api.w.org\/{rel}","templated":true}]}}