{"id":1505,"date":"2024-06-19T15:04:54","date_gmt":"2024-06-19T12:04:54","guid":{"rendered":"https:\/\/help.jamk.fi\/wordpress\/?page_id=1505"},"modified":"2025-04-17T12:36:37","modified_gmt":"2025-04-17T09:36:37","slug":"advanced-page-settings","status":"publish","type":"page","link":"https:\/\/help.jamk.fi\/wordpress\/en\/pages\/advanced-page-settings\/","title":{"rendered":"Advanced page settings"},"content":{"rendered":"\n<h2 class=\"wp-block-heading\">Sitemap and navigation<\/h2>\n\n\n\n<p>The site map and top menu are automatically built based on how main pages and subpages are set for the pages. You can set the Parent page from the Pages additional settings section.  If the page you created is the top level (as its own title in the navigation bar), no selection is needed. Through the three-dot menu in the Pages additional settings, you can edit the page order with the Order option. The order number indicates the structural order of the pages. The larger the number, the lower the page is located in the navigation menu, and vice versa. If the order does not matter, you can use the same number for all, such as zero<\/p>\n\n\n\n<figure class=\"wp-block-image size-full\"><img loading=\"lazy\" decoding=\"async\" width=\"299\" height=\"540\" src=\"https:\/\/help.jamk.fi\/wordpress\/wp-content\/uploads\/sites\/99\/2025\/04\/parent_order.png\" alt=\"Page additional settings can be found from the right panel. If necessary, you can set a parent page form Parent-option. Page order can be set from Order-option, which is on thre-dot menu\" class=\"wp-image-1553\" srcset=\"https:\/\/help.jamk.fi\/wordpress\/wp-content\/uploads\/sites\/99\/2025\/04\/parent_order.png 299w, https:\/\/help.jamk.fi\/wordpress\/wp-content\/uploads\/sites\/99\/2025\/04\/parent_order-166x300.png 166w\" sizes=\"auto, (max-width: 299px) 100vw, 299px\" \/><figcaption class=\"wp-element-caption\">You can change page order and site map from right-side settings panel<\/figcaption><\/figure>\n\n\n\n<p><strong>Note!<\/strong>&nbsp;If a specific page should<strong>&nbsp;not&nbsp;<\/strong>appear in the navigation, this must be selected from the site settings. The setting can be found in the editing view, Page -&gt; N\u00e4ytet\u00e4\u00e4nk\u00f6 sivu navigaatiossa (Show page in navigation).<\/p>\n\n\n\n<p>Ei lis\u00e4t\u00e4 sivua valikkoon = Page is&nbsp;<strong>not<\/strong>&nbsp;added to navigation<\/p>\n\n\n\n<figure class=\"wp-block-image size-full\"><img loading=\"lazy\" decoding=\"async\" width=\"279\" height=\"239\" src=\"https:\/\/help.jamk.fi\/wordpress\/wp-content\/uploads\/sites\/99\/2023\/12\/WP-page-shown-in-navigation-1.png\" alt=\"\" class=\"wp-image-1152\"\/><figcaption class=\"wp-element-caption\">Removing the site form navigation by selecting &#8221;Ei lis\u00e4t\u00e4 sivua valikkoon&#8221;<\/figcaption><\/figure>\n\n\n\n<h2 class=\"wp-block-heading\">Translations<\/h2>\n\n\n\n<p>In Help-website, content is presented in both Finnish and English. To link to a language version of the page, please refer to the \u2018Languages\u2019 section located in the right-hand column. To add an existing translation, input the name of the page and select it from the search results. To add a new translation, click on the \u2018plus\u2019 icon that appears after the language flag. Please note that WordPress does not generate translations automatically; they must be manually created in full.<\/p>\n\n\n\n<figure class=\"wp-block-image size-full\"><img loading=\"lazy\" decoding=\"async\" width=\"277\" height=\"287\" src=\"https:\/\/help.jamk.fi\/wordpress\/wp-content\/uploads\/sites\/99\/2024\/06\/translations.png\" alt=\"\" class=\"wp-image-1506\"\/><figcaption class=\"wp-element-caption\">Translations settings<\/figcaption><\/figure>\n\n\n\n<h2 class=\"wp-block-heading\">Right side column lifts<\/h2>\n\n\n\n<p>At the end of the edit view, at the bottom of the page, you will also find edit fields for the right side column lifts (Taustav\u00e4rilliset nostot). You can add your own lifts under a <em>Service request lift.<\/em> You can modify the lift as you like, it can include fields like title, ingress and link.<\/p>\n","protected":false},"excerpt":{"rendered":"<p>Sitemap and navigation The site map and top menu are automatically built based on how main pages and subpages are set for the pages. You can set the Parent page from the Pages additional settings section. If the page you created is the top level (as its own title in the navigation bar), no selection [&hellip;]<\/p>\n","protected":false},"author":66,"featured_media":0,"parent":1046,"menu_order":4,"comment_status":"closed","ping_status":"closed","template":"","meta":{"_acf_changed":false,"_relevanssi_hide_post":"","_relevanssi_hide_content":"","_relevanssi_pin_for_all":"","_relevanssi_pin_keywords":"","_relevanssi_unpin_keywords":"","_relevanssi_related_keywords":"","_relevanssi_related_include_ids":"","_relevanssi_related_exclude_ids":"","_relevanssi_related_no_append":"","_relevanssi_related_not_related":"","_relevanssi_related_posts":"","_relevanssi_noindex_reason":"","footnotes":""},"categories":[],"tags":[],"class_list":["post-1505","page","type-page","status-publish","hentry"],"acf":[],"yoast_head":"<!-- This site is optimized with the Yoast SEO plugin v27.3 - https:\/\/yoast.com\/product\/yoast-seo-wordpress\/ -->\n<title>Advanced page settings - WordPress<\/title>\n<meta name=\"robots\" content=\"index, follow, max-snippet:-1, max-image-preview:large, max-video-preview:-1\" \/>\n<link rel=\"canonical\" href=\"https:\/\/help.jamk.fi\/wordpress\/en\/pages\/advanced-page-settings\/\" \/>\n<meta property=\"og:locale\" content=\"fi_FI\" \/>\n<meta property=\"og:type\" content=\"article\" \/>\n<meta property=\"og:title\" content=\"Advanced page settings - WordPress\" \/>\n<meta property=\"og:description\" content=\"Sitemap and navigation The site map and top menu are automatically built based on how main pages and subpages are set for the pages. You can set the Parent page from the Pages additional settings section. If the page you created is the top level (as its own title in the navigation bar), no selection [&hellip;]\" \/>\n<meta property=\"og:url\" content=\"https:\/\/help.jamk.fi\/wordpress\/en\/pages\/advanced-page-settings\/\" \/>\n<meta property=\"og:site_name\" content=\"WordPress\" \/>\n<meta property=\"article:modified_time\" content=\"2025-04-17T09:36:37+00:00\" \/>\n<meta property=\"og:image\" content=\"https:\/\/help.jamk.fi\/wordpress\/wp-content\/uploads\/sites\/99\/2025\/04\/parent_order.png\" \/>\n\t<meta property=\"og:image:width\" content=\"299\" \/>\n\t<meta property=\"og:image:height\" content=\"540\" \/>\n\t<meta property=\"og:image:type\" content=\"image\/png\" \/>\n<meta name=\"twitter:card\" content=\"summary_large_image\" \/>\n<meta name=\"twitter:label1\" content=\"Arvioitu lukuaika\" \/>\n\t<meta name=\"twitter:data1\" content=\"3 minuuttia\" \/>\n<script type=\"application\/ld+json\" class=\"yoast-schema-graph\">{\"@context\":\"https:\\\/\\\/schema.org\",\"@graph\":[{\"@type\":\"WebPage\",\"@id\":\"https:\\\/\\\/help.jamk.fi\\\/wordpress\\\/en\\\/pages\\\/advanced-page-settings\\\/\",\"url\":\"https:\\\/\\\/help.jamk.fi\\\/wordpress\\\/en\\\/pages\\\/advanced-page-settings\\\/\",\"name\":\"Advanced page settings - WordPress\",\"isPartOf\":{\"@id\":\"https:\\\/\\\/help.jamk.fi\\\/wordpress\\\/#website\"},\"primaryImageOfPage\":{\"@id\":\"https:\\\/\\\/help.jamk.fi\\\/wordpress\\\/en\\\/pages\\\/advanced-page-settings\\\/#primaryimage\"},\"image\":{\"@id\":\"https:\\\/\\\/help.jamk.fi\\\/wordpress\\\/en\\\/pages\\\/advanced-page-settings\\\/#primaryimage\"},\"thumbnailUrl\":\"https:\\\/\\\/help.jamk.fi\\\/wordpress\\\/wp-content\\\/uploads\\\/sites\\\/99\\\/2025\\\/04\\\/parent_order.png\",\"datePublished\":\"2024-06-19T12:04:54+00:00\",\"dateModified\":\"2025-04-17T09:36:37+00:00\",\"breadcrumb\":{\"@id\":\"https:\\\/\\\/help.jamk.fi\\\/wordpress\\\/en\\\/pages\\\/advanced-page-settings\\\/#breadcrumb\"},\"inLanguage\":\"fi\",\"potentialAction\":[{\"@type\":\"ReadAction\",\"target\":[\"https:\\\/\\\/help.jamk.fi\\\/wordpress\\\/en\\\/pages\\\/advanced-page-settings\\\/\"]}]},{\"@type\":\"ImageObject\",\"inLanguage\":\"fi\",\"@id\":\"https:\\\/\\\/help.jamk.fi\\\/wordpress\\\/en\\\/pages\\\/advanced-page-settings\\\/#primaryimage\",\"url\":\"https:\\\/\\\/help.jamk.fi\\\/wordpress\\\/wp-content\\\/uploads\\\/sites\\\/99\\\/2025\\\/04\\\/parent_order.png\",\"contentUrl\":\"https:\\\/\\\/help.jamk.fi\\\/wordpress\\\/wp-content\\\/uploads\\\/sites\\\/99\\\/2025\\\/04\\\/parent_order.png\",\"width\":299,\"height\":540},{\"@type\":\"BreadcrumbList\",\"@id\":\"https:\\\/\\\/help.jamk.fi\\\/wordpress\\\/en\\\/pages\\\/advanced-page-settings\\\/#breadcrumb\",\"itemListElement\":[{\"@type\":\"ListItem\",\"position\":1,\"name\":\"Etusivu\",\"item\":\"https:\\\/\\\/help.jamk.fi\\\/wordpress\\\/fi\\\/\"},{\"@type\":\"ListItem\",\"position\":2,\"name\":\"Creating a new page\",\"item\":\"https:\\\/\\\/help.jamk.fi\\\/wordpress\\\/en\\\/pages\\\/\"},{\"@type\":\"ListItem\",\"position\":3,\"name\":\"Advanced page settings\"}]},{\"@type\":\"WebSite\",\"@id\":\"https:\\\/\\\/help.jamk.fi\\\/wordpress\\\/#website\",\"url\":\"https:\\\/\\\/help.jamk.fi\\\/wordpress\\\/\",\"name\":\"WordPress\",\"description\":\"Julkaisuohjeet WordPresseiss\u00e4\",\"potentialAction\":[{\"@type\":\"SearchAction\",\"target\":{\"@type\":\"EntryPoint\",\"urlTemplate\":\"https:\\\/\\\/help.jamk.fi\\\/wordpress\\\/?s={search_term_string}\"},\"query-input\":{\"@type\":\"PropertyValueSpecification\",\"valueRequired\":true,\"valueName\":\"search_term_string\"}}],\"inLanguage\":\"fi\"}]}<\/script>\n<!-- \/ Yoast SEO plugin. -->","yoast_head_json":{"title":"Advanced page settings - WordPress","robots":{"index":"index","follow":"follow","max-snippet":"max-snippet:-1","max-image-preview":"max-image-preview:large","max-video-preview":"max-video-preview:-1"},"canonical":"https:\/\/help.jamk.fi\/wordpress\/en\/pages\/advanced-page-settings\/","og_locale":"fi_FI","og_type":"article","og_title":"Advanced page settings - WordPress","og_description":"Sitemap and navigation The site map and top menu are automatically built based on how main pages and subpages are set for the pages. You can set the Parent page from the Pages additional settings section. If the page you created is the top level (as its own title in the navigation bar), no selection [&hellip;]","og_url":"https:\/\/help.jamk.fi\/wordpress\/en\/pages\/advanced-page-settings\/","og_site_name":"WordPress","article_modified_time":"2025-04-17T09:36:37+00:00","og_image":[{"width":299,"height":540,"url":"https:\/\/help.jamk.fi\/wordpress\/wp-content\/uploads\/sites\/99\/2025\/04\/parent_order.png","type":"image\/png"}],"twitter_card":"summary_large_image","twitter_misc":{"Arvioitu lukuaika":"3 minuuttia"},"schema":{"@context":"https:\/\/schema.org","@graph":[{"@type":"WebPage","@id":"https:\/\/help.jamk.fi\/wordpress\/en\/pages\/advanced-page-settings\/","url":"https:\/\/help.jamk.fi\/wordpress\/en\/pages\/advanced-page-settings\/","name":"Advanced page settings - WordPress","isPartOf":{"@id":"https:\/\/help.jamk.fi\/wordpress\/#website"},"primaryImageOfPage":{"@id":"https:\/\/help.jamk.fi\/wordpress\/en\/pages\/advanced-page-settings\/#primaryimage"},"image":{"@id":"https:\/\/help.jamk.fi\/wordpress\/en\/pages\/advanced-page-settings\/#primaryimage"},"thumbnailUrl":"https:\/\/help.jamk.fi\/wordpress\/wp-content\/uploads\/sites\/99\/2025\/04\/parent_order.png","datePublished":"2024-06-19T12:04:54+00:00","dateModified":"2025-04-17T09:36:37+00:00","breadcrumb":{"@id":"https:\/\/help.jamk.fi\/wordpress\/en\/pages\/advanced-page-settings\/#breadcrumb"},"inLanguage":"fi","potentialAction":[{"@type":"ReadAction","target":["https:\/\/help.jamk.fi\/wordpress\/en\/pages\/advanced-page-settings\/"]}]},{"@type":"ImageObject","inLanguage":"fi","@id":"https:\/\/help.jamk.fi\/wordpress\/en\/pages\/advanced-page-settings\/#primaryimage","url":"https:\/\/help.jamk.fi\/wordpress\/wp-content\/uploads\/sites\/99\/2025\/04\/parent_order.png","contentUrl":"https:\/\/help.jamk.fi\/wordpress\/wp-content\/uploads\/sites\/99\/2025\/04\/parent_order.png","width":299,"height":540},{"@type":"BreadcrumbList","@id":"https:\/\/help.jamk.fi\/wordpress\/en\/pages\/advanced-page-settings\/#breadcrumb","itemListElement":[{"@type":"ListItem","position":1,"name":"Etusivu","item":"https:\/\/help.jamk.fi\/wordpress\/fi\/"},{"@type":"ListItem","position":2,"name":"Creating a new page","item":"https:\/\/help.jamk.fi\/wordpress\/en\/pages\/"},{"@type":"ListItem","position":3,"name":"Advanced page settings"}]},{"@type":"WebSite","@id":"https:\/\/help.jamk.fi\/wordpress\/#website","url":"https:\/\/help.jamk.fi\/wordpress\/","name":"WordPress","description":"Julkaisuohjeet WordPresseiss\u00e4","potentialAction":[{"@type":"SearchAction","target":{"@type":"EntryPoint","urlTemplate":"https:\/\/help.jamk.fi\/wordpress\/?s={search_term_string}"},"query-input":{"@type":"PropertyValueSpecification","valueRequired":true,"valueName":"search_term_string"}}],"inLanguage":"fi"}]}},"_links":{"self":[{"href":"https:\/\/help.jamk.fi\/wordpress\/wp-json\/wp\/v2\/pages\/1505","targetHints":{"allow":["GET"]}}],"collection":[{"href":"https:\/\/help.jamk.fi\/wordpress\/wp-json\/wp\/v2\/pages"}],"about":[{"href":"https:\/\/help.jamk.fi\/wordpress\/wp-json\/wp\/v2\/types\/page"}],"author":[{"embeddable":true,"href":"https:\/\/help.jamk.fi\/wordpress\/wp-json\/wp\/v2\/users\/66"}],"replies":[{"embeddable":true,"href":"https:\/\/help.jamk.fi\/wordpress\/wp-json\/wp\/v2\/comments?post=1505"}],"version-history":[{"count":4,"href":"https:\/\/help.jamk.fi\/wordpress\/wp-json\/wp\/v2\/pages\/1505\/revisions"}],"predecessor-version":[{"id":1558,"href":"https:\/\/help.jamk.fi\/wordpress\/wp-json\/wp\/v2\/pages\/1505\/revisions\/1558"}],"up":[{"embeddable":true,"href":"https:\/\/help.jamk.fi\/wordpress\/wp-json\/wp\/v2\/pages\/1046"}],"wp:attachment":[{"href":"https:\/\/help.jamk.fi\/wordpress\/wp-json\/wp\/v2\/media?parent=1505"}],"wp:term":[{"taxonomy":"category","embeddable":true,"href":"https:\/\/help.jamk.fi\/wordpress\/wp-json\/wp\/v2\/categories?post=1505"},{"taxonomy":"post_tag","embeddable":true,"href":"https:\/\/help.jamk.fi\/wordpress\/wp-json\/wp\/v2\/tags?post=1505"}],"curies":[{"name":"wp","href":"https:\/\/api.w.org\/{rel}","templated":true}]}}