{"id":929,"date":"2023-12-15T09:23:13","date_gmt":"2023-12-15T07:23:13","guid":{"rendered":"https:\/\/help.jamk.fi\/wordpress\/?page_id=929"},"modified":"2026-03-20T08:44:07","modified_gmt":"2026-03-20T06:44:07","slug":"wordpressin-ohjeet","status":"publish","type":"page","link":"https:\/\/help.jamk.fi\/wordpress\/fi\/","title":{"rendered":"WordPressin ohjeet"},"content":{"rendered":"\n<div id=\"text-column-block_2f818edea1f6f4b39d691941c5d55a65\" class=\"text-column block-text-column\">\n  <div class=\"block-text-column__wrapper\">\n                  <div class=\"row block-text-column__column-section\">\n          <div class=\"col-12 col-md-5 block-text-column__column-section--column\">\n            <div class=\"block-text-column__column-section--title-wrap\">\n                              <h2 class=\"\">Sis\u00e4ll\u00f6ntuottajien ohjeet<\/h2>\n                          <\/div>\n          <\/div>\n          <div class=\"col-12 col-md-7 block-text-column__column-section--column\">\n                          <div class=\"block-text-column__column-section--text_area\">\n                <p>WordPress ohjesivusto on tarkoitettu Help- ja Avoimet Oppimateriaalit -sivustojen sis\u00e4ll\u00f6ntuottajille. Ohjeissa k\u00e4yd\u00e4\u00e4n l\u00e4pi aivan WordPressin alkeita sek\u00e4 hieman syv\u00e4llisemmin sivujen asetuksia ja sivustojen yll\u00e4pitoa.<\/p>\n<p>L\u00e4hde liikkeelle tutustumalla alla oleviin aiheisiin.<\/p>\n<p>Jos sinulla on kysytt\u00e4v\u00e4\u00e4 tai tarvitset tukea sis\u00e4ll\u00f6ntuotantoon, apua Helpin sis\u00e4ll\u00f6lliselt\u00e4 p\u00e4\u00e4k\u00e4ytt\u00e4j\u00e4lt\u00e4: <strong>Maria Ylitalo<\/strong><\/p>\n              <\/div>\n                      <\/div>\n        <\/div>\n            <\/div>\n<\/div>\n\n<div id=\"icon-lift-block_599c144e385d3ebd362ae4123fbe6a28\" class=\"block-icon-lift block-icon-lift\">\n  <div class=\"row\">\n                  <div class=\"col-12 col-md-6 col-lg-3\">\n          <div class=\"block-icon-lift__item\">\n            <div class=\"block-icon-lift__image-wrapper\">\n                              <img decoding=\"async\" src=\"https:\/\/help.jamk.fi\/wordpress\/wp-content\/uploads\/sites\/99\/2024\/05\/Screenshot-2023-05-23-at-14.18.32.png\" alt=\"\">\n                          <\/div>\n            <h4 class=\"block-icon-lift__heading\">Tutustu WordPressiin<\/h4>\n            <p class=\"block-icon-lift__text\">WordPressin hallintaan kirjautuminen ja ohjausn\u00e4kym\u00e4n esittely<\/p>\n                          <a class=\"block-icon-lift__link small-text-button-icon\" target=\"\" href=\"https:\/\/help.jamk.fi\/wordpress\/fi\/wordpress-ohjausnakyma\/\">WordPressin ohjausn\u00e4kym\u00e4<i  ><svg aria-hidden=\"true\" viewBox=\"0 0 4 7\" fill=\"none\" xmlns=\"http:\/\/www.w3.org\/2000\/svg\"><path d=\"M1.696 7H0l2.208-3.312L0 .376h1.696l2.208 3.312L1.696 7z\" fill=\"#0D004C\"\/><\/svg><\/i><\/a>\n                      <\/div>\n        <\/div>\n              <div class=\"col-12 col-md-6 col-lg-3\">\n          <div class=\"block-icon-lift__item\">\n            <div class=\"block-icon-lift__image-wrapper\">\n                              <img decoding=\"async\" src=\"https:\/\/help.jamk.fi\/wordpress\/wp-content\/uploads\/sites\/99\/2024\/05\/Screenshot-2023-05-23-at-14.18.34.png\" alt=\"\">\n                          <\/div>\n            <h4 class=\"block-icon-lift__heading\">Alkeet haltuun<\/h4>\n            <p class=\"block-icon-lift__text\">Uuden sivun luominen ja olemassa olevan p\u00e4ivitt\u00e4minen<\/p>\n                          <a class=\"block-icon-lift__link small-text-button-icon\" target=\"\" href=\"https:\/\/help.jamk.fi\/wordpress\/fi\/sivut\/\">Sivun luominen<i  ><svg aria-hidden=\"true\" viewBox=\"0 0 4 7\" fill=\"none\" xmlns=\"http:\/\/www.w3.org\/2000\/svg\"><path d=\"M1.696 7H0l2.208-3.312L0 .376h1.696l2.208 3.312L1.696 7z\" fill=\"#0D004C\"\/><\/svg><\/i><\/a>\n                      <\/div>\n        <\/div>\n              <div class=\"col-12 col-md-6 col-lg-3\">\n          <div class=\"block-icon-lift__item\">\n            <div class=\"block-icon-lift__image-wrapper\">\n                              <img decoding=\"async\" src=\"https:\/\/help.jamk.fi\/wordpress\/wp-content\/uploads\/sites\/99\/2024\/05\/Screenshot-2023-05-23-at-14.18.32.png\" alt=\"\">\n                          <\/div>\n            <h4 class=\"block-icon-lift__heading\">Sivustojen hallinta<\/h4>\n            <p class=\"block-icon-lift__text\">Ohjeita yll\u00e4pit\u00e4jille sivustojen hallintaan ja asetuksiin<\/p>\n                          <a class=\"block-icon-lift__link small-text-button-icon\" target=\"\" href=\"https:\/\/help.jamk.fi\/wordpress\/fi\/blogin-poistaminen\/\">Sivuston poistaminen<i  ><svg aria-hidden=\"true\" viewBox=\"0 0 4 7\" fill=\"none\" xmlns=\"http:\/\/www.w3.org\/2000\/svg\"><path d=\"M1.696 7H0l2.208-3.312L0 .376h1.696l2.208 3.312L1.696 7z\" fill=\"#0D004C\"\/><\/svg><\/i><\/a>\n                      <\/div>\n        <\/div>\n              <div class=\"col-12 col-md-6 col-lg-3\">\n          <div class=\"block-icon-lift__item\">\n            <div class=\"block-icon-lift__image-wrapper\">\n                              <img decoding=\"async\" src=\"https:\/\/help.jamk.fi\/wordpress\/wp-content\/uploads\/sites\/99\/2024\/05\/Screenshot-2023-05-23-at-14.18.34.png\" alt=\"\">\n                          <\/div>\n            <h4 class=\"block-icon-lift__heading\">Saavutettavuus<\/h4>\n            <p class=\"block-icon-lift__text\">Vinkkej\u00e4 saavutettavaan sis\u00e4ll\u00f6n luomiseen<\/p>\n                          <a class=\"block-icon-lift__link small-text-button-icon\" target=\"\" href=\"https:\/\/help.jamk.fi\/wordpress\/fi\/saavutettava-sisallontuotanto\/\">Saavutettava sis\u00e4ll\u00f6ntuotanto<i  ><svg aria-hidden=\"true\" viewBox=\"0 0 4 7\" fill=\"none\" xmlns=\"http:\/\/www.w3.org\/2000\/svg\"><path d=\"M1.696 7H0l2.208-3.312L0 .376h1.696l2.208 3.312L1.696 7z\" fill=\"#0D004C\"\/><\/svg><\/i><\/a>\n                      <\/div>\n        <\/div>\n            <\/div>\n<\/div>","protected":false},"excerpt":{"rendered":"","protected":false},"author":66,"featured_media":0,"parent":0,"menu_order":0,"comment_status":"closed","ping_status":"closed","template":"templates\/template-full-width.php","meta":{"_acf_changed":false,"_relevanssi_hide_post":"","_relevanssi_hide_content":"","_relevanssi_pin_for_all":"","_relevanssi_pin_keywords":"","_relevanssi_unpin_keywords":"","_relevanssi_related_keywords":"","_relevanssi_related_include_ids":"","_relevanssi_related_exclude_ids":"","_relevanssi_related_no_append":"","_relevanssi_related_not_related":"","_relevanssi_related_posts":"131,134","_relevanssi_noindex_reason":"","footnotes":""},"categories":[],"tags":[],"class_list":["post-929","page","type-page","status-publish","hentry"],"acf":[],"yoast_head":"<!-- This site is optimized with the Yoast SEO plugin v27.4 - https:\/\/yoast.com\/product\/yoast-seo-wordpress\/ -->\n<title>WordPressin ohjeet - WordPress<\/title>\n<meta name=\"robots\" content=\"index, follow, max-snippet:-1, max-image-preview:large, max-video-preview:-1\" \/>\n<link rel=\"canonical\" href=\"https:\/\/help.jamk.fi\/wordpress\/fi\/\" \/>\n<meta property=\"og:locale\" content=\"fi_FI\" \/>\n<meta property=\"og:type\" content=\"article\" \/>\n<meta property=\"og:title\" content=\"WordPressin ohjeet - WordPress\" \/>\n<meta property=\"og:url\" content=\"https:\/\/help.jamk.fi\/wordpress\/fi\/\" \/>\n<meta property=\"og:site_name\" content=\"WordPress\" \/>\n<meta property=\"article:modified_time\" content=\"2026-03-20T06:44:07+00:00\" \/>\n<meta name=\"twitter:card\" content=\"summary_large_image\" \/>\n<script type=\"application\/ld+json\" class=\"yoast-schema-graph\">{\"@context\":\"https:\\\/\\\/schema.org\",\"@graph\":[{\"@type\":\"WebPage\",\"@id\":\"https:\\\/\\\/help.jamk.fi\\\/wordpress\\\/fi\\\/\",\"url\":\"https:\\\/\\\/help.jamk.fi\\\/wordpress\\\/fi\\\/\",\"name\":\"WordPressin ohjeet - WordPress\",\"isPartOf\":{\"@id\":\"https:\\\/\\\/help.jamk.fi\\\/wordpress\\\/#website\"},\"datePublished\":\"2023-12-15T07:23:13+00:00\",\"dateModified\":\"2026-03-20T06:44:07+00:00\",\"breadcrumb\":{\"@id\":\"https:\\\/\\\/help.jamk.fi\\\/wordpress\\\/fi\\\/#breadcrumb\"},\"inLanguage\":\"fi\",\"potentialAction\":[{\"@type\":\"ReadAction\",\"target\":[\"https:\\\/\\\/help.jamk.fi\\\/wordpress\\\/fi\\\/\"]}]},{\"@type\":\"BreadcrumbList\",\"@id\":\"https:\\\/\\\/help.jamk.fi\\\/wordpress\\\/fi\\\/#breadcrumb\",\"itemListElement\":[{\"@type\":\"ListItem\",\"position\":1,\"name\":\"Etusivu\",\"item\":\"https:\\\/\\\/help.jamk.fi\\\/wordpress\\\/fi\\\/\"},{\"@type\":\"ListItem\",\"position\":2,\"name\":\"WordPressin ohjeet\"}]},{\"@type\":\"WebSite\",\"@id\":\"https:\\\/\\\/help.jamk.fi\\\/wordpress\\\/#website\",\"url\":\"https:\\\/\\\/help.jamk.fi\\\/wordpress\\\/\",\"name\":\"WordPress\",\"description\":\"Julkaisuohjeet WordPresseiss\u00e4\",\"potentialAction\":[{\"@type\":\"SearchAction\",\"target\":{\"@type\":\"EntryPoint\",\"urlTemplate\":\"https:\\\/\\\/help.jamk.fi\\\/wordpress\\\/?s={search_term_string}\"},\"query-input\":{\"@type\":\"PropertyValueSpecification\",\"valueRequired\":true,\"valueName\":\"search_term_string\"}}],\"inLanguage\":\"fi\"}]}<\/script>\n<!-- \/ Yoast SEO plugin. -->","yoast_head_json":{"title":"WordPressin ohjeet - WordPress","robots":{"index":"index","follow":"follow","max-snippet":"max-snippet:-1","max-image-preview":"max-image-preview:large","max-video-preview":"max-video-preview:-1"},"canonical":"https:\/\/help.jamk.fi\/wordpress\/fi\/","og_locale":"fi_FI","og_type":"article","og_title":"WordPressin ohjeet - WordPress","og_url":"https:\/\/help.jamk.fi\/wordpress\/fi\/","og_site_name":"WordPress","article_modified_time":"2026-03-20T06:44:07+00:00","twitter_card":"summary_large_image","schema":{"@context":"https:\/\/schema.org","@graph":[{"@type":"WebPage","@id":"https:\/\/help.jamk.fi\/wordpress\/fi\/","url":"https:\/\/help.jamk.fi\/wordpress\/fi\/","name":"WordPressin ohjeet - WordPress","isPartOf":{"@id":"https:\/\/help.jamk.fi\/wordpress\/#website"},"datePublished":"2023-12-15T07:23:13+00:00","dateModified":"2026-03-20T06:44:07+00:00","breadcrumb":{"@id":"https:\/\/help.jamk.fi\/wordpress\/fi\/#breadcrumb"},"inLanguage":"fi","potentialAction":[{"@type":"ReadAction","target":["https:\/\/help.jamk.fi\/wordpress\/fi\/"]}]},{"@type":"BreadcrumbList","@id":"https:\/\/help.jamk.fi\/wordpress\/fi\/#breadcrumb","itemListElement":[{"@type":"ListItem","position":1,"name":"Etusivu","item":"https:\/\/help.jamk.fi\/wordpress\/fi\/"},{"@type":"ListItem","position":2,"name":"WordPressin ohjeet"}]},{"@type":"WebSite","@id":"https:\/\/help.jamk.fi\/wordpress\/#website","url":"https:\/\/help.jamk.fi\/wordpress\/","name":"WordPress","description":"Julkaisuohjeet WordPresseiss\u00e4","potentialAction":[{"@type":"SearchAction","target":{"@type":"EntryPoint","urlTemplate":"https:\/\/help.jamk.fi\/wordpress\/?s={search_term_string}"},"query-input":{"@type":"PropertyValueSpecification","valueRequired":true,"valueName":"search_term_string"}}],"inLanguage":"fi"}]}},"_links":{"self":[{"href":"https:\/\/help.jamk.fi\/wordpress\/wp-json\/wp\/v2\/pages\/929","targetHints":{"allow":["GET"]}}],"collection":[{"href":"https:\/\/help.jamk.fi\/wordpress\/wp-json\/wp\/v2\/pages"}],"about":[{"href":"https:\/\/help.jamk.fi\/wordpress\/wp-json\/wp\/v2\/types\/page"}],"author":[{"embeddable":true,"href":"https:\/\/help.jamk.fi\/wordpress\/wp-json\/wp\/v2\/users\/66"}],"replies":[{"embeddable":true,"href":"https:\/\/help.jamk.fi\/wordpress\/wp-json\/wp\/v2\/comments?post=929"}],"version-history":[{"count":21,"href":"https:\/\/help.jamk.fi\/wordpress\/wp-json\/wp\/v2\/pages\/929\/revisions"}],"predecessor-version":[{"id":1561,"href":"https:\/\/help.jamk.fi\/wordpress\/wp-json\/wp\/v2\/pages\/929\/revisions\/1561"}],"wp:attachment":[{"href":"https:\/\/help.jamk.fi\/wordpress\/wp-json\/wp\/v2\/media?parent=929"}],"wp:term":[{"taxonomy":"category","embeddable":true,"href":"https:\/\/help.jamk.fi\/wordpress\/wp-json\/wp\/v2\/categories?post=929"},{"taxonomy":"post_tag","embeddable":true,"href":"https:\/\/help.jamk.fi\/wordpress\/wp-json\/wp\/v2\/tags?post=929"}],"curies":[{"name":"wp","href":"https:\/\/api.w.org\/{rel}","templated":true}]}}