{"id":974,"date":"2023-12-20T10:14:55","date_gmt":"2023-12-20T08:14:55","guid":{"rendered":"https:\/\/help.jamk.fi\/wordpress\/?page_id=974"},"modified":"2024-05-29T10:21:12","modified_gmt":"2024-05-29T07:21:12","slug":"wordpress-ohjausnakyma","status":"publish","type":"page","link":"https:\/\/help.jamk.fi\/wordpress\/fi\/wordpress-ohjausnakyma\/","title":{"rendered":"WordPressin ohjausn\u00e4kym\u00e4"},"content":{"rendered":"\n<p>Ohjausn\u00e4kym\u00e4st\u00e4 p\u00e4\u00e4set n\u00e4kem\u00e4\u00e4n sivuston sis\u00e4lt\u00f6j\u00e4 ja asetuksia. Ohjausn\u00e4kym\u00e4\u00e4n p\u00e4\u00e4set joko klikkaamalla yl\u00e4reunan ty\u00f6kalupalkin &#8221;Omat sivustoni&#8221; -painiketta ja valitsemalla sivusto, jonka ohjausn\u00e4kym\u00e4\u00e4n haluat. Tai sitten &#8221;Omat sivustoni&#8221; -painikkeen oikealla puolella olevaa sivuston nime\u00e4, jossa t\u00e4ll\u00e4 hetkell\u00e4 olet.<\/p>\n\n\n\n<figure class=\"wp-block-image size-full is-resized\"><img loading=\"lazy\" decoding=\"async\" width=\"763\" height=\"146\" src=\"https:\/\/help.jamk.fi\/wordpress\/wp-content\/uploads\/sites\/99\/2024\/05\/Pikavalikko.png\" alt=\"\" class=\"wp-image-1324\" style=\"width:789px;height:auto\" srcset=\"https:\/\/help.jamk.fi\/wordpress\/wp-content\/uploads\/sites\/99\/2024\/05\/Pikavalikko.png 763w, https:\/\/help.jamk.fi\/wordpress\/wp-content\/uploads\/sites\/99\/2024\/05\/Pikavalikko-300x57.png 300w\" sizes=\"auto, (max-width: 763px) 100vw, 763px\" \/><figcaption class=\"wp-element-caption\">Yl\u00e4reunan ty\u00f6kalupalkki<\/figcaption><\/figure>\n\n\n\n<p>Kirjauduttuasi sis\u00e4\u00e4n n\u00e4kym\u00e4 saattaa olla hieman erilainen eri tunnuksilla (eri oikeuksilla). Mit\u00e4 suppeammat oikeudet, sit\u00e4 v\u00e4hemm\u00e4n valikossa on valittavia ominaisuuksia. <\/p>\n\n\n\n<figure class=\"wp-block-image size-full is-resized\"><img loading=\"lazy\" decoding=\"async\" width=\"940\" height=\"479\" src=\"https:\/\/help.jamk.fi\/wordpress\/wp-content\/uploads\/sites\/99\/2023\/10\/image-1.png\" alt=\"Ohjausn\u00e4kym\u00e4n etusivu\" class=\"wp-image-976\" style=\"aspect-ratio:1.9624217118997913;width:1011px;height:auto\"\/><figcaption class=\"wp-element-caption\">Ohjausn\u00e4kym\u00e4<\/figcaption><\/figure>\n\n\n\n<p>T\u00e4rkeimm\u00e4t ohjausn\u00e4kym\u00e4n oikean reunan valikot ovat:<\/p>\n\n\n\n<ul class=\"wp-block-list\">\n<li>Sivut\n<ul class=\"wp-block-list\">\n<li>T\u00e4\u00e4lt\u00e4 p\u00e4\u00e4set hallitsemaan sivuston kaikkia sivuja<\/li>\n<\/ul>\n<\/li>\n\n\n\n<li>Artikkelit\n<ul class=\"wp-block-list\">\n<li>Ei k\u00e4yt\u00f6ss\u00e4!!<\/li>\n<\/ul>\n<\/li>\n\n\n\n<li>Media\n<ul class=\"wp-block-list\">\n<li>Mediakirjastossa on kaikki kyseisell\u00e4 sivustolla k\u00e4ytetyt kuvat ja muut tiedostot. T\u00e4\u00e4lt\u00e4 p\u00e4\u00e4set muokkaamaan kuvien tietoja, kuten alt-teksti\u00e4 tai lis\u00e4\u00e4m\u00e4\u00e4n uusia tiedostoja. <\/li>\n<\/ul>\n<\/li>\n\n\n\n<li>K\u00e4ytt\u00e4j\u00e4t\n<ul class=\"wp-block-list\">\n<li>Sivuston k\u00e4ytt\u00e4jien yll\u00e4pito ja oikeuksien m\u00e4\u00e4ritt\u00e4minen<\/li>\n<\/ul>\n<\/li>\n\n\n\n<li>Rikkin\u00e4iset linkit\n<ul class=\"wp-block-list\">\n<li>Automaattikka tarkistaa, onko sivustolla k\u00e4yt\u00f6ss\u00e4 toimimattomia linkkej\u00e4. Aiheesta lis\u00e4\u00e4 <a href=\"https:\/\/help.jamk.fi\/wordpress\/fi\/wordpress-ohjausnakyma\/broken-link-checker\/\">Broken Links Checker -lis\u00e4osan ohjeessa<\/a><\/li>\n<\/ul>\n<\/li>\n\n\n\n<li>Sivuston asetukset\n<ul class=\"wp-block-list\">\n<li>T\u00e4\u00e4lt\u00e4 voit vaihtaa sivuston etusivulla n\u00e4kyv\u00e4n sivuston otsikon &#8221;Etusivun heroelementin tekstit&#8221; -lohkosta.<\/li>\n<\/ul>\n<\/li>\n<\/ul>\n\n\n\n<p>Sivun yl\u00e4osassa voit valita kieliversion, jota haluat katsella. T\u00e4ll\u00f6in kaikki ohjauspaneelin valikot antavat vain kyseisen kielen sis\u00e4ll\u00f6t. Huomaa olla tarkkana, ettet lis\u00e4\u00e4 tai muokkaa v\u00e4\u00e4r\u00e4ss\u00e4 kieliversiossa olevaa sis\u00e4lt\u00f6\u00e4 (suomenkielisess\u00e4 sivussa vain suomenkielist\u00e4 sis\u00e4lt\u00f6\u00e4).<\/p>\n\n\n\n<figure class=\"wp-block-image size-full\"><img loading=\"lazy\" decoding=\"async\" width=\"940\" height=\"148\" src=\"https:\/\/help.jamk.fi\/wordpress\/wp-content\/uploads\/sites\/99\/2023\/10\/image-3.png\" alt=\"ohjausn\u00e4kym\u00e4 yl\u00e4palkki kielivalinta\" class=\"wp-image-978\"\/><figcaption class=\"wp-element-caption\">Ohjausn\u00e4kym\u00e4n kieliversio vaikuttaa saatavilla oleviin sivuihin ja asetuksiin<\/figcaption><\/figure>\n\n\n\n<p>Profiilin asetuksista voi k\u00e4yd\u00e4 muuttamassa hallinnan kielen. Se on oletuksena &#8221;Site default&#8221;, jolloin k\u00e4ytet\u00e4\u00e4n sivuston kielt\u00e4.<\/p>\n\n\n\n<figure class=\"wp-block-image size-full\"><img loading=\"lazy\" decoding=\"async\" width=\"940\" height=\"191\" src=\"https:\/\/help.jamk.fi\/wordpress\/wp-content\/uploads\/sites\/99\/2023\/10\/image-4.png\" alt=\"k\u00e4ytt\u00e4j\u00e4t profiilin asetukset kielivalinta\" class=\"wp-image-979\"\/><figcaption class=\"wp-element-caption\">WordPress-hallinnan kielivalinta<\/figcaption><\/figure>\n","protected":false},"excerpt":{"rendered":"<p>Ohjausn\u00e4kym\u00e4st\u00e4 p\u00e4\u00e4set n\u00e4kem\u00e4\u00e4n sivuston sis\u00e4lt\u00f6j\u00e4 ja asetuksia. Ohjausn\u00e4kym\u00e4\u00e4n p\u00e4\u00e4set joko klikkaamalla yl\u00e4reunan ty\u00f6kalupalkin &#8221;Omat sivustoni&#8221; -painiketta ja valitsemalla sivusto, jonka ohjausn\u00e4kym\u00e4\u00e4n haluat. Tai sitten &#8221;Omat sivustoni&#8221; -painikkeen oikealla puolella olevaa sivuston nime\u00e4, jossa t\u00e4ll\u00e4 hetkell\u00e4 olet. Kirjauduttuasi sis\u00e4\u00e4n n\u00e4kym\u00e4 saattaa olla hieman erilainen eri tunnuksilla (eri oikeuksilla). Mit\u00e4 suppeammat oikeudet, sit\u00e4 v\u00e4hemm\u00e4n valikossa on valittavia [&hellip;]<\/p>\n","protected":false},"author":66,"featured_media":0,"parent":0,"menu_order":0,"comment_status":"closed","ping_status":"closed","template":"","meta":{"_acf_changed":false,"_relevanssi_hide_post":"","_relevanssi_hide_content":"","_relevanssi_pin_for_all":"","_relevanssi_pin_keywords":"","_relevanssi_unpin_keywords":"","_relevanssi_related_keywords":"","_relevanssi_related_include_ids":"","_relevanssi_related_exclude_ids":"","_relevanssi_related_no_append":"","_relevanssi_related_not_related":"","_relevanssi_related_posts":"","_relevanssi_noindex_reason":"","footnotes":""},"categories":[],"tags":[],"class_list":["post-974","page","type-page","status-publish","hentry"],"acf":[],"yoast_head":"<!-- This site is optimized with the Yoast SEO plugin v27.4 - https:\/\/yoast.com\/product\/yoast-seo-wordpress\/ -->\n<title>WordPressin ohjausn\u00e4kym\u00e4 - WordPress<\/title>\n<meta name=\"robots\" content=\"index, follow, max-snippet:-1, max-image-preview:large, max-video-preview:-1\" \/>\n<link rel=\"canonical\" href=\"https:\/\/help.jamk.fi\/wordpress\/fi\/wordpress-ohjausnakyma\/\" \/>\n<meta property=\"og:locale\" content=\"fi_FI\" \/>\n<meta property=\"og:type\" content=\"article\" \/>\n<meta property=\"og:title\" content=\"WordPressin ohjausn\u00e4kym\u00e4 - WordPress\" \/>\n<meta property=\"og:description\" content=\"Ohjausn\u00e4kym\u00e4st\u00e4 p\u00e4\u00e4set n\u00e4kem\u00e4\u00e4n sivuston sis\u00e4lt\u00f6j\u00e4 ja asetuksia. Ohjausn\u00e4kym\u00e4\u00e4n p\u00e4\u00e4set joko klikkaamalla yl\u00e4reunan ty\u00f6kalupalkin &#8221;Omat sivustoni&#8221; -painiketta ja valitsemalla sivusto, jonka ohjausn\u00e4kym\u00e4\u00e4n haluat. Tai sitten &#8221;Omat sivustoni&#8221; -painikkeen oikealla puolella olevaa sivuston nime\u00e4, jossa t\u00e4ll\u00e4 hetkell\u00e4 olet. Kirjauduttuasi sis\u00e4\u00e4n n\u00e4kym\u00e4 saattaa olla hieman erilainen eri tunnuksilla (eri oikeuksilla). Mit\u00e4 suppeammat oikeudet, sit\u00e4 v\u00e4hemm\u00e4n valikossa on valittavia [&hellip;]\" \/>\n<meta property=\"og:url\" content=\"https:\/\/help.jamk.fi\/wordpress\/fi\/wordpress-ohjausnakyma\/\" \/>\n<meta property=\"og:site_name\" content=\"WordPress\" \/>\n<meta property=\"article:modified_time\" content=\"2024-05-29T07:21:12+00:00\" \/>\n<meta property=\"og:image\" content=\"https:\/\/help.jamk.fi\/wordpress\/wp-content\/uploads\/sites\/99\/2024\/05\/Pikavalikko.png\" \/>\n<meta name=\"twitter:card\" content=\"summary_large_image\" \/>\n<meta name=\"twitter:label1\" content=\"Arvioitu lukuaika\" \/>\n\t<meta name=\"twitter:data1\" content=\"2 minuuttia\" \/>\n<script type=\"application\/ld+json\" class=\"yoast-schema-graph\">{\"@context\":\"https:\\\/\\\/schema.org\",\"@graph\":[{\"@type\":\"WebPage\",\"@id\":\"https:\\\/\\\/help.jamk.fi\\\/wordpress\\\/fi\\\/wordpress-ohjausnakyma\\\/\",\"url\":\"https:\\\/\\\/help.jamk.fi\\\/wordpress\\\/fi\\\/wordpress-ohjausnakyma\\\/\",\"name\":\"WordPressin ohjausn\u00e4kym\u00e4 - WordPress\",\"isPartOf\":{\"@id\":\"https:\\\/\\\/help.jamk.fi\\\/wordpress\\\/#website\"},\"primaryImageOfPage\":{\"@id\":\"https:\\\/\\\/help.jamk.fi\\\/wordpress\\\/fi\\\/wordpress-ohjausnakyma\\\/#primaryimage\"},\"image\":{\"@id\":\"https:\\\/\\\/help.jamk.fi\\\/wordpress\\\/fi\\\/wordpress-ohjausnakyma\\\/#primaryimage\"},\"thumbnailUrl\":\"https:\\\/\\\/help.jamk.fi\\\/wordpress\\\/wp-content\\\/uploads\\\/sites\\\/99\\\/2024\\\/05\\\/Pikavalikko.png\",\"datePublished\":\"2023-12-20T08:14:55+00:00\",\"dateModified\":\"2024-05-29T07:21:12+00:00\",\"breadcrumb\":{\"@id\":\"https:\\\/\\\/help.jamk.fi\\\/wordpress\\\/fi\\\/wordpress-ohjausnakyma\\\/#breadcrumb\"},\"inLanguage\":\"fi\",\"potentialAction\":[{\"@type\":\"ReadAction\",\"target\":[\"https:\\\/\\\/help.jamk.fi\\\/wordpress\\\/fi\\\/wordpress-ohjausnakyma\\\/\"]}]},{\"@type\":\"ImageObject\",\"inLanguage\":\"fi\",\"@id\":\"https:\\\/\\\/help.jamk.fi\\\/wordpress\\\/fi\\\/wordpress-ohjausnakyma\\\/#primaryimage\",\"url\":\"https:\\\/\\\/help.jamk.fi\\\/wordpress\\\/wp-content\\\/uploads\\\/sites\\\/99\\\/2024\\\/05\\\/Pikavalikko.png\",\"contentUrl\":\"https:\\\/\\\/help.jamk.fi\\\/wordpress\\\/wp-content\\\/uploads\\\/sites\\\/99\\\/2024\\\/05\\\/Pikavalikko.png\",\"width\":763,\"height\":146},{\"@type\":\"BreadcrumbList\",\"@id\":\"https:\\\/\\\/help.jamk.fi\\\/wordpress\\\/fi\\\/wordpress-ohjausnakyma\\\/#breadcrumb\",\"itemListElement\":[{\"@type\":\"ListItem\",\"position\":1,\"name\":\"Etusivu\",\"item\":\"https:\\\/\\\/help.jamk.fi\\\/wordpress\\\/fi\\\/\"},{\"@type\":\"ListItem\",\"position\":2,\"name\":\"WordPressin ohjausn\u00e4kym\u00e4\"}]},{\"@type\":\"WebSite\",\"@id\":\"https:\\\/\\\/help.jamk.fi\\\/wordpress\\\/#website\",\"url\":\"https:\\\/\\\/help.jamk.fi\\\/wordpress\\\/\",\"name\":\"WordPress\",\"description\":\"Julkaisuohjeet WordPresseiss\u00e4\",\"potentialAction\":[{\"@type\":\"SearchAction\",\"target\":{\"@type\":\"EntryPoint\",\"urlTemplate\":\"https:\\\/\\\/help.jamk.fi\\\/wordpress\\\/?s={search_term_string}\"},\"query-input\":{\"@type\":\"PropertyValueSpecification\",\"valueRequired\":true,\"valueName\":\"search_term_string\"}}],\"inLanguage\":\"fi\"}]}<\/script>\n<!-- \/ Yoast SEO plugin. -->","yoast_head_json":{"title":"WordPressin ohjausn\u00e4kym\u00e4 - WordPress","robots":{"index":"index","follow":"follow","max-snippet":"max-snippet:-1","max-image-preview":"max-image-preview:large","max-video-preview":"max-video-preview:-1"},"canonical":"https:\/\/help.jamk.fi\/wordpress\/fi\/wordpress-ohjausnakyma\/","og_locale":"fi_FI","og_type":"article","og_title":"WordPressin ohjausn\u00e4kym\u00e4 - WordPress","og_description":"Ohjausn\u00e4kym\u00e4st\u00e4 p\u00e4\u00e4set n\u00e4kem\u00e4\u00e4n sivuston sis\u00e4lt\u00f6j\u00e4 ja asetuksia. Ohjausn\u00e4kym\u00e4\u00e4n p\u00e4\u00e4set joko klikkaamalla yl\u00e4reunan ty\u00f6kalupalkin &#8221;Omat sivustoni&#8221; -painiketta ja valitsemalla sivusto, jonka ohjausn\u00e4kym\u00e4\u00e4n haluat. Tai sitten &#8221;Omat sivustoni&#8221; -painikkeen oikealla puolella olevaa sivuston nime\u00e4, jossa t\u00e4ll\u00e4 hetkell\u00e4 olet. Kirjauduttuasi sis\u00e4\u00e4n n\u00e4kym\u00e4 saattaa olla hieman erilainen eri tunnuksilla (eri oikeuksilla). Mit\u00e4 suppeammat oikeudet, sit\u00e4 v\u00e4hemm\u00e4n valikossa on valittavia [&hellip;]","og_url":"https:\/\/help.jamk.fi\/wordpress\/fi\/wordpress-ohjausnakyma\/","og_site_name":"WordPress","article_modified_time":"2024-05-29T07:21:12+00:00","og_image":[{"url":"https:\/\/help.jamk.fi\/wordpress\/wp-content\/uploads\/sites\/99\/2024\/05\/Pikavalikko.png","type":"","width":"","height":""}],"twitter_card":"summary_large_image","twitter_misc":{"Arvioitu lukuaika":"2 minuuttia"},"schema":{"@context":"https:\/\/schema.org","@graph":[{"@type":"WebPage","@id":"https:\/\/help.jamk.fi\/wordpress\/fi\/wordpress-ohjausnakyma\/","url":"https:\/\/help.jamk.fi\/wordpress\/fi\/wordpress-ohjausnakyma\/","name":"WordPressin ohjausn\u00e4kym\u00e4 - WordPress","isPartOf":{"@id":"https:\/\/help.jamk.fi\/wordpress\/#website"},"primaryImageOfPage":{"@id":"https:\/\/help.jamk.fi\/wordpress\/fi\/wordpress-ohjausnakyma\/#primaryimage"},"image":{"@id":"https:\/\/help.jamk.fi\/wordpress\/fi\/wordpress-ohjausnakyma\/#primaryimage"},"thumbnailUrl":"https:\/\/help.jamk.fi\/wordpress\/wp-content\/uploads\/sites\/99\/2024\/05\/Pikavalikko.png","datePublished":"2023-12-20T08:14:55+00:00","dateModified":"2024-05-29T07:21:12+00:00","breadcrumb":{"@id":"https:\/\/help.jamk.fi\/wordpress\/fi\/wordpress-ohjausnakyma\/#breadcrumb"},"inLanguage":"fi","potentialAction":[{"@type":"ReadAction","target":["https:\/\/help.jamk.fi\/wordpress\/fi\/wordpress-ohjausnakyma\/"]}]},{"@type":"ImageObject","inLanguage":"fi","@id":"https:\/\/help.jamk.fi\/wordpress\/fi\/wordpress-ohjausnakyma\/#primaryimage","url":"https:\/\/help.jamk.fi\/wordpress\/wp-content\/uploads\/sites\/99\/2024\/05\/Pikavalikko.png","contentUrl":"https:\/\/help.jamk.fi\/wordpress\/wp-content\/uploads\/sites\/99\/2024\/05\/Pikavalikko.png","width":763,"height":146},{"@type":"BreadcrumbList","@id":"https:\/\/help.jamk.fi\/wordpress\/fi\/wordpress-ohjausnakyma\/#breadcrumb","itemListElement":[{"@type":"ListItem","position":1,"name":"Etusivu","item":"https:\/\/help.jamk.fi\/wordpress\/fi\/"},{"@type":"ListItem","position":2,"name":"WordPressin ohjausn\u00e4kym\u00e4"}]},{"@type":"WebSite","@id":"https:\/\/help.jamk.fi\/wordpress\/#website","url":"https:\/\/help.jamk.fi\/wordpress\/","name":"WordPress","description":"Julkaisuohjeet WordPresseiss\u00e4","potentialAction":[{"@type":"SearchAction","target":{"@type":"EntryPoint","urlTemplate":"https:\/\/help.jamk.fi\/wordpress\/?s={search_term_string}"},"query-input":{"@type":"PropertyValueSpecification","valueRequired":true,"valueName":"search_term_string"}}],"inLanguage":"fi"}]}},"_links":{"self":[{"href":"https:\/\/help.jamk.fi\/wordpress\/wp-json\/wp\/v2\/pages\/974","targetHints":{"allow":["GET"]}}],"collection":[{"href":"https:\/\/help.jamk.fi\/wordpress\/wp-json\/wp\/v2\/pages"}],"about":[{"href":"https:\/\/help.jamk.fi\/wordpress\/wp-json\/wp\/v2\/types\/page"}],"author":[{"embeddable":true,"href":"https:\/\/help.jamk.fi\/wordpress\/wp-json\/wp\/v2\/users\/66"}],"replies":[{"embeddable":true,"href":"https:\/\/help.jamk.fi\/wordpress\/wp-json\/wp\/v2\/comments?post=974"}],"version-history":[{"count":25,"href":"https:\/\/help.jamk.fi\/wordpress\/wp-json\/wp\/v2\/pages\/974\/revisions"}],"predecessor-version":[{"id":1332,"href":"https:\/\/help.jamk.fi\/wordpress\/wp-json\/wp\/v2\/pages\/974\/revisions\/1332"}],"wp:attachment":[{"href":"https:\/\/help.jamk.fi\/wordpress\/wp-json\/wp\/v2\/media?parent=974"}],"wp:term":[{"taxonomy":"category","embeddable":true,"href":"https:\/\/help.jamk.fi\/wordpress\/wp-json\/wp\/v2\/categories?post=974"},{"taxonomy":"post_tag","embeddable":true,"href":"https:\/\/help.jamk.fi\/wordpress\/wp-json\/wp\/v2\/tags?post=974"}],"curies":[{"name":"wp","href":"https:\/\/api.w.org\/{rel}","templated":true}]}}