{"id":984,"date":"2023-10-24T09:59:23","date_gmt":"2023-10-24T06:59:23","guid":{"rendered":"https:\/\/help.jamk.fi\/wordpress\/?page_id=984"},"modified":"2024-06-19T08:35:25","modified_gmt":"2024-06-19T05:35:25","slug":"sivut","status":"publish","type":"page","link":"https:\/\/help.jamk.fi\/wordpress\/fi\/sivut\/","title":{"rendered":"Sivun luominen"},"content":{"rendered":"\n<p>T\u00e4m\u00e4 ohjesivu k\u00e4y l\u00e4pi, kuinka voit luodan uuden sivun, miten luot siihen sis\u00e4lt\u00f6\u00e4, sek\u00e4 miten muokkaat, kopiot tai poistat sivun. <\/p>\n\n\n\n<p>Help-sivuilla k\u00e4ytet\u00e4\u00e4n lohkoja sis\u00e4ll\u00f6n luomiseen ja visuaaliseen esittelyyn. Voit k\u00e4ytt\u00e4\u00e4 yksinkertaisia otsikko- ja kappalelohkoja tai sitten valmiiksi r\u00e4\u00e4t\u00e4l\u00f6ityj\u00e4, visuaalisimpia lohkoja..<\/p>\n\n\n\n<h2 class=\"wp-block-heading\">T\u00e4ss\u00e4 ohjeessa: <\/h2>\n\n\n\n<ul class=\"wp-block-list\">\n<li>Uuden sivun luominen ja sivupohjat<\/li>\n\n\n\n<li>Lohkojen lis\u00e4\u00e4minen<\/li>\n\n\n\n<li>Linkin lis\u00e4\u00e4minen<\/li>\n\n\n\n<li>Artikkelit ja tiedotteet<\/li>\n\n\n\n<li>Sivun tallentaminen luonnokseksi ja julkaiseminen<\/li>\n<\/ul>\n\n\n\n<h3 class=\"wp-block-heading\">Uuden sivun luominen ja sivupohjat<\/h3>\n\n\n\n<p>Lis\u00e4\u00e4 uusi sivu valitsemalla ohjausn\u00e4kym\u00e4n vasemmasta reunasta Sivut -> Lis\u00e4\u00e4 uusi sivu. (Artikkeleita ei k\u00e4ytet\u00e4!) Sis\u00e4lt\u00f6sivu -mallipohja tulee oletusarvoisesti k\u00e4ytt\u00f6\u00f6n, mallipohjaa ei siis tarvitse erikseen valita. Jos olet luomassa sivuston etusivua, voit muuttaa k\u00e4ytett\u00e4v\u00e4\u00e4 sivupohjaa oikean reunan palstasta. Valitse Sivu -v\u00e4lilehdi ja vaihda Sivupohja-osiosta Jamk Fron Page k\u00e4ytt\u00f6\u00f6n. Sivustolla on k\u00e4yt\u00f6ss\u00e4 kaksi sivupohjaa Sis\u00e4lt\u00f6sivu \/ Content Page (kapea sivupohja ja Jamk Front page (t\u00e4ysleve\u00e4 sivupohja). Jamk Front Page -sivupohjaa k\u00e4ytet\u00e4\u00e4n <strong>ainostaan<\/strong> sivustojen etusivuilla.<\/p>\n\n\n<div id=\"info-lift-block_75155e9596075855e3d43590a3bdf1e0\" class=\"block-info-lift block-info-lift\">\n  <div class=\"row\">\n    <div class=\"col-12\">\n              <div class=\"block-info-lift__content\">\n          <div class=\"block-info-lift__content__icon\">\n            <span>!<\/span>\n          <\/div>\n          <p class=\"block-info-lift__content__text\">Sivupohja on oletuksena sis\u00e4lt\u00f6sivu. Jamk Front Page -sivupohjaa k\u00e4ytet\u00e4\u00e4n ainoastaan sivustojen etusivuilla.<\/p>\n        <\/div>\n          <\/div>\n  <\/div>\n<\/div>\n\n\n<figure class=\"wp-block-image size-full is-resized is-style-default\"><img loading=\"lazy\" decoding=\"async\" width=\"443\" height=\"837\" src=\"https:\/\/help.jamk.fi\/wordpress\/wp-content\/uploads\/sites\/99\/2023\/10\/image-5.png\" alt=\"Sivupohjan valinta sivuston asetuksista\" class=\"wp-image-985\" style=\"width:301px;height:auto\"\/><figcaption class=\"wp-element-caption\">Sivupohjan voit muuttaa oikean reunan sivuasetuksista<\/figcaption><\/figure>\n\n\n\n<p>Voit luoda my\u00f6s kopion olemassa olevasta sivusta avaamalla kopioitavan sivu muokkausn\u00e4kym\u00e4\u00e4n ja klikkaamalla yl\u00e4reunassa olevaa <em>Copy to New Draft<\/em> -painiketta. Kun olet kopioinut sivun <strong>nime\u00e4 sivu eri nimell\u00e4<\/strong> ja<strong> tarkista oikeasta palstasta sivun polkutunnus<\/strong> kestolinkki-osiosta.<\/p>\n\n\n\n<h3 class=\"wp-block-heading\"><strong>Lohkojen lis\u00e4\u00e4minen<\/strong><\/h3>\n\n\n\n<p>Lohkojen lis\u00e4\u00e4minen onnistuu \u201dplus\u201d kuvakkeesta joko muokkausn\u00e4kym\u00e4n vasemmasta yl\u00e4kylmasta tai sijoittamalla hiiren kursorin kahden lohkon v\u00e4liin, jolloin &#8221;plus&#8221; -painike tulee my\u00f6s esiin. <\/p>\n\n\n\n<p><br><strong>Huom! K\u00e4yt\u00f6ss\u00e4 olevat lohkot vaihtelevat k\u00e4ytetyn sivupohjan mukaan.<\/strong> T\u00e4ysleve\u00e4n sivupohjan lohkoja k\u00e4ytet\u00e4\u00e4n ainoastaan etusivuilla eli Jamk Front Page -sivupohjilla. <\/p>\n\n\n<div id=\"info-lift-block_1d07cd9e28acc64e86c13a27e7c10285\" class=\"block-info-lift block-info-lift\">\n  <div class=\"row\">\n    <div class=\"col-12\">\n              <div class=\"block-info-lift__content\">\n          <div class=\"block-info-lift__content__icon\">\n            <span>!<\/span>\n          <\/div>\n          <p class=\"block-info-lift__content__text\">Harkitse, millaista sis\u00e4lt\u00f6\u00e4 olet luomassa ja mik\u00e4 elementti sis\u00e4ll\u00f6n esitt\u00e4miseen sopii parhaiten.<\/p>\n        <\/div>\n          <\/div>\n  <\/div>\n<\/div>\n\n\n<p>Voit tutustua eri lohkojen visuaaliseen ilmeeseen <a href=\"https:\/\/help.jamk.fi\/wordpress\/fi\/sivut\/sisaltosivun-lohkot\/\">sis\u00e4lt\u00f6sivun lohkot<\/a> ja <a href=\"https:\/\/help.jamk.fi\/wordpress\/fi\/sivut\/etusivun-lohkot\/\">etusivun lohkot<\/a> -ohjeista. <\/p>\n\n\n\n<figure class=\"wp-block-image size-full is-resized\"><img loading=\"lazy\" decoding=\"async\" width=\"691\" height=\"436\" src=\"https:\/\/help.jamk.fi\/wordpress\/wp-content\/uploads\/sites\/99\/2023\/10\/image-9.png\" alt=\"Uuden lohkon lis\u00e4\u00e4minen plus painikkeesta\" class=\"wp-image-989\" style=\"object-fit:cover;width:745px;height:auto\"\/><figcaption class=\"wp-element-caption\">Uusi lohko lis\u00e4t\u00e4\u00e4n plus -painikkeella (kuvasta poiketen vasemmassa yl\u00e4kulmassa)<\/figcaption><\/figure>\n\n\n\n<p>Uusi elementti tipahtaa aina sis\u00e4ll\u00f6iss\u00e4 viimeiseksi. Voit siirt\u00e4\u00e4 sen klikkaamalla elementin aktiiviseksi ja klikkaamalla nuolipainiketta siirt\u00e4\u00e4ksesi sen sivulla ylemm\u00e4s tai alemmas. Voit my\u00f6s raahata elementti\u00e4 painamalla ja pit\u00e4m\u00e4ll\u00e4 pohjassa nuolien vasemmalla puolella olevaa kuutta pistett\u00e4.<\/p>\n\n\n\n<figure class=\"wp-block-image size-full is-resized\"><img loading=\"lazy\" decoding=\"async\" width=\"799\" height=\"450\" src=\"https:\/\/help.jamk.fi\/wordpress\/wp-content\/uploads\/sites\/99\/2023\/10\/image-10.png\" alt=\"Nuoli yksitt\u00e4isen lohkon asetuksissa jolla lohkon paikkaa voidaan siirt\u00e4\u00e4\" class=\"wp-image-990\" style=\"width:773px;height:auto\"\/><figcaption class=\"wp-element-caption\">Lohkon siirt\u00e4minen sivulla onnistuu joko nuolipainikkeella tai raahamalla kuuden pisteen -painikkeesta<\/figcaption><\/figure>\n\n\n\n<p>K\u00e4yt\u00e4 otsikoita hierarkisessa j\u00e4rjestyksess\u00e4. Sivun p\u00e4\u00e4otsikko (mustalla pohjalla) on H1-tason otsikko. K\u00e4yt\u00e4 siis itse sivulla H2-tason ja sit\u00e4 pienemm\u00e4n tason otsikoita. Tavallista sis\u00e4lt\u00f6teksti\u00e4 voit lis\u00e4t\u00e4 &#8221;Kappale&#8221;-lohkolla ja visuaalista ilmett\u00e4 saat k\u00e4ytt\u00e4m\u00e4ll\u00e4 valmiiksi r\u00e4\u00e4t\u00e4l\u00f6ityj\u00e4 lohkoja. Voit kopioida tekstisis\u00e4lt\u00f6\u00e4 my\u00f6s vanhalta sivustolta. Huomioi kuitenkin, ett\u00e4 tavallisessa liit\u00e4-toiminnossa (CTRL+V) s\u00e4ilyv\u00e4t tekstin m\u00e4\u00e4rittelyt ja tyylit (esim. otsikoinnit, lihavoinnit, linkit jne.) Mik\u00e4li haluat liitt\u00e4\u00e4 kopioidun tekstin puhtaana tekstin\u00e4 k\u00e4yt\u00e4 CTRL+SHIFT+V n\u00e4pp\u00e4inyhdistelm\u00e4\u00e4. <strong>Muista tallentaa aina muokkauksen j\u00e4lkeen tekem\u00e4si muutokset oikean yl\u00e4reunan &#8221;P\u00e4ivit\u00e4&#8221; tai &#8221;Tallenna luonnos&#8221; -painikkeilla. <\/strong><\/p>\n\n\n\n<figure class=\"wp-block-image size-full is-resized\"><img loading=\"lazy\" decoding=\"async\" width=\"597\" height=\"99\" src=\"https:\/\/help.jamk.fi\/wordpress\/wp-content\/uploads\/sites\/99\/2024\/05\/esikatselu-painike.png\" alt=\"Oikean yl\u00e4kulman &quot;P\u00e4ivit\u00e4&quot;-painikkeen vasemmalla puolella\" class=\"wp-image-1316\" style=\"width:389px;height:auto\" srcset=\"https:\/\/help.jamk.fi\/wordpress\/wp-content\/uploads\/sites\/99\/2024\/05\/esikatselu-painike.png 597w, https:\/\/help.jamk.fi\/wordpress\/wp-content\/uploads\/sites\/99\/2024\/05\/esikatselu-painike-300x50.png 300w\" sizes=\"auto, (max-width: 597px) 100vw, 597px\" \/><figcaption class=\"wp-element-caption\">Sivun sis\u00e4ll\u00f6n p\u00e4ivitt\u00e4minen ja esikatselu<\/figcaption><\/figure>\n\n\n\n<h3 class=\"wp-block-heading\">Linkin lis\u00e4\u00e4minen<\/h3>\n\n\n\n<p>Voit lis\u00e4t\u00e4 linkin sivulle &#8221;Lis\u00e4\u00e4 linkki&#8221; -painikkeen avulla. Mik\u00e4li kohdesivu on samalla sivustolla, kannattaa k\u00e4ytt\u00e4\u00e4 relatiivisia linkkej\u00e4. N\u00e4in linkki p\u00e4ivittyy automaattisesti, jos kyseist\u00e4 sivua siiret\u00e4\u00e4n tai nimet\u00e4\u00e4n uudelleen. Voit lis\u00e4t\u00e4 relatiivisien linkin sy\u00f6tt\u00e4m\u00e4ll\u00e4 sivun nimen hakukentt\u00e4\u00e4n ja valitsemalla halutun kohdesivun.<\/p>\n\n\n\n<figure class=\"wp-block-image size-full\"><img loading=\"lazy\" decoding=\"async\" width=\"366\" height=\"57\" src=\"https:\/\/help.jamk.fi\/wordpress\/wp-content\/uploads\/sites\/99\/2024\/06\/uusi_linkki.png\" alt=\"\" class=\"wp-image-1432\" srcset=\"https:\/\/help.jamk.fi\/wordpress\/wp-content\/uploads\/sites\/99\/2024\/06\/uusi_linkki.png 366w, https:\/\/help.jamk.fi\/wordpress\/wp-content\/uploads\/sites\/99\/2024\/06\/uusi_linkki-300x47.png 300w\" sizes=\"auto, (max-width: 366px) 100vw, 366px\" \/><\/figure>\n\n\n\n<p>Mik\u00e4li linkki on toisella sivustolla, k\u00e4yt\u00e4 silloin absoluuttisia osoitteita. Kirjoita ja kopioi\/liit\u00e4 kohdeosoite kokonaisuudessaan sille varattuun laatikkoon. \u00c4l\u00e4 k\u00e4yt\u00e4 &#8221;Avaa uudessa v\u00e4lilehdess\u00e4&#8221; -mahdollisuutta vaan loppuk\u00e4ytt\u00e4j\u00e4 saa itse valita, avataanko sivu uuteen v\u00e4lilehteen vai ei.<\/p>\n\n\n\n<h3 class=\"wp-block-heading\">Artikkelit ja tiedotteet<\/h3>\n\n\n\n<p>Uutiset (artikkelit ja tiedotteet) julkaistaan Elmo-intrassa ja n\u00e4m\u00e4 tuodaan RSS-feedin\u00e4 automaattisesti Helpin etusivulle. Uutisessa olevaa mahdollista kuvaa ei siirret\u00e4 feedin mukana Helppiin k\u00e4ytt\u00f6oikeus syist\u00e4. <\/p>\n\n\n\n<h3 class=\"wp-block-heading\">Sivun tallentaminen luonnokseksi ja julkaiseminen<\/h3>\n\n\n\n<p>Kun olet luomassa uutta sivua, kannattaa sivusta tallentaa luonnos s\u00e4\u00e4nn\u00f6llisin v\u00e4liajoin. T\u00e4m\u00e4 onnistuu oikean yl\u00e4kulman &#8221;Tallenna luonnos&#8221; -painikkeella. Esikatselu -n\u00e4kym\u00e4\u00e4n p\u00e4\u00e4set &#8221;Esikatsele&#8221; -painikkeella.<\/p>\n\n\n\n<figure class=\"wp-block-image size-full\"><img loading=\"lazy\" decoding=\"async\" width=\"414\" height=\"55\" src=\"https:\/\/help.jamk.fi\/wordpress\/wp-content\/uploads\/sites\/99\/2024\/06\/julkaise.png\" alt=\"\" class=\"wp-image-1434\" srcset=\"https:\/\/help.jamk.fi\/wordpress\/wp-content\/uploads\/sites\/99\/2024\/06\/julkaise.png 414w, https:\/\/help.jamk.fi\/wordpress\/wp-content\/uploads\/sites\/99\/2024\/06\/julkaise-300x40.png 300w\" sizes=\"auto, (max-width: 414px) 100vw, 414px\" \/><\/figure>\n\n\n\n<p>Kun sivu on valmis, on aika julkaista se. Klikkaa &#8221;Julkaise&#8221; -painiketta ja viel\u00e4 kerran uudelleen &#8221;Julkaise&#8221;. Julkaisun j\u00e4lkeen sivu on saatavilla julkisesti kaikille. Sivua on mahdollista aina muokata tai muuttaa takaisin luonnos-tilaan.<\/p>\n","protected":false},"excerpt":{"rendered":"<p>T\u00e4m\u00e4 ohjesivu k\u00e4y l\u00e4pi, kuinka voit luodan uuden sivun, miten luot siihen sis\u00e4lt\u00f6\u00e4, sek\u00e4 miten muokkaat, kopiot tai poistat sivun. Help-sivuilla k\u00e4ytet\u00e4\u00e4n lohkoja sis\u00e4ll\u00f6n luomiseen ja visuaaliseen esittelyyn. Voit k\u00e4ytt\u00e4\u00e4 yksinkertaisia otsikko- ja kappalelohkoja tai sitten valmiiksi r\u00e4\u00e4t\u00e4l\u00f6ityj\u00e4, visuaalisimpia lohkoja.. T\u00e4ss\u00e4 ohjeessa: Uuden sivun luominen ja sivupohjat Lis\u00e4\u00e4 uusi sivu valitsemalla ohjausn\u00e4kym\u00e4n vasemmasta reunasta Sivut [&hellip;]<\/p>\n","protected":false},"author":66,"featured_media":0,"parent":0,"menu_order":1,"comment_status":"closed","ping_status":"closed","template":"","meta":{"_acf_changed":false,"_relevanssi_hide_post":"","_relevanssi_hide_content":"","_relevanssi_pin_for_all":"","_relevanssi_pin_keywords":"","_relevanssi_unpin_keywords":"","_relevanssi_related_keywords":"","_relevanssi_related_include_ids":"","_relevanssi_related_exclude_ids":"","_relevanssi_related_no_append":"","_relevanssi_related_not_related":"","_relevanssi_related_posts":"","_relevanssi_noindex_reason":"","footnotes":""},"categories":[],"tags":[],"class_list":["post-984","page","type-page","status-publish","hentry"],"acf":[],"yoast_head":"<!-- This site is optimized with the Yoast SEO plugin v27.5 - https:\/\/yoast.com\/product\/yoast-seo-wordpress\/ -->\n<title>Sivun luominen - WordPress<\/title>\n<meta name=\"robots\" content=\"index, follow, max-snippet:-1, max-image-preview:large, max-video-preview:-1\" \/>\n<link rel=\"canonical\" href=\"https:\/\/help.jamk.fi\/wordpress\/fi\/sivut\/\" \/>\n<meta property=\"og:locale\" content=\"fi_FI\" \/>\n<meta property=\"og:type\" content=\"article\" \/>\n<meta property=\"og:title\" content=\"Sivun luominen - WordPress\" \/>\n<meta property=\"og:description\" content=\"T\u00e4m\u00e4 ohjesivu k\u00e4y l\u00e4pi, kuinka voit luodan uuden sivun, miten luot siihen sis\u00e4lt\u00f6\u00e4, sek\u00e4 miten muokkaat, kopiot tai poistat sivun. Help-sivuilla k\u00e4ytet\u00e4\u00e4n lohkoja sis\u00e4ll\u00f6n luomiseen ja visuaaliseen esittelyyn. Voit k\u00e4ytt\u00e4\u00e4 yksinkertaisia otsikko- ja kappalelohkoja tai sitten valmiiksi r\u00e4\u00e4t\u00e4l\u00f6ityj\u00e4, visuaalisimpia lohkoja.. T\u00e4ss\u00e4 ohjeessa: Uuden sivun luominen ja sivupohjat Lis\u00e4\u00e4 uusi sivu valitsemalla ohjausn\u00e4kym\u00e4n vasemmasta reunasta Sivut [&hellip;]\" \/>\n<meta property=\"og:url\" content=\"https:\/\/help.jamk.fi\/wordpress\/fi\/sivut\/\" \/>\n<meta property=\"og:site_name\" content=\"WordPress\" \/>\n<meta property=\"article:modified_time\" content=\"2024-06-19T05:35:25+00:00\" \/>\n<meta property=\"og:image\" content=\"https:\/\/help.jamk.fi\/wordpress\/wp-content\/uploads\/sites\/99\/2023\/10\/image-5.png\" \/>\n<meta name=\"twitter:card\" content=\"summary_large_image\" \/>\n<meta name=\"twitter:label1\" content=\"Arvioitu lukuaika\" \/>\n\t<meta name=\"twitter:data1\" content=\"5 minuuttia\" \/>\n<script type=\"application\/ld+json\" class=\"yoast-schema-graph\">{\"@context\":\"https:\\\/\\\/schema.org\",\"@graph\":[{\"@type\":\"WebPage\",\"@id\":\"https:\\\/\\\/help.jamk.fi\\\/wordpress\\\/fi\\\/sivut\\\/\",\"url\":\"https:\\\/\\\/help.jamk.fi\\\/wordpress\\\/fi\\\/sivut\\\/\",\"name\":\"Sivun luominen - WordPress\",\"isPartOf\":{\"@id\":\"https:\\\/\\\/help.jamk.fi\\\/wordpress\\\/#website\"},\"primaryImageOfPage\":{\"@id\":\"https:\\\/\\\/help.jamk.fi\\\/wordpress\\\/fi\\\/sivut\\\/#primaryimage\"},\"image\":{\"@id\":\"https:\\\/\\\/help.jamk.fi\\\/wordpress\\\/fi\\\/sivut\\\/#primaryimage\"},\"thumbnailUrl\":\"https:\\\/\\\/help.jamk.fi\\\/wordpress\\\/wp-content\\\/uploads\\\/sites\\\/99\\\/2023\\\/10\\\/image-5.png\",\"datePublished\":\"2023-10-24T06:59:23+00:00\",\"dateModified\":\"2024-06-19T05:35:25+00:00\",\"breadcrumb\":{\"@id\":\"https:\\\/\\\/help.jamk.fi\\\/wordpress\\\/fi\\\/sivut\\\/#breadcrumb\"},\"inLanguage\":\"fi\",\"potentialAction\":[{\"@type\":\"ReadAction\",\"target\":[\"https:\\\/\\\/help.jamk.fi\\\/wordpress\\\/fi\\\/sivut\\\/\"]}]},{\"@type\":\"ImageObject\",\"inLanguage\":\"fi\",\"@id\":\"https:\\\/\\\/help.jamk.fi\\\/wordpress\\\/fi\\\/sivut\\\/#primaryimage\",\"url\":\"https:\\\/\\\/help.jamk.fi\\\/wordpress\\\/wp-content\\\/uploads\\\/sites\\\/99\\\/2023\\\/10\\\/image-5.png\",\"contentUrl\":\"https:\\\/\\\/help.jamk.fi\\\/wordpress\\\/wp-content\\\/uploads\\\/sites\\\/99\\\/2023\\\/10\\\/image-5.png\",\"width\":443,\"height\":837},{\"@type\":\"BreadcrumbList\",\"@id\":\"https:\\\/\\\/help.jamk.fi\\\/wordpress\\\/fi\\\/sivut\\\/#breadcrumb\",\"itemListElement\":[{\"@type\":\"ListItem\",\"position\":1,\"name\":\"Etusivu\",\"item\":\"https:\\\/\\\/help.jamk.fi\\\/wordpress\\\/fi\\\/\"},{\"@type\":\"ListItem\",\"position\":2,\"name\":\"Sivun luominen\"}]},{\"@type\":\"WebSite\",\"@id\":\"https:\\\/\\\/help.jamk.fi\\\/wordpress\\\/#website\",\"url\":\"https:\\\/\\\/help.jamk.fi\\\/wordpress\\\/\",\"name\":\"WordPress\",\"description\":\"Julkaisuohjeet WordPresseiss\u00e4\",\"potentialAction\":[{\"@type\":\"SearchAction\",\"target\":{\"@type\":\"EntryPoint\",\"urlTemplate\":\"https:\\\/\\\/help.jamk.fi\\\/wordpress\\\/?s={search_term_string}\"},\"query-input\":{\"@type\":\"PropertyValueSpecification\",\"valueRequired\":true,\"valueName\":\"search_term_string\"}}],\"inLanguage\":\"fi\"}]}<\/script>\n<!-- \/ Yoast SEO plugin. -->","yoast_head_json":{"title":"Sivun luominen - WordPress","robots":{"index":"index","follow":"follow","max-snippet":"max-snippet:-1","max-image-preview":"max-image-preview:large","max-video-preview":"max-video-preview:-1"},"canonical":"https:\/\/help.jamk.fi\/wordpress\/fi\/sivut\/","og_locale":"fi_FI","og_type":"article","og_title":"Sivun luominen - WordPress","og_description":"T\u00e4m\u00e4 ohjesivu k\u00e4y l\u00e4pi, kuinka voit luodan uuden sivun, miten luot siihen sis\u00e4lt\u00f6\u00e4, sek\u00e4 miten muokkaat, kopiot tai poistat sivun. Help-sivuilla k\u00e4ytet\u00e4\u00e4n lohkoja sis\u00e4ll\u00f6n luomiseen ja visuaaliseen esittelyyn. Voit k\u00e4ytt\u00e4\u00e4 yksinkertaisia otsikko- ja kappalelohkoja tai sitten valmiiksi r\u00e4\u00e4t\u00e4l\u00f6ityj\u00e4, visuaalisimpia lohkoja.. T\u00e4ss\u00e4 ohjeessa: Uuden sivun luominen ja sivupohjat Lis\u00e4\u00e4 uusi sivu valitsemalla ohjausn\u00e4kym\u00e4n vasemmasta reunasta Sivut [&hellip;]","og_url":"https:\/\/help.jamk.fi\/wordpress\/fi\/sivut\/","og_site_name":"WordPress","article_modified_time":"2024-06-19T05:35:25+00:00","og_image":[{"url":"https:\/\/help.jamk.fi\/wordpress\/wp-content\/uploads\/sites\/99\/2023\/10\/image-5.png","type":"","width":"","height":""}],"twitter_card":"summary_large_image","twitter_misc":{"Arvioitu lukuaika":"5 minuuttia"},"schema":{"@context":"https:\/\/schema.org","@graph":[{"@type":"WebPage","@id":"https:\/\/help.jamk.fi\/wordpress\/fi\/sivut\/","url":"https:\/\/help.jamk.fi\/wordpress\/fi\/sivut\/","name":"Sivun luominen - WordPress","isPartOf":{"@id":"https:\/\/help.jamk.fi\/wordpress\/#website"},"primaryImageOfPage":{"@id":"https:\/\/help.jamk.fi\/wordpress\/fi\/sivut\/#primaryimage"},"image":{"@id":"https:\/\/help.jamk.fi\/wordpress\/fi\/sivut\/#primaryimage"},"thumbnailUrl":"https:\/\/help.jamk.fi\/wordpress\/wp-content\/uploads\/sites\/99\/2023\/10\/image-5.png","datePublished":"2023-10-24T06:59:23+00:00","dateModified":"2024-06-19T05:35:25+00:00","breadcrumb":{"@id":"https:\/\/help.jamk.fi\/wordpress\/fi\/sivut\/#breadcrumb"},"inLanguage":"fi","potentialAction":[{"@type":"ReadAction","target":["https:\/\/help.jamk.fi\/wordpress\/fi\/sivut\/"]}]},{"@type":"ImageObject","inLanguage":"fi","@id":"https:\/\/help.jamk.fi\/wordpress\/fi\/sivut\/#primaryimage","url":"https:\/\/help.jamk.fi\/wordpress\/wp-content\/uploads\/sites\/99\/2023\/10\/image-5.png","contentUrl":"https:\/\/help.jamk.fi\/wordpress\/wp-content\/uploads\/sites\/99\/2023\/10\/image-5.png","width":443,"height":837},{"@type":"BreadcrumbList","@id":"https:\/\/help.jamk.fi\/wordpress\/fi\/sivut\/#breadcrumb","itemListElement":[{"@type":"ListItem","position":1,"name":"Etusivu","item":"https:\/\/help.jamk.fi\/wordpress\/fi\/"},{"@type":"ListItem","position":2,"name":"Sivun luominen"}]},{"@type":"WebSite","@id":"https:\/\/help.jamk.fi\/wordpress\/#website","url":"https:\/\/help.jamk.fi\/wordpress\/","name":"WordPress","description":"Julkaisuohjeet WordPresseiss\u00e4","potentialAction":[{"@type":"SearchAction","target":{"@type":"EntryPoint","urlTemplate":"https:\/\/help.jamk.fi\/wordpress\/?s={search_term_string}"},"query-input":{"@type":"PropertyValueSpecification","valueRequired":true,"valueName":"search_term_string"}}],"inLanguage":"fi"}]}},"_links":{"self":[{"href":"https:\/\/help.jamk.fi\/wordpress\/wp-json\/wp\/v2\/pages\/984","targetHints":{"allow":["GET"]}}],"collection":[{"href":"https:\/\/help.jamk.fi\/wordpress\/wp-json\/wp\/v2\/pages"}],"about":[{"href":"https:\/\/help.jamk.fi\/wordpress\/wp-json\/wp\/v2\/types\/page"}],"author":[{"embeddable":true,"href":"https:\/\/help.jamk.fi\/wordpress\/wp-json\/wp\/v2\/users\/66"}],"replies":[{"embeddable":true,"href":"https:\/\/help.jamk.fi\/wordpress\/wp-json\/wp\/v2\/comments?post=984"}],"version-history":[{"count":39,"href":"https:\/\/help.jamk.fi\/wordpress\/wp-json\/wp\/v2\/pages\/984\/revisions"}],"predecessor-version":[{"id":1452,"href":"https:\/\/help.jamk.fi\/wordpress\/wp-json\/wp\/v2\/pages\/984\/revisions\/1452"}],"wp:attachment":[{"href":"https:\/\/help.jamk.fi\/wordpress\/wp-json\/wp\/v2\/media?parent=984"}],"wp:term":[{"taxonomy":"category","embeddable":true,"href":"https:\/\/help.jamk.fi\/wordpress\/wp-json\/wp\/v2\/categories?post=984"},{"taxonomy":"post_tag","embeddable":true,"href":"https:\/\/help.jamk.fi\/wordpress\/wp-json\/wp\/v2\/tags?post=984"}],"curies":[{"name":"wp","href":"https:\/\/api.w.org\/{rel}","templated":true}]}}