{"id":114,"date":"2018-09-10T10:36:10","date_gmt":"2018-09-10T07:36:10","guid":{"rendered":"https:\/\/help.jamk.fi\/zoom\/apua-ongelmatilanteisiin\/"},"modified":"2024-01-11T14:42:13","modified_gmt":"2024-01-11T12:42:13","slug":"apua-ongelmatilanteisiin","status":"publish","type":"page","link":"https:\/\/help.jamk.fi\/zoom\/fi\/apua-ongelmatilanteisiin\/","title":{"rendered":"Apua ongelmatilanteisiin"},"content":{"rendered":"\n<div class=\"wp-block-group\"><div class=\"wp-block-group__inner-container is-layout-flow wp-block-group-is-layout-flow\">\n<div class=\"wp-block-group\"><div class=\"wp-block-group__inner-container is-layout-flow wp-block-group-is-layout-flow\">\n<h2 class=\"wp-block-heading\"><strong>1. En p\u00e4\u00e4se liittym\u00e4\u00e4n Zoom-tapaamiseen<\/strong>.<\/h2>\n\n\n\n<ol class=\"wp-block-list\">\n<li>Lataa koneellesi Zoom-sovellus <a href=\"https:\/\/jamk.zoom.us\/download\" target=\"_blank\" rel=\"noopener\">Zoomin Download Center -sivulta<\/a>. Klikkaa sitten Zoom-tapaamisen linkki\u00e4 ja seuraa n\u00e4yt\u00f6llesi tulevia ohjeita, jotka ohjaavat sinut avaamaan tapaamisen Zoom-sovelluksessa.<\/li>\n\n\n\n<li>K\u00e4ynnist\u00e4 koneesi uudelleen ja koeta liitty\u00e4 Zoom-tapaamiseen klikkaamalla saamaasi Zoom-linkki\u00e4. Seuraa n\u00e4yt\u00f6lle tulevia ohjeita.<\/li>\n\n\n\n<li>Jos et voi jostain syyst\u00e4 ladata Zoom-sovellusta ja olet liittym\u00e4ss\u00e4 Zoom-tapaamiseen selaimella, p\u00e4ivit\u00e4 k\u00e4ytt\u00e4m\u00e4si selain tai vaihda selainta. Suositeltuja selaimia ovat Chrome, Firefox ja Edge. Seuraa n\u00e4yt\u00f6lle tulevia ohjeita.<\/li>\n\n\n\n<li>Jos tietokoneen Zoom-sovelluksella tai selaimella liittyminen ei onnistu, lataa mobiililaitteellesi Zoom-sovellus sovelluskaupasta ja koeta liitty\u00e4 tapaamiseen sill\u00e4.<\/li>\n\n\n\n<li>Tarkista, oletko tapaamisen odotushuoneessa, josta tapaamisen j\u00e4rjest\u00e4j\u00e4 p\u00e4\u00e4st\u00e4\u00e4 sinut sis\u00e4lle. Yleens\u00e4 n\u00e4et odotushuoneessa tekstin <strong>The host will let you in soon<\/strong>. Odota rauhassa, ett\u00e4 sinut p\u00e4\u00e4stet\u00e4\u00e4n sis\u00e4lle varsinaiseen tapaamishuoneeseen.<\/li>\n<\/ol>\n<\/div><\/div>\n<\/div><\/div>\n\n\n\n<p><\/p>\n\n\n\n<div class=\"wp-block-group\"><div class=\"wp-block-group__inner-container is-layout-flow wp-block-group-is-layout-flow\">\n<h2 class=\"wp-block-heading\"><strong>2. En kuule muiden tapaamiseen osallistuvien puhetta tai muut eiv\u00e4t kuule minua<\/strong>.<\/h2>\n\n\n\n<ol class=\"wp-block-list\">\n<li>Jos tietokoneen mikrofonia ja kaiuttimia ei ole yhdistetty lainkaan Zoomiin tai \u00e4\u00e4nitesti\u00e4 ei ole tehty loppuun saakka, Zoom-sovelluksen vasemmassa alakulmassa mikrofonikuvakkeen tilalla lukee<strong> Join Audio.<\/strong><\/li>\n\n\n\n<li>Klikkaa <strong>Join Audio<\/strong>. Seuraa n\u00e4yt\u00f6llesi tulevia ohjeita ja suorita Zoomin \u00e4\u00e4nitesti <strong>Test speaker and Microphone<\/strong>.<\/li>\n\n\n\n<li>Jos mikrofonikuvake on n\u00e4kyviss\u00e4 vasemmassa alakulmassa, mutta \u00e4\u00e4net eiv\u00e4t toimi, klikkaa nuolta mikrofonikuvakkeen vieress\u00e4, <span lang=\"FI-FI\" xml_lang=\"FI-FI\" data-scheme-color=\"@FFFFFF,0,\" data-usefontface=\"false\" data-contrast=\"none\">valitse&nbsp;<\/span><strong><span lang=\"FI-FI\" xml_lang=\"FI-FI\" data-scheme-color=\"@FFFFFF,0,\" data-usefontface=\"false\" data-contrast=\"none\">Test<\/span>&nbsp;<span lang=\"FI-FI\" xml_lang=\"FI-FI\" data-scheme-color=\"@FFFFFF,0,\" data-usefontface=\"false\" data-contrast=\"none\">&nbsp;Speaker&nbsp;&amp;&nbsp;<\/span><\/strong><span lang=\"FI-FI\" xml_lang=\"FI-FI\" data-scheme-color=\"@FFFFFF,0,\" data-usefontface=\"false\" data-contrast=\"none\"><strong>Microphone<\/strong> ja suorita \u00e4\u00e4nitesti.&nbsp;<\/span><\/li>\n\n\n\n<li><span lang=\"FI-FI\" xml_lang=\"FI-FI\" data-scheme-color=\"@FFFFFF,0,\" data-usefontface=\"false\" data-contrast=\"none\">Nuolta mikrofonikuvakkeen vieress\u00e4 klikkaamalla n\u00e4et&nbsp;my\u00f6s, mik\u00e4 kaiutin ja mikrofoni Zoomissa on k\u00e4yt\u00f6ss\u00e4 ja voit&nbsp;vaihtaa niit\u00e4 tarvittaessa.<\/span><\/li>\n\n\n\n<li>Jos sinulla on k\u00e4yt\u00f6ss\u00e4 langattomat\/langalliset kuulokkeet, tarkista, ett\u00e4 ne on valittuna.<\/li>\n\n\n\n<li>Jos kuulokkeet on valittuna, mutta et kuule niiden kautta \u00e4\u00e4nt\u00e4, yhdist\u00e4 kuulokkeet uudelleen tietokoneeseen. Useimmiten kuulokkeet kannattaa yhdist\u00e4\u00e4 tietokoneeseen ennen kuin aloittaa Zoom-tapaamiseen liittymisen.<\/li>\n\n\n\n<li>Tarkista, ett\u00e4 tietokoneesi kaiuttimet eiv\u00e4t ole mykistettyn\u00e4. Voit esimerkiksi koettaa kuunnella videota YouTubesta. Kuuluvatko \u00e4\u00e4net normaalisti?<\/li>\n\n\n\n<li>Tarkista, ett\u00e4 koneessasi ei ole k\u00e4ynniss\u00e4 jokin toinen, esimerkiksi jokin musiikin kuunteluun liittyv\u00e4 sovellus, johon kaiuttimet on varattu. Sulje muut sovellukset ennen Zoom-tapaamiseen liittymist\u00e4.<\/li>\n\n\n\n<li>Joskus voit joutua poistumaan tapaamisesta ja liittym\u00e4\u00e4n siihen uudelleen, jotta \u00e4\u00e4net alkavat toimia. Tee aina tapaamiseen liittyess\u00e4si Zoomin \u00e4\u00e4nitesti&nbsp;<strong>Test Speaker &amp; Microphone.<\/strong><\/li>\n\n\n\n<li>Voit my\u00f6s joutua k\u00e4ynnist\u00e4m\u00e4\u00e4n koneesi uudelleen ja liittym\u00e4\u00e4n sitten tapaamiseen.<\/li>\n<\/ol>\n\n\n\n<p><\/p>\n\n\n\n<h2 class=\"wp-block-heading\"><strong>3. \u00c4\u00e4ni p\u00e4tkii, kiert\u00e4\u00e4 tai kaikuu<\/strong>.<\/h2>\n\n\n\n<ol class=\"wp-block-list\">\n<li>K\u00e4yt\u00e4 langallista interneti\u00e4, jos mahdollista.<\/li>\n\n\n\n<li>Sulje oma verkkokamerakuva.<\/li>\n\n\n\n<li>Pyyd\u00e4 osallistujia pit\u00e4m\u00e4\u00e4n mikrofonit mykistettyn\u00e4 silloin, kun he eiv\u00e4t puhu.<\/li>\n<\/ol>\n\n\n\n<p><\/p>\n\n\n\n<h2 class=\"wp-block-heading\"><strong>4. En ole k\u00e4ytt\u00e4nyt Zoomin ty\u00f6p\u00f6yt\u00e4sovellusta pitk\u00e4\u00e4n aikaan tai sovellus tuntuu toimivan ep\u00e4varmasti<\/strong>.<\/h2>\n\n\n\n<p>Yleens\u00e4 Zoom ehdottaa automaattisesti ty\u00f6p\u00f6yt\u00e4sovelluksen p\u00e4ivitt\u00e4mist\u00e4. Voit my\u00f6s tarkistaa p\u00e4ivitykset itse.<\/p>\n\n\n\n<ol class=\"wp-block-list\">\n<li>Avaa Zoom-sovellus koneeltasi ja tarvittaessa kirjaudu sis\u00e4\u00e4n kohdasta <strong>SSO<\/strong>.<\/li>\n\n\n\n<li>Klikkaa profiilikuvaasi ja valitse avautuvasta valikosta <strong>Check for Updates<\/strong>.<\/li>\n<\/ol>\n<\/div><\/div>\n","protected":false},"excerpt":{"rendered":"<p>1. En p\u00e4\u00e4se liittym\u00e4\u00e4n Zoom-tapaamiseen. 2. En kuule muiden tapaamiseen osallistuvien puhetta tai muut eiv\u00e4t kuule minua. 3. \u00c4\u00e4ni p\u00e4tkii, kiert\u00e4\u00e4 tai kaikuu. 4. En ole k\u00e4ytt\u00e4nyt Zoomin ty\u00f6p\u00f6yt\u00e4sovellusta pitk\u00e4\u00e4n aikaan tai sovellus tuntuu toimivan ep\u00e4varmasti. Yleens\u00e4 Zoom ehdottaa automaattisesti ty\u00f6p\u00f6yt\u00e4sovelluksen p\u00e4ivitt\u00e4mist\u00e4. Voit my\u00f6s tarkistaa p\u00e4ivitykset itse.<\/p>\n","protected":false},"author":74,"featured_media":0,"parent":0,"menu_order":9,"comment_status":"closed","ping_status":"closed","template":"","meta":{"_acf_changed":false,"_relevanssi_hide_post":"","_relevanssi_hide_content":"","_relevanssi_pin_for_all":"","_relevanssi_pin_keywords":"","_relevanssi_unpin_keywords":"","_relevanssi_related_keywords":"","_relevanssi_related_include_ids":"","_relevanssi_related_exclude_ids":"","_relevanssi_related_no_append":"","_relevanssi_related_not_related":"","_relevanssi_related_posts":"","_relevanssi_noindex_reason":"","footnotes":""},"categories":[],"tags":[],"class_list":["post-114","page","type-page","status-publish","hentry"],"acf":[],"yoast_head":"<!-- This site is optimized with the Yoast SEO plugin v27.4 - https:\/\/yoast.com\/product\/yoast-seo-wordpress\/ -->\n<title>Apua ongelmatilanteisiin - Zoom<\/title>\n<meta name=\"robots\" content=\"index, follow, max-snippet:-1, max-image-preview:large, max-video-preview:-1\" \/>\n<link rel=\"canonical\" href=\"https:\/\/help.jamk.fi\/zoom\/fi\/apua-ongelmatilanteisiin\/\" \/>\n<meta property=\"og:locale\" content=\"fi_FI\" \/>\n<meta property=\"og:type\" content=\"article\" \/>\n<meta property=\"og:title\" content=\"Apua ongelmatilanteisiin - Zoom\" \/>\n<meta property=\"og:description\" content=\"1. En p\u00e4\u00e4se liittym\u00e4\u00e4n Zoom-tapaamiseen. 2. En kuule muiden tapaamiseen osallistuvien puhetta tai muut eiv\u00e4t kuule minua. 3. \u00c4\u00e4ni p\u00e4tkii, kiert\u00e4\u00e4 tai kaikuu. 4. En ole k\u00e4ytt\u00e4nyt Zoomin ty\u00f6p\u00f6yt\u00e4sovellusta pitk\u00e4\u00e4n aikaan tai sovellus tuntuu toimivan ep\u00e4varmasti. Yleens\u00e4 Zoom ehdottaa automaattisesti ty\u00f6p\u00f6yt\u00e4sovelluksen p\u00e4ivitt\u00e4mist\u00e4. Voit my\u00f6s tarkistaa p\u00e4ivitykset itse.\" \/>\n<meta property=\"og:url\" content=\"https:\/\/help.jamk.fi\/zoom\/fi\/apua-ongelmatilanteisiin\/\" \/>\n<meta property=\"og:site_name\" content=\"Zoom\" \/>\n<meta property=\"article:modified_time\" content=\"2024-01-11T12:42:13+00:00\" \/>\n<meta name=\"twitter:card\" content=\"summary_large_image\" \/>\n<meta name=\"twitter:label1\" content=\"Arvioitu lukuaika\" \/>\n\t<meta name=\"twitter:data1\" content=\"3 minuuttia\" \/>\n<script type=\"application\/ld+json\" class=\"yoast-schema-graph\">{\"@context\":\"https:\\\/\\\/schema.org\",\"@graph\":[{\"@type\":\"WebPage\",\"@id\":\"https:\\\/\\\/help.jamk.fi\\\/zoom\\\/fi\\\/apua-ongelmatilanteisiin\\\/\",\"url\":\"https:\\\/\\\/help.jamk.fi\\\/zoom\\\/fi\\\/apua-ongelmatilanteisiin\\\/\",\"name\":\"Apua ongelmatilanteisiin - Zoom\",\"isPartOf\":{\"@id\":\"https:\\\/\\\/help.jamk.fi\\\/zoom\\\/#website\"},\"datePublished\":\"2018-09-10T07:36:10+00:00\",\"dateModified\":\"2024-01-11T12:42:13+00:00\",\"breadcrumb\":{\"@id\":\"https:\\\/\\\/help.jamk.fi\\\/zoom\\\/fi\\\/apua-ongelmatilanteisiin\\\/#breadcrumb\"},\"inLanguage\":\"fi\",\"potentialAction\":[{\"@type\":\"ReadAction\",\"target\":[\"https:\\\/\\\/help.jamk.fi\\\/zoom\\\/fi\\\/apua-ongelmatilanteisiin\\\/\"]}]},{\"@type\":\"BreadcrumbList\",\"@id\":\"https:\\\/\\\/help.jamk.fi\\\/zoom\\\/fi\\\/apua-ongelmatilanteisiin\\\/#breadcrumb\",\"itemListElement\":[{\"@type\":\"ListItem\",\"position\":1,\"name\":\"Etusivu\",\"item\":\"https:\\\/\\\/help.jamk.fi\\\/zoom\\\/fi\\\/\"},{\"@type\":\"ListItem\",\"position\":2,\"name\":\"Apua ongelmatilanteisiin\"}]},{\"@type\":\"WebSite\",\"@id\":\"https:\\\/\\\/help.jamk.fi\\\/zoom\\\/#website\",\"url\":\"https:\\\/\\\/help.jamk.fi\\\/zoom\\\/\",\"name\":\"Zoom\",\"description\":\"\",\"potentialAction\":[{\"@type\":\"SearchAction\",\"target\":{\"@type\":\"EntryPoint\",\"urlTemplate\":\"https:\\\/\\\/help.jamk.fi\\\/zoom\\\/?s={search_term_string}\"},\"query-input\":{\"@type\":\"PropertyValueSpecification\",\"valueRequired\":true,\"valueName\":\"search_term_string\"}}],\"inLanguage\":\"fi\"}]}<\/script>\n<!-- \/ Yoast SEO plugin. -->","yoast_head_json":{"title":"Apua ongelmatilanteisiin - Zoom","robots":{"index":"index","follow":"follow","max-snippet":"max-snippet:-1","max-image-preview":"max-image-preview:large","max-video-preview":"max-video-preview:-1"},"canonical":"https:\/\/help.jamk.fi\/zoom\/fi\/apua-ongelmatilanteisiin\/","og_locale":"fi_FI","og_type":"article","og_title":"Apua ongelmatilanteisiin - Zoom","og_description":"1. En p\u00e4\u00e4se liittym\u00e4\u00e4n Zoom-tapaamiseen. 2. En kuule muiden tapaamiseen osallistuvien puhetta tai muut eiv\u00e4t kuule minua. 3. \u00c4\u00e4ni p\u00e4tkii, kiert\u00e4\u00e4 tai kaikuu. 4. En ole k\u00e4ytt\u00e4nyt Zoomin ty\u00f6p\u00f6yt\u00e4sovellusta pitk\u00e4\u00e4n aikaan tai sovellus tuntuu toimivan ep\u00e4varmasti. Yleens\u00e4 Zoom ehdottaa automaattisesti ty\u00f6p\u00f6yt\u00e4sovelluksen p\u00e4ivitt\u00e4mist\u00e4. Voit my\u00f6s tarkistaa p\u00e4ivitykset itse.","og_url":"https:\/\/help.jamk.fi\/zoom\/fi\/apua-ongelmatilanteisiin\/","og_site_name":"Zoom","article_modified_time":"2024-01-11T12:42:13+00:00","twitter_card":"summary_large_image","twitter_misc":{"Arvioitu lukuaika":"3 minuuttia"},"schema":{"@context":"https:\/\/schema.org","@graph":[{"@type":"WebPage","@id":"https:\/\/help.jamk.fi\/zoom\/fi\/apua-ongelmatilanteisiin\/","url":"https:\/\/help.jamk.fi\/zoom\/fi\/apua-ongelmatilanteisiin\/","name":"Apua ongelmatilanteisiin - Zoom","isPartOf":{"@id":"https:\/\/help.jamk.fi\/zoom\/#website"},"datePublished":"2018-09-10T07:36:10+00:00","dateModified":"2024-01-11T12:42:13+00:00","breadcrumb":{"@id":"https:\/\/help.jamk.fi\/zoom\/fi\/apua-ongelmatilanteisiin\/#breadcrumb"},"inLanguage":"fi","potentialAction":[{"@type":"ReadAction","target":["https:\/\/help.jamk.fi\/zoom\/fi\/apua-ongelmatilanteisiin\/"]}]},{"@type":"BreadcrumbList","@id":"https:\/\/help.jamk.fi\/zoom\/fi\/apua-ongelmatilanteisiin\/#breadcrumb","itemListElement":[{"@type":"ListItem","position":1,"name":"Etusivu","item":"https:\/\/help.jamk.fi\/zoom\/fi\/"},{"@type":"ListItem","position":2,"name":"Apua ongelmatilanteisiin"}]},{"@type":"WebSite","@id":"https:\/\/help.jamk.fi\/zoom\/#website","url":"https:\/\/help.jamk.fi\/zoom\/","name":"Zoom","description":"","potentialAction":[{"@type":"SearchAction","target":{"@type":"EntryPoint","urlTemplate":"https:\/\/help.jamk.fi\/zoom\/?s={search_term_string}"},"query-input":{"@type":"PropertyValueSpecification","valueRequired":true,"valueName":"search_term_string"}}],"inLanguage":"fi"}]}},"_links":{"self":[{"href":"https:\/\/help.jamk.fi\/zoom\/wp-json\/wp\/v2\/pages\/114","targetHints":{"allow":["GET"]}}],"collection":[{"href":"https:\/\/help.jamk.fi\/zoom\/wp-json\/wp\/v2\/pages"}],"about":[{"href":"https:\/\/help.jamk.fi\/zoom\/wp-json\/wp\/v2\/types\/page"}],"author":[{"embeddable":true,"href":"https:\/\/help.jamk.fi\/zoom\/wp-json\/wp\/v2\/users\/74"}],"replies":[{"embeddable":true,"href":"https:\/\/help.jamk.fi\/zoom\/wp-json\/wp\/v2\/comments?post=114"}],"version-history":[{"count":4,"href":"https:\/\/help.jamk.fi\/zoom\/wp-json\/wp\/v2\/pages\/114\/revisions"}],"predecessor-version":[{"id":599,"href":"https:\/\/help.jamk.fi\/zoom\/wp-json\/wp\/v2\/pages\/114\/revisions\/599"}],"wp:attachment":[{"href":"https:\/\/help.jamk.fi\/zoom\/wp-json\/wp\/v2\/media?parent=114"}],"wp:term":[{"taxonomy":"category","embeddable":true,"href":"https:\/\/help.jamk.fi\/zoom\/wp-json\/wp\/v2\/categories?post=114"},{"taxonomy":"post_tag","embeddable":true,"href":"https:\/\/help.jamk.fi\/zoom\/wp-json\/wp\/v2\/tags?post=114"}],"curies":[{"name":"wp","href":"https:\/\/api.w.org\/{rel}","templated":true}]}}