{"id":138,"date":"2019-02-28T09:54:47","date_gmt":"2019-02-28T07:54:47","guid":{"rendered":"https:\/\/help.jamk.fi\/zoom\/nain-otat-zoomin-kayttoon\/"},"modified":"2025-07-17T09:48:06","modified_gmt":"2025-07-17T06:48:06","slug":"nain-otat-zoomin-kayttoon","status":"publish","type":"page","link":"https:\/\/help.jamk.fi\/zoom\/fi\/nain-otat-zoomin-kayttoon\/","title":{"rendered":"N\u00e4in otat Zoomin k\u00e4ytt\u00f6\u00f6n"},"content":{"rendered":"\n<h2 class=\"wp-block-heading\">1. Lataa ja asenna Zoom-sovellus tietokoneellesi.<\/h2>\n\n\n\n<ol class=\"wp-block-list\">\n<li>Lataa ja asenna Zoom-sovellus tietokoneellesi Microsoft Storesta (Windows koneet) tai\u00a0<a href=\"https:\/\/jamk.zoom.us\/download\" target=\"_blank\" rel=\"noreferrer noopener\">Zoomin Download Centerist\u00e4<\/a>.<\/li>\n\n\n\n<li>Seuraa n\u00e4yt\u00f6llesi tulevia ohjeita.&nbsp;<\/li>\n<\/ol>\n\n\n\n<p><\/p>\n\n\n\n<h2 class=\"wp-block-heading\">2. Klikkaa sovelluksen kirjautumisn\u00e4kym\u00e4n alalaidassa SSO ja kirjaudu Zoom-sovellukseen Jamkin tunnuksilla.<\/h2>\n\n\n\n<ol class=\"wp-block-list\">\n<li>Kirjoita Company Domain -kentt\u00e4\u00e4n <strong>Jamk<\/strong> ja klikkaa <strong>Continue<\/strong>.<\/li>\n\n\n\n<li>Kirjaudu Jamkin tunnuksilla.\n<ul class=\"wp-block-list\">\n<li>Zoom saattaa l\u00e4hett\u00e4\u00e4 Jamkin s\u00e4hk\u00f6postiisi vahvistusviestin. K\u00e4y klikkaamassa viestiss\u00e4 olevaa linkki\u00e4 ja varmista kirjautuminen.<\/li>\n<\/ul>\n<\/li>\n\n\n\n<li>Sovellus avautuu ja n\u00e4et sovelluksen oikean yl\u00e4kulman profiilikuvan kuvaketta klikkaamalla, ett\u00e4 olet kirjautunut Jamkin tunnuksilla.<\/li>\n<\/ol>\n\n\n\n<p><\/p>\n\n\n\n<h2 class=\"wp-block-heading\">3. Lis\u00e4\u00e4 Zoomiin profiilikuva.<\/h2>\n\n\n\n<ol class=\"wp-block-list\">\n<li>Siirry osoitteeseen <a href=\"http:\/\/zoom.jamk.fi\/\" target=\"_blank\" rel=\"noreferrer noopener\">https:\/\/zoom.jamk.fi\/<\/a>&nbsp;<\/li>\n\n\n\n<li>Klikkaa&nbsp;<strong>Sign in<\/strong>&nbsp;ja k\u00e4yt\u00e4 Jamkin tunnuksia.&nbsp;<\/li>\n\n\n\n<li>Valitse avautuvalta sivulta vasemman laidan navigaatiosta&nbsp;<strong>Profile<\/strong>.<\/li>\n\n\n\n<li>Lis\u00e4\u00e4 Zoom-profiiliisi profiilikuva klikkaamalla profiilikuvan kuvaketta. Profiilikuva on n\u00e4kyvill\u00e4 Zoom-tapaamisissa silloin, kun videokamerasi ei ole p\u00e4\u00e4ll\u00e4. Ryhm\u00e4ytyminen ja tutustuminen on helpompaa, kun n\u00e4et Zoomissa osallistujien valokuvat tai videokuvat. Kuva kannattaa valita niin, ett\u00e4 siit\u00e4 tunnistaa sinut ja voit tuolla kuvalla edustaa jamkilaisena esimerkiksi muiden organisaatioiden Zoom-tapaamisissa.<\/li>\n<\/ol>\n\n\n\n<p><\/p>\n\n\n\n<h2 class=\"wp-block-heading\">4. Opettaja: Muokkaa Personal Meeting ID -linkki\u00e4.<\/h2>\n\n\n\n<ol class=\"wp-block-list\">\n<li><strong>Personal Meeting ID:<\/strong>&nbsp;Jos haluat k\u00e4ytt\u00e4\u00e4 omaa henkil\u00f6kohtaista Zoom-osoitettasi aina, kun aloitat uuden Zoom-tapaamisen Zoom-sovelluksessa tai Zoomin verkkosivuilta New Meeting -painikkeesta, klikkaa <strong>Edit<\/strong> ja valitse <strong>Use this ID for instant meetings<\/strong>.&nbsp;T\u00e4m\u00e4n j\u00e4lkeen esimerkiksi, jos lis\u00e4\u00e4t Outlookissa kalenterikutsuun Zoom-linkin, linkiksi tulee automaattisesti henkil\u00f6kohtainen osoitelinkkisi.<\/li>\n\n\n\n<li><strong>Personal link:&nbsp;<\/strong>Voit klikata <strong>Customize<\/strong> ja lis\u00e4t\u00e4 oman nimesi henkil\u00f6kohtaisen Zoom-linkkisi loppuun numerosarjan tilalle (https:\/\/jamk.zoom.us\/my\/omanimesi).&nbsp;Voit tarvittaessa vaihtaa my\u00f6s esimerkiksi kurssisi tai Zoomissa j\u00e4rjestett\u00e4v\u00e4n tapahtuman nimen Zoom-osoitteesi loppuun.<\/li>\n\n\n\n<li>Jos haluat k\u00e4ytt\u00e4\u00e4 henkil\u00f6kohtaista linkki\u00e4si opintojaksojesi verkkotapaamisissa, kopioi linkki profiilisivultasi ja lis\u00e4\u00e4 se Moodle-kurssisi Tervetuloa-v\u00e4lilehdelle, jotta opiskelijat l\u00f6yt\u00e4v\u00e4t linkin helposti. Lis\u00e4\u00e4 linkin yhteyteen my\u00f6s salasana, jos k\u00e4yt\u00e4t salasanaa tai kerro, ett\u00e4 tapaamisessa on k\u00e4yt\u00f6ss\u00e4 odotushuone, jos k\u00e4yt\u00e4t odotushuonetta. <\/li>\n\n\n\n<li>Kun on aika aloittaa Zoom-tapaaminen opiskelijoiden kanssa, klikkaa opiskelijoille Moodlessa jaettua linkki\u00e4 ja p\u00e4\u00e4sette varmasti samaan tapaamiseen.&nbsp;<\/li>\n<\/ol>\n\n\n\n<p><\/p>\n\n\n\n<h2 class=\"wp-block-heading\">5. Opettaja: Tarkista Zoomin asetukset verkkosivulla.<\/h2>\n\n\n\n<p>Valitse vasemman laidan navigaatiosta&nbsp;<strong>Settings<\/strong>. Varmista, ett\u00e4&nbsp;<\/p>\n\n\n\n<ol class=\"wp-block-list\">\n<li>Join before host \u2013 ei aktiivinen&nbsp;<\/li>\n\n\n\n<li>Require a password \u2013 aktiivinen tai ei aktiivinen sen mukaan, haluatko k\u00e4ytt\u00e4\u00e4 tapaamisissasi salasanaa&nbsp;<\/li>\n\n\n\n<li>Breakout room \u2013 aktiivinen&nbsp;<\/li>\n\n\n\n<li>Waiting room \u2013 aktiivinen tai ei aktiivinen sen mukaan, haluatko k\u00e4ytt\u00e4\u00e4 tapaamisissasi odotushuonetta&nbsp;<\/li>\n\n\n\n<li>Tutustu my\u00f6s muihin asetuksiin halutessasi. Voit esimerkiksi muokata odotushuoneessa n\u00e4kyv\u00e4\u00e4 teksti\u00e4.<\/li>\n<\/ol>\n\n\n\n<p><\/p>\n\n\n\n<h2 class=\"wp-block-heading\">6. Opettaja: Tarkista Zoomin asetukset Zoomin ty\u00f6p\u00f6yt\u00e4sovelluksessa.<\/h2>\n\n\n\n<ol class=\"wp-block-list\">\n<li>K\u00e4ynnist\u00e4 Zoom-sovellus koneeltasi. Jos et ole jo kirjautunut, kirjaudu k\u00e4ytt\u00e4m\u00e4ll\u00e4&nbsp;<strong>SSO<\/strong>.<\/li>\n\n\n\n<li>Tarkista&nbsp;<strong>Personal Meeting ID settings<\/strong>. Varmista, ett\u00e4 esimerkiksi, salasana ei ole aktivoituna, jos et halua k\u00e4ytt\u00e4\u00e4 salasanaa. P\u00e4\u00e4set asetuksiin klikkaamalla pient\u00e4 v\u00e4k\u00e4st\u00e4 New Meeting painikkeen alla. Vie hiiri Personal Meeting ID -numerorivin p\u00e4\u00e4lle ja p\u00e4\u00e4set valitsemaan PMI Settings. <\/li>\n<\/ol>\n\n\n\n<figure class=\"wp-block-image size-full is-resized\"><img decoding=\"async\" src=\"https:\/\/help.jamk.fi\/zoom\/wp-content\/uploads\/sites\/70\/2023\/07\/pmi-1.png\" alt=\"\" class=\"wp-image-1062\" style=\"width:600px\"\/><figcaption class=\"wp-element-caption\">Personal Meeting ID -asetusten tarkistaminen.<\/figcaption><\/figure>\n\n\n\n<p><\/p>\n","protected":false},"excerpt":{"rendered":"<p>1. Lataa ja asenna Zoom-sovellus tietokoneellesi. 2. Klikkaa sovelluksen kirjautumisn\u00e4kym\u00e4n alalaidassa SSO ja kirjaudu Zoom-sovellukseen Jamkin tunnuksilla. 3. Lis\u00e4\u00e4 Zoomiin profiilikuva. 4. Opettaja: Muokkaa Personal Meeting ID -linkki\u00e4. 5. Opettaja: Tarkista Zoomin asetukset verkkosivulla. Valitse vasemman laidan navigaatiosta&nbsp;Settings. Varmista, ett\u00e4&nbsp; 6. Opettaja: Tarkista Zoomin asetukset Zoomin ty\u00f6p\u00f6yt\u00e4sovelluksessa.<\/p>\n","protected":false},"author":74,"featured_media":0,"parent":0,"menu_order":1,"comment_status":"closed","ping_status":"closed","template":"","meta":{"_acf_changed":false,"_relevanssi_hide_post":"","_relevanssi_hide_content":"","_relevanssi_pin_for_all":"","_relevanssi_pin_keywords":"zoom, zoomiin, ","_relevanssi_unpin_keywords":"","_relevanssi_related_keywords":"","_relevanssi_related_include_ids":"","_relevanssi_related_exclude_ids":"","_relevanssi_related_no_append":"","_relevanssi_related_not_related":"","_relevanssi_related_posts":"","_relevanssi_noindex_reason":"","footnotes":""},"categories":[],"tags":[],"class_list":["post-138","page","type-page","status-publish","hentry"],"acf":[],"yoast_head":"<!-- This site is optimized with the Yoast SEO plugin v27.4 - https:\/\/yoast.com\/product\/yoast-seo-wordpress\/ -->\n<title>N\u00e4in otat Zoomin k\u00e4ytt\u00f6\u00f6n - Zoom<\/title>\n<meta name=\"robots\" content=\"index, follow, max-snippet:-1, max-image-preview:large, max-video-preview:-1\" \/>\n<link rel=\"canonical\" href=\"https:\/\/help.jamk.fi\/zoom\/fi\/nain-otat-zoomin-kayttoon\/\" \/>\n<meta property=\"og:locale\" content=\"fi_FI\" \/>\n<meta property=\"og:type\" content=\"article\" \/>\n<meta property=\"og:title\" content=\"N\u00e4in otat Zoomin k\u00e4ytt\u00f6\u00f6n - Zoom\" \/>\n<meta property=\"og:description\" content=\"1. Lataa ja asenna Zoom-sovellus tietokoneellesi. 2. Klikkaa sovelluksen kirjautumisn\u00e4kym\u00e4n alalaidassa SSO ja kirjaudu Zoom-sovellukseen Jamkin tunnuksilla. 3. Lis\u00e4\u00e4 Zoomiin profiilikuva. 4. Opettaja: Muokkaa Personal Meeting ID -linkki\u00e4. 5. Opettaja: Tarkista Zoomin asetukset verkkosivulla. Valitse vasemman laidan navigaatiosta&nbsp;Settings. Varmista, ett\u00e4&nbsp; 6. Opettaja: Tarkista Zoomin asetukset Zoomin ty\u00f6p\u00f6yt\u00e4sovelluksessa.\" \/>\n<meta property=\"og:url\" content=\"https:\/\/help.jamk.fi\/zoom\/fi\/nain-otat-zoomin-kayttoon\/\" \/>\n<meta property=\"og:site_name\" content=\"Zoom\" \/>\n<meta property=\"article:modified_time\" content=\"2025-07-17T06:48:06+00:00\" \/>\n<meta name=\"twitter:card\" content=\"summary_large_image\" \/>\n<meta name=\"twitter:label1\" content=\"Arvioitu lukuaika\" \/>\n\t<meta name=\"twitter:data1\" content=\"3 minuuttia\" \/>\n<script type=\"application\/ld+json\" class=\"yoast-schema-graph\">{\"@context\":\"https:\\\/\\\/schema.org\",\"@graph\":[{\"@type\":\"WebPage\",\"@id\":\"https:\\\/\\\/help.jamk.fi\\\/zoom\\\/fi\\\/nain-otat-zoomin-kayttoon\\\/\",\"url\":\"https:\\\/\\\/help.jamk.fi\\\/zoom\\\/fi\\\/nain-otat-zoomin-kayttoon\\\/\",\"name\":\"N\u00e4in otat Zoomin k\u00e4ytt\u00f6\u00f6n - Zoom\",\"isPartOf\":{\"@id\":\"https:\\\/\\\/help.jamk.fi\\\/zoom\\\/#website\"},\"primaryImageOfPage\":{\"@id\":\"https:\\\/\\\/help.jamk.fi\\\/zoom\\\/fi\\\/nain-otat-zoomin-kayttoon\\\/#primaryimage\"},\"image\":{\"@id\":\"https:\\\/\\\/help.jamk.fi\\\/zoom\\\/fi\\\/nain-otat-zoomin-kayttoon\\\/#primaryimage\"},\"thumbnailUrl\":\"https:\\\/\\\/help.jamk.fi\\\/zoom\\\/wp-content\\\/uploads\\\/sites\\\/70\\\/2023\\\/07\\\/pmi-1.png\",\"datePublished\":\"2019-02-28T07:54:47+00:00\",\"dateModified\":\"2025-07-17T06:48:06+00:00\",\"breadcrumb\":{\"@id\":\"https:\\\/\\\/help.jamk.fi\\\/zoom\\\/fi\\\/nain-otat-zoomin-kayttoon\\\/#breadcrumb\"},\"inLanguage\":\"fi\",\"potentialAction\":[{\"@type\":\"ReadAction\",\"target\":[\"https:\\\/\\\/help.jamk.fi\\\/zoom\\\/fi\\\/nain-otat-zoomin-kayttoon\\\/\"]}]},{\"@type\":\"ImageObject\",\"inLanguage\":\"fi\",\"@id\":\"https:\\\/\\\/help.jamk.fi\\\/zoom\\\/fi\\\/nain-otat-zoomin-kayttoon\\\/#primaryimage\",\"url\":\"\",\"contentUrl\":\"\"},{\"@type\":\"BreadcrumbList\",\"@id\":\"https:\\\/\\\/help.jamk.fi\\\/zoom\\\/fi\\\/nain-otat-zoomin-kayttoon\\\/#breadcrumb\",\"itemListElement\":[{\"@type\":\"ListItem\",\"position\":1,\"name\":\"Etusivu\",\"item\":\"https:\\\/\\\/help.jamk.fi\\\/zoom\\\/fi\\\/\"},{\"@type\":\"ListItem\",\"position\":2,\"name\":\"N\u00e4in otat Zoomin k\u00e4ytt\u00f6\u00f6n\"}]},{\"@type\":\"WebSite\",\"@id\":\"https:\\\/\\\/help.jamk.fi\\\/zoom\\\/#website\",\"url\":\"https:\\\/\\\/help.jamk.fi\\\/zoom\\\/\",\"name\":\"Zoom\",\"description\":\"\",\"potentialAction\":[{\"@type\":\"SearchAction\",\"target\":{\"@type\":\"EntryPoint\",\"urlTemplate\":\"https:\\\/\\\/help.jamk.fi\\\/zoom\\\/?s={search_term_string}\"},\"query-input\":{\"@type\":\"PropertyValueSpecification\",\"valueRequired\":true,\"valueName\":\"search_term_string\"}}],\"inLanguage\":\"fi\"}]}<\/script>\n<!-- \/ Yoast SEO plugin. -->","yoast_head_json":{"title":"N\u00e4in otat Zoomin k\u00e4ytt\u00f6\u00f6n - Zoom","robots":{"index":"index","follow":"follow","max-snippet":"max-snippet:-1","max-image-preview":"max-image-preview:large","max-video-preview":"max-video-preview:-1"},"canonical":"https:\/\/help.jamk.fi\/zoom\/fi\/nain-otat-zoomin-kayttoon\/","og_locale":"fi_FI","og_type":"article","og_title":"N\u00e4in otat Zoomin k\u00e4ytt\u00f6\u00f6n - Zoom","og_description":"1. Lataa ja asenna Zoom-sovellus tietokoneellesi. 2. Klikkaa sovelluksen kirjautumisn\u00e4kym\u00e4n alalaidassa SSO ja kirjaudu Zoom-sovellukseen Jamkin tunnuksilla. 3. Lis\u00e4\u00e4 Zoomiin profiilikuva. 4. Opettaja: Muokkaa Personal Meeting ID -linkki\u00e4. 5. Opettaja: Tarkista Zoomin asetukset verkkosivulla. Valitse vasemman laidan navigaatiosta&nbsp;Settings. Varmista, ett\u00e4&nbsp; 6. Opettaja: Tarkista Zoomin asetukset Zoomin ty\u00f6p\u00f6yt\u00e4sovelluksessa.","og_url":"https:\/\/help.jamk.fi\/zoom\/fi\/nain-otat-zoomin-kayttoon\/","og_site_name":"Zoom","article_modified_time":"2025-07-17T06:48:06+00:00","twitter_card":"summary_large_image","twitter_misc":{"Arvioitu lukuaika":"3 minuuttia"},"schema":{"@context":"https:\/\/schema.org","@graph":[{"@type":"WebPage","@id":"https:\/\/help.jamk.fi\/zoom\/fi\/nain-otat-zoomin-kayttoon\/","url":"https:\/\/help.jamk.fi\/zoom\/fi\/nain-otat-zoomin-kayttoon\/","name":"N\u00e4in otat Zoomin k\u00e4ytt\u00f6\u00f6n - Zoom","isPartOf":{"@id":"https:\/\/help.jamk.fi\/zoom\/#website"},"primaryImageOfPage":{"@id":"https:\/\/help.jamk.fi\/zoom\/fi\/nain-otat-zoomin-kayttoon\/#primaryimage"},"image":{"@id":"https:\/\/help.jamk.fi\/zoom\/fi\/nain-otat-zoomin-kayttoon\/#primaryimage"},"thumbnailUrl":"https:\/\/help.jamk.fi\/zoom\/wp-content\/uploads\/sites\/70\/2023\/07\/pmi-1.png","datePublished":"2019-02-28T07:54:47+00:00","dateModified":"2025-07-17T06:48:06+00:00","breadcrumb":{"@id":"https:\/\/help.jamk.fi\/zoom\/fi\/nain-otat-zoomin-kayttoon\/#breadcrumb"},"inLanguage":"fi","potentialAction":[{"@type":"ReadAction","target":["https:\/\/help.jamk.fi\/zoom\/fi\/nain-otat-zoomin-kayttoon\/"]}]},{"@type":"ImageObject","inLanguage":"fi","@id":"https:\/\/help.jamk.fi\/zoom\/fi\/nain-otat-zoomin-kayttoon\/#primaryimage","url":"","contentUrl":""},{"@type":"BreadcrumbList","@id":"https:\/\/help.jamk.fi\/zoom\/fi\/nain-otat-zoomin-kayttoon\/#breadcrumb","itemListElement":[{"@type":"ListItem","position":1,"name":"Etusivu","item":"https:\/\/help.jamk.fi\/zoom\/fi\/"},{"@type":"ListItem","position":2,"name":"N\u00e4in otat Zoomin k\u00e4ytt\u00f6\u00f6n"}]},{"@type":"WebSite","@id":"https:\/\/help.jamk.fi\/zoom\/#website","url":"https:\/\/help.jamk.fi\/zoom\/","name":"Zoom","description":"","potentialAction":[{"@type":"SearchAction","target":{"@type":"EntryPoint","urlTemplate":"https:\/\/help.jamk.fi\/zoom\/?s={search_term_string}"},"query-input":{"@type":"PropertyValueSpecification","valueRequired":true,"valueName":"search_term_string"}}],"inLanguage":"fi"}]}},"_links":{"self":[{"href":"https:\/\/help.jamk.fi\/zoom\/wp-json\/wp\/v2\/pages\/138","targetHints":{"allow":["GET"]}}],"collection":[{"href":"https:\/\/help.jamk.fi\/zoom\/wp-json\/wp\/v2\/pages"}],"about":[{"href":"https:\/\/help.jamk.fi\/zoom\/wp-json\/wp\/v2\/types\/page"}],"author":[{"embeddable":true,"href":"https:\/\/help.jamk.fi\/zoom\/wp-json\/wp\/v2\/users\/74"}],"replies":[{"embeddable":true,"href":"https:\/\/help.jamk.fi\/zoom\/wp-json\/wp\/v2\/comments?post=138"}],"version-history":[{"count":14,"href":"https:\/\/help.jamk.fi\/zoom\/wp-json\/wp\/v2\/pages\/138\/revisions"}],"predecessor-version":[{"id":625,"href":"https:\/\/help.jamk.fi\/zoom\/wp-json\/wp\/v2\/pages\/138\/revisions\/625"}],"wp:attachment":[{"href":"https:\/\/help.jamk.fi\/zoom\/wp-json\/wp\/v2\/media?parent=138"}],"wp:term":[{"taxonomy":"category","embeddable":true,"href":"https:\/\/help.jamk.fi\/zoom\/wp-json\/wp\/v2\/categories?post=138"},{"taxonomy":"post_tag","embeddable":true,"href":"https:\/\/help.jamk.fi\/zoom\/wp-json\/wp\/v2\/tags?post=138"}],"curies":[{"name":"wp","href":"https:\/\/api.w.org\/{rel}","templated":true}]}}