{"id":183,"date":"2019-03-01T08:20:03","date_gmt":"2019-03-01T06:20:03","guid":{"rendered":"https:\/\/help.jamk.fi\/zoom\/zoom-tapaamiseen-liittyminen\/"},"modified":"2024-01-22T15:08:15","modified_gmt":"2024-01-22T13:08:15","slug":"zoom-tapaamiseen-liittyminen","status":"publish","type":"page","link":"https:\/\/help.jamk.fi\/zoom\/fi\/zoom-tapaamiseen-liittyminen\/","title":{"rendered":"Tapaamiseen liittyminen"},"content":{"rendered":"\n<p>Voit liitty\u00e4 Zoom-tapaamiseen tietokoneen sovelluksella, mobiililaitteen sovelluksella tai tietokoneen selaimella. L\u00f6yd\u00e4t alta ohjeet kaikkiin kolmeen liittymistapaan. <\/p>\n\n\n\n<p>Suosittelemme Zoomin k\u00e4ytt\u00f6\u00e4 tietokoneen sovelluksella. Voit ladata Zoom-sovelluksen&nbsp;<a href=\"https:\/\/jamk.zoom.us\/download\" target=\"_blank\" rel=\"noreferrer noopener\">Zoomin Download Centerist\u00e4<\/a>.<\/p>\n\n\n\n<h2 class=\"wp-block-heading\">Valmistaudu Zoom-tapaamiseen ja liity tapaamiseen tietokoneen Zoom-sovelluksella. <\/h2>\n\n\n\n<p><\/p>\n\n\n\n<h2 class=\"wp-block-heading\">1. Valmistaudu ennakkoon.<\/h2>\n\n\n\n<ol class=\"wp-block-list\">\n<li>Varaa verkkotapaamista varten rauhallinen tila, jossa voit keskitty\u00e4 tapaamiseen ja k\u00e4ytt\u00e4\u00e4 huoletta mikrofonia ja kameraa. Huolehdi my\u00f6s siit\u00e4, ett\u00e4 tilan valaistus on kunnossa. N\u00e4yt kamerassa selke\u00e4sti, kun valo tulee edest\u00e4.<\/li>\n\n\n\n<li>Pyri aina osallistumaan Zoom-tapaamiseen tietokoneella olet sitten tapaamisen j\u00e4rjest\u00e4j\u00e4 tai osallistuja. Lataa ja asenna Zoom-sovellus koneellesi <a href=\"https:\/\/jamk.zoom.us\/download\" target=\"_blank\" rel=\"noreferrer noopener\">Download Centerist\u00e4<\/a>.<\/li>\n\n\n\n<li>Voit harjoitella Zoom-tapaamiseen liittymist\u00e4 aina avoinna olevassa <a href=\"https:\/\/zoom.us\/test\" target=\"_blank\" rel=\"noreferrer noopener\">Zoom-testitapaamisessa<\/a>.<\/li>\n<\/ol>\n\n\n\n<p><\/p>\n\n\n\n<h2 class=\"wp-block-heading\">2. Varmista, ett\u00e4 olet saanut tapaamisen Zoom-linkin.<\/h2>\n\n\n\n<ol class=\"wp-block-list\">\n<li>Opettaja lis\u00e4\u00e4 usein opintojakson Zoom-linkin Moodle-oppimisymp\u00e4rist\u00f6\u00f6n. Zoom-tapaamisen linkin voi l\u00e4hett\u00e4\u00e4 my\u00f6s Outlookin kalenterikutsuna tai s\u00e4hk\u00f6postissa.<\/li>\n\n\n\n<li>Klikkaa linkki\u00e4 tai kopioi linkkiteksti selaimen osoitekentt\u00e4\u00e4n.<\/li>\n\n\n\n<li>Selain ehdottaa tapaamisen avaamista Zoom-sovelluksessa TAI tarjoaa Zoom-sovelluksen lataamista koneellesi, jos sit\u00e4 ei ole viel\u00e4 ladattu ja asennettu. Hyv\u00e4ksy lataus ja asennus viimeist\u00e4\u00e4n t\u00e4ss\u00e4 vaiheessa, sill\u00e4 osa kokouksen ominaisuuksista ei ole k\u00e4ytett\u00e4viss\u00e4 ilman sovellusta. Lataus ja asennus tapahtuu nopeasti.<\/li>\n\n\n\n<li>Zoomiin ei ole pakollista kirjautua osallistuakseen kokoukseen, mutta jos kirjaudut kohdasta Sign in with SSO, saat k\u00e4ytt\u00f6\u00f6si Jamkin Zoomin.<\/li>\n<\/ol>\n\n\n\n<p><\/p>\n\n\n\n<h2 class=\"wp-block-heading\">3. Tutustu tapaamisen perustoimintoihin.<\/h2>\n\n\n\n<ol class=\"wp-block-list\">\n<li><strong>Odotushuone:&nbsp;<\/strong>Joissain Zoom-tapaamisissa k\u00e4ytet\u00e4\u00e4n odotushuonetta, josta tapaamisen j\u00e4rjest\u00e4j\u00e4 p\u00e4\u00e4st\u00e4\u00e4 sinut varsinaiseen tapaamishuoneeseen. Odota rauhassa, ett\u00e4 opettaja p\u00e4\u00e4st\u00e4\u00e4 sinut tapaamiseen.<\/li>\n\n\n\n<li><strong>Test Speaker and Microphone<\/strong>: Kun p\u00e4\u00e4set sis\u00e4lle Zoom-tapaamiseen, klikkaa&nbsp;<strong>Test Speaker and Microphone<\/strong> -linkki\u00e4 ja suorita \u00e4\u00e4nitesti. Seuraa n\u00e4yt\u00f6lle tulevia ohjeita kaiuttimien ja mikrofonin toiminnan testaamiseksi. Klikkaa lopuksi <strong>Join with Computer Audio<\/strong>. \u00c4\u00e4nitesti kannattaa tehd\u00e4 jokaisen tapaamisen alussa.<\/li>\n\n\n\n<li><strong>Mikrofoni:<\/strong> Kun mikrofonikuvakkeen p\u00e4\u00e4ll\u00e4 on punainen palkki, mikrofonisi on mykistettyn\u00e4 ja muut tapaamisen osallistujat eiv\u00e4t kuule puhettasi. Kun klikkaat mikrofonikuvaketta, punainen palkki poistuu ja muut kuulevat \u00e4\u00e4nesi.&nbsp;K\u00e4yt\u00e4 mieluiten kuulokemikrofonia, jotta osallistuminen on miellytt\u00e4v\u00e4mp\u00e4\u00e4 sinulle ja muille.<\/li>\n\n\n\n<li><strong>Videokamera:<\/strong>&nbsp;Kun videokamerakuvakkeen p\u00e4\u00e4ll\u00e4 on punainen palkki, muut tapaamisen osallistujat eiv\u00e4t n\u00e4e videokuvaasi. Kun klikkaat videokamerakuvaketta, punainen palkki poistuu ja muut n\u00e4kev\u00e4t videokuvasi. Videokamerakuvakkeen vieress\u00e4 olevasta nuolesta voit tarvittaessa vaihtaa kameraa ja s\u00e4\u00e4t\u00e4\u00e4 muita videoasetuksia. Voit my\u00f6s aktivoida taustakuvan, taustan sumennuksen tai vaikkapa avatarin, joka korvaa videokuvasi. Jos olet kirjautunut Zoomiin Jamkin tunnuksilla, voit lis\u00e4t\u00e4 itsellesi profiilikuvan, joka n\u00e4kyy silloin, kun videokamerasi ei ole p\u00e4\u00e4ll\u00e4.<\/li>\n\n\n\n<li><strong>Speaker view\/Gallery view: <\/strong>Voit katsella muiden tapaamisen osallistujien videokuvia joko Speaker view tai Gallery view -n\u00e4kym\u00e4ss\u00e4. Voit vaihtaa n\u00e4kym\u00e4\u00e4 klikkaamalla View-painiketta videon\u00e4kym\u00e4n oikeassa yl\u00e4kulmassa.<\/li>\n<\/ol>\n\n\n\n<p><\/p>\n\n\n\n<h2 class=\"wp-block-heading\">Jos haluat liitty\u00e4 Zoom-tapaamiseen mobiililaitteella<\/h2>\n\n\n\n<p>Mobiililaite on hyv\u00e4 varaty\u00f6kalu, jos sinulla on esimerkiksi vaikeuksia liitty\u00e4 Zoom-tapaamiseen tietokoneella. Opettaja voi puolestaan haluta liitty\u00e4 Zoom-tapaamiseen tietokoneen lis\u00e4ksi mobiililaitteella, jotta h\u00e4n voi tarkastella tapaamista my\u00f6s osallistujan n\u00e4k\u00f6kulmasta. <\/p>\n\n\n\n<p>Mobiilisovelluksessa on k\u00e4ytett\u00e4viss\u00e4 l\u00e4hes samat toiminnot, kuin tietokoneelta osallistuttaessa.<\/p>\n\n\n\n<h2 class=\"wp-block-heading\"><strong>1. Lataa Zoom-sovellus mobiililaitteeseesi<\/strong>.<\/h2>\n\n\n\n<ol class=\"wp-block-list\">\n<li>Lataa <strong>ZOOM Cloud Meetings<\/strong> mobiililaitteesi sovelluskaupasta.<\/li>\n\n\n\n<li>Voit halutessasi kirjautua Jamkin tunnuksilla kohdasta <strong>Sign in with SSO\/Continue with SSO\/SSO<\/strong>. <\/li>\n\n\n\n<li>Jos aiot opettajana liitty\u00e4 Zoom-tapaamiseesi sek\u00e4 kannettavalla tietokoneella ett\u00e4 mobiililaitteella, kirjaudu vain kannettavan tietokoneesi Zoom-sovellukseen Jamkin tunnuksilla.<\/li>\n<\/ol>\n\n\n\n<h2 class=\"wp-block-heading\"><strong>2. Liity Zoom-tapaamiseen.<\/strong><\/h2>\n\n\n\n<ol class=\"wp-block-list\">\n<li><strong>Paina Zoom-tapaamisen linkki\u00e4,<\/strong> jonka olet saanut s\u00e4hk\u00f6postiin tai joka l\u00f6ytyy esimerkiksi opintojakson Moodlesta. Linkin painaminen avaa mobiililaitteesi Zoom-sovelluksen ja p\u00e4\u00e4set liittym\u00e4\u00e4n tapaamiseen.<\/li>\n\n\n\n<li>Voit my\u00f6s poimia Zoom-linkin lopussa olevan numerosarjan, naputella sen sovelluksen koodikentt\u00e4\u00e4n ja liitty\u00e4 tapaamiseen koodin avulla.<\/li>\n<\/ol>\n\n\n\n<h2 class=\"wp-block-heading\"><strong>3. Aktivoi mikrofoni ja kaiutin, kun tapaaminen avautuu.<\/strong><\/h2>\n\n\n\n<ol class=\"wp-block-list\">\n<li><span style=\"color: initial\">Klikkaa tarvittaessa <\/span><strong style=\"color: initial\">Join Audio<\/strong><span style=\"color: initial\">.<\/span><\/li>\n\n\n\n<li>Valitse <strong>Wifi or Cellular Data<\/strong>.<\/li>\n<\/ol>\n\n\n\n<h2 class=\"wp-block-heading\">4. Tarkista nimesi liitytty\u00e4si tapaamiseen.<\/h2>\n\n\n\n<ol class=\"wp-block-list\">\n<li>Jos et ole kirjautunut Zoom-sovellukseen, nimesi voi mobiililaitteella tapaamiseen liitytt\u00e4ess\u00e4 olla esimerkiksi numerosarja tai jotain mobiililaitteesi k\u00e4ytt\u00f6j\u00e4rjestelm\u00e4\u00e4n tai malliin liittyv\u00e4\u00e4 (esim. iPhone Pekka tai Samsung 123).<\/li>\n\n\n\n<li>Voit itse muokata nime\u00e4si klikkaamalla Participants-painiketta ja sitten nimesi yhteydess\u00e4 olevaa Rename-painiketta. <\/li>\n\n\n\n<li>Jos et saa p\u00e4ivitetty\u00e4 nime\u00e4si itse, pyyd\u00e4 tapaamisen j\u00e4rjest\u00e4j\u00e4\u00e4 muokkaamaan nimesi muotoon Etunimi Sukunimi.<\/li>\n<\/ol>\n\n\n\n<p><\/p>\n\n\n\n<h2 class=\"wp-block-heading\">Jos haluat liitty\u00e4 Zoom-tapaamiseen selaimella:<\/h2>\n\n\n\n<p>Jos sinun t\u00e4ytyy jostain syyst\u00e4 k\u00e4ytt\u00e4\u00e4 selainta, suosittelemme <strong>Chrome<\/strong>-selainta.&nbsp;Muita vaihtoehtoja ovat <strong>Firefox<\/strong> tai <strong>Edge<\/strong>.&nbsp;<strong>Emme suosittele Safaria<\/strong> tai <strong>Internet Exploreria.<\/strong><\/p>\n\n\n\n<ol class=\"wp-block-list\">\n<li>Klikkaa Zoom-tapaamislinkki\u00e4. Zoom ehdottaa sovelluksen lataamista tai tapaamisen avaamista sovelluksessa. <\/li>\n\n\n\n<li>Etsi n\u00e4yt\u00f6lt\u00e4 linkki <strong>Join from Your Browser<\/strong> ja klikkaa sit\u00e4.<\/li>\n\n\n\n<li>Seuraa n\u00e4yt\u00f6llesi tulevia ohjeita. Hyv\u00e4ksy, jos selain kysyy lupaa k\u00e4ytt\u00e4\u00e4 mikrofonia ja kameraa.<\/li>\n\n\n\n<li>Huomioithan, ett\u00e4 selaimella liitytt\u00e4ess\u00e4 esimerkiksi annotointi eli merkint\u00f6jen tekeminen jaettuun n\u00e4ytt\u00f6\u00f6n ei ole mahdollista.<\/li>\n<\/ol>\n","protected":false},"excerpt":{"rendered":"<p>Voit liitty\u00e4 Zoom-tapaamiseen tietokoneen sovelluksella, mobiililaitteen sovelluksella tai tietokoneen selaimella. L\u00f6yd\u00e4t alta ohjeet kaikkiin kolmeen liittymistapaan. Suosittelemme Zoomin k\u00e4ytt\u00f6\u00e4 tietokoneen sovelluksella. Voit ladata Zoom-sovelluksen&nbsp;Zoomin Download Centerist\u00e4. Valmistaudu Zoom-tapaamiseen ja liity tapaamiseen tietokoneen Zoom-sovelluksella. 1. Valmistaudu ennakkoon. 2. Varmista, ett\u00e4 olet saanut tapaamisen Zoom-linkin. 3. Tutustu tapaamisen perustoimintoihin. Jos haluat liitty\u00e4 Zoom-tapaamiseen mobiililaitteella Mobiililaite on hyv\u00e4 [&hellip;]<\/p>\n","protected":false},"author":74,"featured_media":0,"parent":0,"menu_order":1,"comment_status":"closed","ping_status":"closed","template":"","meta":{"_acf_changed":false,"_relevanssi_hide_post":"","_relevanssi_hide_content":"","_relevanssi_pin_for_all":"","_relevanssi_pin_keywords":"","_relevanssi_unpin_keywords":"","_relevanssi_related_keywords":"","_relevanssi_related_include_ids":"","_relevanssi_related_exclude_ids":"","_relevanssi_related_no_append":"","_relevanssi_related_not_related":"","_relevanssi_related_posts":"","_relevanssi_noindex_reason":"","footnotes":""},"categories":[],"tags":[],"class_list":["post-183","page","type-page","status-publish","hentry"],"acf":[],"yoast_head":"<!-- This site is optimized with the Yoast SEO plugin v27.4 - https:\/\/yoast.com\/product\/yoast-seo-wordpress\/ -->\n<title>Tapaamiseen liittyminen - Zoom<\/title>\n<meta name=\"robots\" content=\"index, follow, max-snippet:-1, max-image-preview:large, max-video-preview:-1\" \/>\n<link rel=\"canonical\" href=\"https:\/\/help.jamk.fi\/zoom\/fi\/zoom-tapaamiseen-liittyminen\/\" \/>\n<meta property=\"og:locale\" content=\"fi_FI\" \/>\n<meta property=\"og:type\" content=\"article\" \/>\n<meta property=\"og:title\" content=\"Tapaamiseen liittyminen - Zoom\" \/>\n<meta property=\"og:description\" content=\"Voit liitty\u00e4 Zoom-tapaamiseen tietokoneen sovelluksella, mobiililaitteen sovelluksella tai tietokoneen selaimella. L\u00f6yd\u00e4t alta ohjeet kaikkiin kolmeen liittymistapaan. Suosittelemme Zoomin k\u00e4ytt\u00f6\u00e4 tietokoneen sovelluksella. Voit ladata Zoom-sovelluksen&nbsp;Zoomin Download Centerist\u00e4. Valmistaudu Zoom-tapaamiseen ja liity tapaamiseen tietokoneen Zoom-sovelluksella. 1. Valmistaudu ennakkoon. 2. Varmista, ett\u00e4 olet saanut tapaamisen Zoom-linkin. 3. Tutustu tapaamisen perustoimintoihin. Jos haluat liitty\u00e4 Zoom-tapaamiseen mobiililaitteella Mobiililaite on hyv\u00e4 [&hellip;]\" \/>\n<meta property=\"og:url\" content=\"https:\/\/help.jamk.fi\/zoom\/fi\/zoom-tapaamiseen-liittyminen\/\" \/>\n<meta property=\"og:site_name\" content=\"Zoom\" \/>\n<meta property=\"article:modified_time\" content=\"2024-01-22T13:08:15+00:00\" \/>\n<meta name=\"twitter:card\" content=\"summary_large_image\" \/>\n<meta name=\"twitter:label1\" content=\"Arvioitu lukuaika\" \/>\n\t<meta name=\"twitter:data1\" content=\"4 minuuttia\" \/>\n<script type=\"application\/ld+json\" class=\"yoast-schema-graph\">{\"@context\":\"https:\\\/\\\/schema.org\",\"@graph\":[{\"@type\":\"WebPage\",\"@id\":\"https:\\\/\\\/help.jamk.fi\\\/zoom\\\/fi\\\/zoom-tapaamiseen-liittyminen\\\/\",\"url\":\"https:\\\/\\\/help.jamk.fi\\\/zoom\\\/fi\\\/zoom-tapaamiseen-liittyminen\\\/\",\"name\":\"Tapaamiseen liittyminen - Zoom\",\"isPartOf\":{\"@id\":\"https:\\\/\\\/help.jamk.fi\\\/zoom\\\/#website\"},\"datePublished\":\"2019-03-01T06:20:03+00:00\",\"dateModified\":\"2024-01-22T13:08:15+00:00\",\"breadcrumb\":{\"@id\":\"https:\\\/\\\/help.jamk.fi\\\/zoom\\\/fi\\\/zoom-tapaamiseen-liittyminen\\\/#breadcrumb\"},\"inLanguage\":\"fi\",\"potentialAction\":[{\"@type\":\"ReadAction\",\"target\":[\"https:\\\/\\\/help.jamk.fi\\\/zoom\\\/fi\\\/zoom-tapaamiseen-liittyminen\\\/\"]}]},{\"@type\":\"BreadcrumbList\",\"@id\":\"https:\\\/\\\/help.jamk.fi\\\/zoom\\\/fi\\\/zoom-tapaamiseen-liittyminen\\\/#breadcrumb\",\"itemListElement\":[{\"@type\":\"ListItem\",\"position\":1,\"name\":\"Etusivu\",\"item\":\"https:\\\/\\\/help.jamk.fi\\\/zoom\\\/fi\\\/\"},{\"@type\":\"ListItem\",\"position\":2,\"name\":\"Tapaamiseen liittyminen\"}]},{\"@type\":\"WebSite\",\"@id\":\"https:\\\/\\\/help.jamk.fi\\\/zoom\\\/#website\",\"url\":\"https:\\\/\\\/help.jamk.fi\\\/zoom\\\/\",\"name\":\"Zoom\",\"description\":\"\",\"potentialAction\":[{\"@type\":\"SearchAction\",\"target\":{\"@type\":\"EntryPoint\",\"urlTemplate\":\"https:\\\/\\\/help.jamk.fi\\\/zoom\\\/?s={search_term_string}\"},\"query-input\":{\"@type\":\"PropertyValueSpecification\",\"valueRequired\":true,\"valueName\":\"search_term_string\"}}],\"inLanguage\":\"fi\"}]}<\/script>\n<!-- \/ Yoast SEO plugin. -->","yoast_head_json":{"title":"Tapaamiseen liittyminen - Zoom","robots":{"index":"index","follow":"follow","max-snippet":"max-snippet:-1","max-image-preview":"max-image-preview:large","max-video-preview":"max-video-preview:-1"},"canonical":"https:\/\/help.jamk.fi\/zoom\/fi\/zoom-tapaamiseen-liittyminen\/","og_locale":"fi_FI","og_type":"article","og_title":"Tapaamiseen liittyminen - Zoom","og_description":"Voit liitty\u00e4 Zoom-tapaamiseen tietokoneen sovelluksella, mobiililaitteen sovelluksella tai tietokoneen selaimella. L\u00f6yd\u00e4t alta ohjeet kaikkiin kolmeen liittymistapaan. Suosittelemme Zoomin k\u00e4ytt\u00f6\u00e4 tietokoneen sovelluksella. Voit ladata Zoom-sovelluksen&nbsp;Zoomin Download Centerist\u00e4. Valmistaudu Zoom-tapaamiseen ja liity tapaamiseen tietokoneen Zoom-sovelluksella. 1. Valmistaudu ennakkoon. 2. Varmista, ett\u00e4 olet saanut tapaamisen Zoom-linkin. 3. Tutustu tapaamisen perustoimintoihin. Jos haluat liitty\u00e4 Zoom-tapaamiseen mobiililaitteella Mobiililaite on hyv\u00e4 [&hellip;]","og_url":"https:\/\/help.jamk.fi\/zoom\/fi\/zoom-tapaamiseen-liittyminen\/","og_site_name":"Zoom","article_modified_time":"2024-01-22T13:08:15+00:00","twitter_card":"summary_large_image","twitter_misc":{"Arvioitu lukuaika":"4 minuuttia"},"schema":{"@context":"https:\/\/schema.org","@graph":[{"@type":"WebPage","@id":"https:\/\/help.jamk.fi\/zoom\/fi\/zoom-tapaamiseen-liittyminen\/","url":"https:\/\/help.jamk.fi\/zoom\/fi\/zoom-tapaamiseen-liittyminen\/","name":"Tapaamiseen liittyminen - Zoom","isPartOf":{"@id":"https:\/\/help.jamk.fi\/zoom\/#website"},"datePublished":"2019-03-01T06:20:03+00:00","dateModified":"2024-01-22T13:08:15+00:00","breadcrumb":{"@id":"https:\/\/help.jamk.fi\/zoom\/fi\/zoom-tapaamiseen-liittyminen\/#breadcrumb"},"inLanguage":"fi","potentialAction":[{"@type":"ReadAction","target":["https:\/\/help.jamk.fi\/zoom\/fi\/zoom-tapaamiseen-liittyminen\/"]}]},{"@type":"BreadcrumbList","@id":"https:\/\/help.jamk.fi\/zoom\/fi\/zoom-tapaamiseen-liittyminen\/#breadcrumb","itemListElement":[{"@type":"ListItem","position":1,"name":"Etusivu","item":"https:\/\/help.jamk.fi\/zoom\/fi\/"},{"@type":"ListItem","position":2,"name":"Tapaamiseen liittyminen"}]},{"@type":"WebSite","@id":"https:\/\/help.jamk.fi\/zoom\/#website","url":"https:\/\/help.jamk.fi\/zoom\/","name":"Zoom","description":"","potentialAction":[{"@type":"SearchAction","target":{"@type":"EntryPoint","urlTemplate":"https:\/\/help.jamk.fi\/zoom\/?s={search_term_string}"},"query-input":{"@type":"PropertyValueSpecification","valueRequired":true,"valueName":"search_term_string"}}],"inLanguage":"fi"}]}},"_links":{"self":[{"href":"https:\/\/help.jamk.fi\/zoom\/wp-json\/wp\/v2\/pages\/183","targetHints":{"allow":["GET"]}}],"collection":[{"href":"https:\/\/help.jamk.fi\/zoom\/wp-json\/wp\/v2\/pages"}],"about":[{"href":"https:\/\/help.jamk.fi\/zoom\/wp-json\/wp\/v2\/types\/page"}],"author":[{"embeddable":true,"href":"https:\/\/help.jamk.fi\/zoom\/wp-json\/wp\/v2\/users\/74"}],"replies":[{"embeddable":true,"href":"https:\/\/help.jamk.fi\/zoom\/wp-json\/wp\/v2\/comments?post=183"}],"version-history":[{"count":10,"href":"https:\/\/help.jamk.fi\/zoom\/wp-json\/wp\/v2\/pages\/183\/revisions"}],"predecessor-version":[{"id":606,"href":"https:\/\/help.jamk.fi\/zoom\/wp-json\/wp\/v2\/pages\/183\/revisions\/606"}],"wp:attachment":[{"href":"https:\/\/help.jamk.fi\/zoom\/wp-json\/wp\/v2\/media?parent=183"}],"wp:term":[{"taxonomy":"category","embeddable":true,"href":"https:\/\/help.jamk.fi\/zoom\/wp-json\/wp\/v2\/categories?post=183"},{"taxonomy":"post_tag","embeddable":true,"href":"https:\/\/help.jamk.fi\/zoom\/wp-json\/wp\/v2\/tags?post=183"}],"curies":[{"name":"wp","href":"https:\/\/api.w.org\/{rel}","templated":true}]}}