{"id":189,"date":"2019-11-19T08:04:41","date_gmt":"2019-11-19T06:04:41","guid":{"rendered":"https:\/\/help.jamk.fi\/zoom\/hyvia-kaytanteita\/"},"modified":"2024-01-10T15:51:42","modified_gmt":"2024-01-10T13:51:42","slug":"hyvia-kaytanteita","status":"publish","type":"page","link":"https:\/\/help.jamk.fi\/zoom\/fi\/tapaamiskutsun-luominen\/hyvia-kaytanteita\/","title":{"rendered":"Hyvi\u00e4 k\u00e4yt\u00e4nteit\u00e4 verkkotapaamisia j\u00e4rjestett\u00e4ess\u00e4"},"content":{"rendered":"\n<h2 class=\"wp-block-heading\">1. Valmistaudu ja valmistele ennakkoon.<\/h2>\n\n\n\n<ol class=\"wp-block-list\">\n<li><strong>Kutsu:<\/strong> L\u00e4het\u00e4 selke\u00e4 kutsu verkkotapaamiseen. Mit\u00e4 tapahtuu, milloin ja miss\u00e4. Kerro kutsussa my\u00f6s, mit\u00e4 ty\u00f6skentelytapoja verkkotapaamisessa k\u00e4ytet\u00e4\u00e4n, miten osallistujien tulee valmistautua tapaamiseen ja mit\u00e4 osallistujilta odotetaan tapaamisessa. On eri asia osallistua luentotyyppiseen tilaisuuteen kuin tapaamiseen, jossa odotetaan esimerkiksi aktiivista ennakkovalmistautumista, kameran ja mikrofonin k\u00e4ytt\u00f6\u00e4, osallistumista pienryhm\u00e4keskusteluihin, tai reagointia chatin, reaktiopainikkeiden ja kyselyvastausten kautta. <\/li>\n\n\n\n<li><strong>Tutustuminen osallistujiin:<\/strong> Jos verkkotapaamisesi osallistujat ovat sinulle tuntemattomia tai et tied\u00e4 esimerkiksi heid\u00e4n osaamisestaan tapaamisessa k\u00e4sitelt\u00e4v\u00e4\u00e4n aiheeseen liittyen, mieti, miten voit tutustua osallistujiin jo ennen verkkotapaamista tai tapaamisen alussa, ja miten voit kartoittaa heid\u00e4n osaamistaan aiheesta.<\/li>\n\n\n\n<li><strong>Vierailija:<\/strong> Jos sinulla on tulossa verkkotapaamiseesi vierailija, j\u00e4rjest\u00e4 h\u00e4nelle harjoittelutapaaminen ennen varsinaista tapaamista. Varmistakaa yhteyksien ja \u00e4\u00e4nten toimivuus ja esimerkiksi n\u00e4yt\u00f6njaon onnistuminen.<\/li>\n\n\n\n<li><strong>Tapaamisen runko, aktiviteetit ja materiaalit:<\/strong> Rakenna tapaamisen runko, aktiviteetit ja materiaalit niin, ett\u00e4 aktivoit tapaamisen osallistujia s\u00e4\u00e4nn\u00f6llisesti ja niin, ett\u00e4 edist\u00e4t psykologisen turvallisuuden tunnetta. <\/li>\n\n\n\n<li><strong>Psykologinen turvallisuus:<\/strong> Psykologista turvallisuutta lis\u00e4\u00e4 se, ett\u00e4 osallistujat tiet\u00e4v\u00e4t jo ennakkoon, mit\u00e4 tapaamiseen osallistuminen heilt\u00e4 vaatii. Tapaamisen aikana psykologista turvallisuutta edist\u00e4\u00e4 se, ett\u00e4 osallistujat tiet\u00e4v\u00e4t, miten tapaaminen etenee ja mik\u00e4 heid\u00e4n roolinsa on. <\/li>\n\n\n\n<li><strong>Tauot:<\/strong> Muista s\u00e4\u00e4nn\u00f6lliset tauot niin pidemmiss\u00e4 kuin lyhyemmiss\u00e4kin tapaamisissa. Voi olla hyv\u00e4 lis\u00e4t\u00e4 materiaaliin erilliset diat, jotka muistuttavat tauoista ja vaikkapa osallistujien aktivoinnista.<\/li>\n\n\n\n<li><strong>Lis\u00e4n\u00e4ytt\u00f6 l\u00e4pp\u00e4rin apuna:<\/strong> Verkkotapaamisen aikana ty\u00f6skentely on helpompaa, jos sinulla on k\u00e4yt\u00f6ss\u00e4 lis\u00e4n\u00e4ytt\u00f6 kannettavan tietokoneesi lis\u00e4ksi. Voit esimerkiksi jakaa lis\u00e4n\u00e4yt\u00f6n verkkotapaamisesi osallistujille ja seurata kannettavan tietokoneen n\u00e4yt\u00f6lt\u00e4 tapaamisen chattia ja osallistujien videokuvia. <\/li>\n\n\n\n<li><strong>Kuulokkeet:<\/strong> Laadukas \u00e4\u00e4ni on t\u00e4rke\u00e4\u00e4 tapaamisen onnistumiselle. Varmista, ett\u00e4 osaat yhdist\u00e4\u00e4 Bluetooth-kuulokkeet kannettavaan tietokoneeseesi. <\/li>\n\n\n\n<li><strong>Nettiyhteys: <\/strong>Laadukas nettiyhteys takaa \u00e4\u00e4nen kuulumisen ja kuvan n\u00e4kymisen.<\/li>\n\n\n\n<li><strong>Toinen host tapaamiseen:<\/strong> Mieti, kannattaako verkkotapaaminen j\u00e4rjest\u00e4\u00e4 yhdess\u00e4 kollegan kanssa. Silloin voitte yhdess\u00e4 suunnitella sis\u00e4ll\u00f6n ja jakaa teht\u00e4vi\u00e4. Voit lis\u00e4t\u00e4 toisen hostin Zoom-tapaamiseen jo tapaamislinkki\u00e4 luodessasi (Alternative host). T\u00e4ll\u00f6in teill\u00e4 on molemmilla oikeudet avata tapaaminen ja hallinnoida sit\u00e4. Toinen host voi hoitaa tapaamisen ohjelman taustalla esimerkiksi osallistujien tekniset tukipyynn\u00f6t tai jakaa osallistujat Breakout-huoneisiin, kun toinen host hoitaa osallistujien ohjeistamisen.<\/li>\n\n\n\n<li><strong>Verkkopedagogiikan suunnittelija verkkotapaamisen suunnitteluapuna:<\/strong> Ota verkkopedagogiikan suunnittelija mukaan jo verkkotapaamisen suunnitteluvaiheeseen. H\u00e4nelt\u00e4 saat hyvi\u00e4 vinkkej\u00e4 sujuvan verkkotapaamisen toteuttamiseen sek\u00e4 osallistujien ett\u00e4 tapaamisen j\u00e4rjest\u00e4j\u00e4n n\u00e4k\u00f6kulmasta.<\/li>\n\n\n\n<li><strong>Tekniikka haltuun verkkopedagogiikan suunnittelijan kanssa:<\/strong> Varmista verkkopedagogiikan suunnittelijan kanssa, ett\u00e4 osaat k\u00e4ytt\u00e4\u00e4 Zoomin eri ominaisuuksia. Harjoitelkaa yhdess\u00e4 esimerkiksi Breakout-huoneiden rakentamista tai annotointia jaetun n\u00e4yt\u00f6n p\u00e4\u00e4lle. Huomioi my\u00f6s, ett\u00e4 jos ty\u00f6kaluna onkin Teams, toiminnot ovat hieman erilaisia.<\/li>\n<\/ol>\n\n\n\n<p><\/p>\n\n\n\n<h2 class=\"wp-block-heading\">2. Aloita verkkotapaaminen aktiivisesti.<\/h2>\n\n\n\n<ol class=\"wp-block-list\">\n<li><strong>Tapaaminen auki:<\/strong> Avaa tapaaminen 5-10 minuuttia ennen tapaamisen kalenteroitua alkamisaikaa.<\/li>\n\n\n\n<li><strong>\u00c4\u00e4nitesti:<\/strong> Testaa mikrofonin ja kaiuttimien toiminta aina Zoom-tapaamisen alussa (Test Speaker and Microphone).<\/li>\n\n\n\n<li><strong>Osallistujat liittyv\u00e4t tapaamiseen:<\/strong> Seuraa osallistujien liittymist\u00e4 tapaamiseesi Zoomin Participants-n\u00e4kym\u00e4st\u00e4. Kun huomaat, ett\u00e4 osallistuja on saanut \u00e4\u00e4net yhdistetty\u00e4, voit toivottaa h\u00e4net tervetulleeksi &#8221;Huomenta Liisa!&#8221;. Henkil\u00f6kohtaiseen tervehdykseen on helpompi vastata. Samalla varmistat, ett\u00e4 h\u00e4nen mikrofoninsa ja kaiuttimensa toimivat.<\/li>\n\n\n\n<li><strong>Rentoa jutustelua:<\/strong> Kun osallistujat liittyv\u00e4t tapaamiseen ja tapaamisen aloitusaika l\u00e4henee, voit jutustella osallistujien kanssa, kysell\u00e4 kuulumisia ja aktivoida heit\u00e4 esimerkiksi annotoinnin tai chattiin kirjoittamisen kautta vaikkapa tapaamisen teemaan liittyen. Jutustelun ja oman videokuvasi avulla varmistat my\u00f6s sen, ett\u00e4 osallistujat tiet\u00e4v\u00e4t, ett\u00e4 \u00e4\u00e4net toimivat ja tapaamiseen liittyminen on onnistunut.<\/li>\n\n\n\n<li><strong>Aikataulu ja tavoitteet:<\/strong> Kun tapaaminen virallisesti alkaa, kerro tapaamisen aikataulu ja tavoitteet. Kerro, miksi olette kokoontuneet yhteen ja millaisilla askeleilla etenette kohti tapaamisen tavoitteita.<\/li>\n\n\n\n<li><strong>Tapaamisen s\u00e4\u00e4nn\u00f6t:<\/strong> K\u00e4yk\u00e4\u00e4 l\u00e4pi yhteiset s\u00e4\u00e4nn\u00f6t verkkotapaamiselle. Esimerkiksi, puheenvuoroa voi pyyt\u00e4\u00e4 monilla eri tavoilla riippuen vaikkapa siit\u00e4, kuinka monta osallistujaa tapaamisessa on. Pienen ryhm\u00e4n tapaamisessa voi klikata suoraan mikrofonin p\u00e4\u00e4lle kommenttia varten. Hieman suuremmassa keskustelevassa ryhm\u00e4ss\u00e4 voi toimia se, ett\u00e4 klikkaa videokameran p\u00e4\u00e4lle viestin\u00e4 puheenvuorotoiveesta. Jos pyyd\u00e4t k\u00e4ytt\u00e4m\u00e4\u00e4n videokameraa, k\u00e4dennostopainiketta Reactions-painikkeen alta tai chat-viestej\u00e4 puheenvuoropyynt\u00f6n\u00e4, varmista, ett\u00e4 pystyt my\u00f6s seuraamaan Zoomissa videokuvia, nostettuja k\u00e4si\u00e4 ja chat-kommentteja. <\/li>\n\n\n\n<li><strong>Kameran k\u00e4ytt\u00f6:<\/strong> On hyv\u00e4 my\u00f6s yhdess\u00e4 sopia s\u00e4\u00e4nn\u00f6t kameran k\u00e4yt\u00f6lle ja tarvittaessa perustella kamerakuvan merkityst\u00e4 osallistujille. Voi olla hyv\u00e4 sopia esimerkiksi siit\u00e4, ett\u00e4 kameraa k\u00e4ytet\u00e4\u00e4n v\u00e4hint\u00e4\u00e4n silloin, kun on oma puheenvuoro ja kun ty\u00f6skennell\u00e4\u00e4n pienryhmiss\u00e4. Voi my\u00f6s olla hyv\u00e4 keskustella siit\u00e4, ett\u00e4 oman kameran voi sulkea esimerkiksi silloin, jos haluaa rauhassa pohtia jotain asiaa tai haluaa pienen heng\u00e4hdystauon. Kameran toiminnan voit testata vaikkapa pyyt\u00e4m\u00e4ll\u00e4 osallistujia n\u00e4ytt\u00e4m\u00e4\u00e4n kameralleen kyseisen aamun kahvimukin tai nostamaan peukun yl\u00f6s kamerassa vastauksena johonkin kysymykseesi.<\/li>\n\n\n\n<li><strong>Tallentaminen: <\/strong>Jos tapaaminen tallennetaan, kerro siit\u00e4 osallistujille. Jamkissa Zoom-tapaamisten pilvitallenteet tallentuvat suoraan Panopto-j\u00e4rjestelm\u00e4\u00e4n.<\/li>\n\n\n\n<li><strong>Yksityisyyden suoja: <\/strong>Varmista, ett\u00e4 osallistujat osaavat k\u00e4ytt\u00e4\u00e4 virtuaalitaustaa tai sumentaa taustan.<\/li>\n<\/ol>\n\n\n\n<p><\/p>\n\n\n\n<h2 class=\"wp-block-heading\">3. Verkkotapaaminen vauhdissa.<\/h2>\n\n\n\n<ol class=\"wp-block-list\">\n<li><strong>Jaa innostuksesi:<\/strong> N\u00e4yt\u00e4 verkkotapaamisesi osallistujille, ett\u00e4 olet innostunut k\u00e4sitelt\u00e4v\u00e4st\u00e4 aiheesta. <\/li>\n\n\n\n<li><strong>Toteuta monipuolinen tapaaminen:<\/strong> Jaottele tapaaminen vaiheisiin sis\u00e4ll\u00f6n ja toimintatapojen suhteen. Hy\u00f6dynn\u00e4 tauot ja osallistujia aktivoivat osiot oppimisen tukena.<\/li>\n\n\n\n<li><strong>Tauota:<\/strong> Pid\u00e4 selke\u00e4t tauot. Jaksat itse tapaamisen vet\u00e4j\u00e4n\u00e4 paremmin ja osallistujat jaksavat osallistua paremmin.<\/li>\n\n\n\n<li><strong>Huomioi ja aktivoi:<\/strong> Huomioi tapaamisen osallistujat eri tavoin ja k\u00e4yt\u00e4 monipuolisia tapoja aktivoida. Erilaiset tavat osallistua lis\u00e4\u00e4v\u00e4t psykologisen turvallisuuden tunnetta. Joskus voi olla hyv\u00e4 kysy\u00e4 mielipidett\u00e4, kommentteja tai ideoita chatissa tai tarkistaa osallistujien mukana pysyminen pienell\u00e4 kyselyll\u00e4. Jos mikrofonin avaaminen tuntuu hankalalta, tarjoa erilaisia vaihtoehtoja kertoa oma mielipide tai idea.<\/li>\n\n\n\n<li><strong>Pohjusta pienryhm\u00e4ty\u00f6skentely: <\/strong>Pohjusta pienryhm\u00e4ty\u00f6skentely perusteellisesti ja mieti selke\u00e4t tavat ty\u00f6skentelyn purkamiselle.<\/li>\n\n\n\n<li><strong>Ole hiljaa:<\/strong> Jos pyyd\u00e4t osallistujia kirjoittamaan chattiin tai miettim\u00e4\u00e4n vastauksia retorisiinkin kysymyksiin, anna heille pohdinta- ja kirjoittamisrauha muutamaksi minuutiksi. Tutkaile chat-vastauksia ja nostoja mielenkiintoisista n\u00e4k\u00f6kulmista.<\/li>\n\n\n\n<li><strong>Sanoita tekemisesi<\/strong>: Kerro esimerkiksi, ett\u00e4 kohta klikkaat Breakout-huoneet auki ja ett\u00e4 osallistujat siirtyv\u00e4t suoraan Breakout-huoneisiin. N\u00e4in Breakout-huoneisiin siirtyminen ei tule osallistujille yll\u00e4tyksen\u00e4. Voit my\u00f6s varmistaa osallistujilta, ett\u00e4 he ovat ymm\u00e4rt\u00e4neet ohjeesi, esimerkiksi pyyt\u00e4m\u00e4ll\u00e4 heit\u00e4 klikkaamaan kameran p\u00e4\u00e4lle ja n\u00e4ytt\u00e4m\u00e4\u00e4n peukkua tai klikkaamalla Reactions-painikkeesta peukku yl\u00f6s -painiketta.<\/li>\n\n\n\n<li><strong>Palaa tavoitteisiin:<\/strong> Palaa verkkotapaamisen lopuksi viel\u00e4 tapaamisen tavoitteisiin ja kartoita, onko tavoitteet saavutettu tai miten tavoitteiden saavuttamista voi jatkaa viel\u00e4 verkkotapaamisen j\u00e4lkeen.<\/li>\n\n\n\n<li><strong>\u00c4l\u00e4 sulje Zoomia heti, kun viralliset asiat on k\u00e4sitelty: <\/strong>Jos mahdollista, j\u00e4\u00e4 tapaamisen lopuksi viel\u00e4 hetkeksi linjoille, jos osallistujilla on kysymyksi\u00e4 tai kommentteja, joita he eiv\u00e4t ole halunneet kysy\u00e4 tapaamisen aikana.<\/li>\n<\/ol>\n\n\n\n<p><\/p>\n\n\n\n<h2 class=\"wp-block-heading\">4. Verkkotapaamisen j\u00e4lkeen.<\/h2>\n\n\n\n<ol class=\"wp-block-list\">\n<li><strong>Kiit\u00e4 osallistujia<\/strong>: Opettajana voit kiitt\u00e4\u00e4 verkkotapaamiseen osallistuneita opiskelijoitasi esimerkiksi l\u00e4hett\u00e4m\u00e4ll\u00e4 viestin Moodlen uutiset-keskustelualueen kautta. Huomioi opiskelijoiden aktiivisuus, kehu ja kannusta. Anna ohjeet, miten edet\u00e4 seuraavaksi. <\/li>\n\n\n\n<li><strong>Jaa tallenne ja tapaamisen materiaalit:<\/strong> Jos olet tallentanut Zoom-tapaamisesi Panoptoon, jaa sielt\u00e4 linkki Moodleen. Linkin Panoptoon voi jakaa my\u00f6s Jamkin ulkopuolelle.<\/li>\n\n\n\n<li><strong>Pohdi, ideoi ja kehit\u00e4:<\/strong> Mieti, mik\u00e4 sujui tapaamisessa hyvin, mit\u00e4 voisit kehitt\u00e4\u00e4 ja millaisia asioita haluat korostaa seuraavassa verkkotapaamisessasi. Ota yhteytt\u00e4 verkkopedagogiikan suunnittelijaan ja pohtikaa yhdess\u00e4, miten sinun verkkotapaamisiasi voisi kehitt\u00e4\u00e4.<\/li>\n<\/ol>\n\n\n\n<p><\/p>\n","protected":false},"excerpt":{"rendered":"<p>1. Valmistaudu ja valmistele ennakkoon. 2. Aloita verkkotapaaminen aktiivisesti. 3. Verkkotapaaminen vauhdissa. 4. Verkkotapaamisen j\u00e4lkeen.<\/p>\n","protected":false},"author":74,"featured_media":0,"parent":36,"menu_order":5,"comment_status":"closed","ping_status":"closed","template":"","meta":{"_acf_changed":false,"_relevanssi_hide_post":"","_relevanssi_hide_content":"","_relevanssi_pin_for_all":"","_relevanssi_pin_keywords":"","_relevanssi_unpin_keywords":"","_relevanssi_related_keywords":"","_relevanssi_related_include_ids":"","_relevanssi_related_exclude_ids":"","_relevanssi_related_no_append":"","_relevanssi_related_not_related":"","_relevanssi_related_posts":"","_relevanssi_noindex_reason":"","footnotes":""},"categories":[],"tags":[],"class_list":["post-189","page","type-page","status-publish","hentry"],"acf":[],"yoast_head":"<!-- This site is optimized with the Yoast SEO plugin v27.4 - https:\/\/yoast.com\/product\/yoast-seo-wordpress\/ -->\n<title>Hyvi\u00e4 k\u00e4yt\u00e4nteit\u00e4 verkkotapaamisia j\u00e4rjestett\u00e4ess\u00e4 - Zoom<\/title>\n<meta name=\"robots\" content=\"index, follow, max-snippet:-1, max-image-preview:large, max-video-preview:-1\" \/>\n<link rel=\"canonical\" href=\"https:\/\/help.jamk.fi\/zoom\/fi\/tapaamiskutsun-luominen\/hyvia-kaytanteita\/\" \/>\n<meta property=\"og:locale\" content=\"fi_FI\" \/>\n<meta property=\"og:type\" content=\"article\" \/>\n<meta property=\"og:title\" content=\"Hyvi\u00e4 k\u00e4yt\u00e4nteit\u00e4 verkkotapaamisia j\u00e4rjestett\u00e4ess\u00e4 - Zoom\" \/>\n<meta property=\"og:description\" content=\"1. Valmistaudu ja valmistele ennakkoon. 2. Aloita verkkotapaaminen aktiivisesti. 3. Verkkotapaaminen vauhdissa. 4. Verkkotapaamisen j\u00e4lkeen.\" \/>\n<meta property=\"og:url\" content=\"https:\/\/help.jamk.fi\/zoom\/fi\/tapaamiskutsun-luominen\/hyvia-kaytanteita\/\" \/>\n<meta property=\"og:site_name\" content=\"Zoom\" \/>\n<meta property=\"article:modified_time\" content=\"2024-01-10T13:51:42+00:00\" \/>\n<meta name=\"twitter:card\" content=\"summary_large_image\" \/>\n<meta name=\"twitter:label1\" content=\"Arvioitu lukuaika\" \/>\n\t<meta name=\"twitter:data1\" content=\"7 minuuttia\" \/>\n<script type=\"application\/ld+json\" class=\"yoast-schema-graph\">{\"@context\":\"https:\\\/\\\/schema.org\",\"@graph\":[{\"@type\":\"WebPage\",\"@id\":\"https:\\\/\\\/help.jamk.fi\\\/zoom\\\/fi\\\/tapaamiskutsun-luominen\\\/hyvia-kaytanteita\\\/\",\"url\":\"https:\\\/\\\/help.jamk.fi\\\/zoom\\\/fi\\\/tapaamiskutsun-luominen\\\/hyvia-kaytanteita\\\/\",\"name\":\"Hyvi\u00e4 k\u00e4yt\u00e4nteit\u00e4 verkkotapaamisia j\u00e4rjestett\u00e4ess\u00e4 - Zoom\",\"isPartOf\":{\"@id\":\"https:\\\/\\\/help.jamk.fi\\\/zoom\\\/#website\"},\"datePublished\":\"2019-11-19T06:04:41+00:00\",\"dateModified\":\"2024-01-10T13:51:42+00:00\",\"breadcrumb\":{\"@id\":\"https:\\\/\\\/help.jamk.fi\\\/zoom\\\/fi\\\/tapaamiskutsun-luominen\\\/hyvia-kaytanteita\\\/#breadcrumb\"},\"inLanguage\":\"fi\",\"potentialAction\":[{\"@type\":\"ReadAction\",\"target\":[\"https:\\\/\\\/help.jamk.fi\\\/zoom\\\/fi\\\/tapaamiskutsun-luominen\\\/hyvia-kaytanteita\\\/\"]}]},{\"@type\":\"BreadcrumbList\",\"@id\":\"https:\\\/\\\/help.jamk.fi\\\/zoom\\\/fi\\\/tapaamiskutsun-luominen\\\/hyvia-kaytanteita\\\/#breadcrumb\",\"itemListElement\":[{\"@type\":\"ListItem\",\"position\":1,\"name\":\"Etusivu\",\"item\":\"https:\\\/\\\/help.jamk.fi\\\/zoom\\\/fi\\\/\"},{\"@type\":\"ListItem\",\"position\":2,\"name\":\"Tapaamisen j\u00e4rjest\u00e4minen\",\"item\":\"https:\\\/\\\/help.jamk.fi\\\/zoom\\\/fi\\\/tapaamiskutsun-luominen\\\/\"},{\"@type\":\"ListItem\",\"position\":3,\"name\":\"Hyvi\u00e4 k\u00e4yt\u00e4nteit\u00e4 verkkotapaamisia j\u00e4rjestett\u00e4ess\u00e4\"}]},{\"@type\":\"WebSite\",\"@id\":\"https:\\\/\\\/help.jamk.fi\\\/zoom\\\/#website\",\"url\":\"https:\\\/\\\/help.jamk.fi\\\/zoom\\\/\",\"name\":\"Zoom\",\"description\":\"\",\"potentialAction\":[{\"@type\":\"SearchAction\",\"target\":{\"@type\":\"EntryPoint\",\"urlTemplate\":\"https:\\\/\\\/help.jamk.fi\\\/zoom\\\/?s={search_term_string}\"},\"query-input\":{\"@type\":\"PropertyValueSpecification\",\"valueRequired\":true,\"valueName\":\"search_term_string\"}}],\"inLanguage\":\"fi\"}]}<\/script>\n<!-- \/ Yoast SEO plugin. -->","yoast_head_json":{"title":"Hyvi\u00e4 k\u00e4yt\u00e4nteit\u00e4 verkkotapaamisia j\u00e4rjestett\u00e4ess\u00e4 - Zoom","robots":{"index":"index","follow":"follow","max-snippet":"max-snippet:-1","max-image-preview":"max-image-preview:large","max-video-preview":"max-video-preview:-1"},"canonical":"https:\/\/help.jamk.fi\/zoom\/fi\/tapaamiskutsun-luominen\/hyvia-kaytanteita\/","og_locale":"fi_FI","og_type":"article","og_title":"Hyvi\u00e4 k\u00e4yt\u00e4nteit\u00e4 verkkotapaamisia j\u00e4rjestett\u00e4ess\u00e4 - Zoom","og_description":"1. Valmistaudu ja valmistele ennakkoon. 2. Aloita verkkotapaaminen aktiivisesti. 3. Verkkotapaaminen vauhdissa. 4. Verkkotapaamisen j\u00e4lkeen.","og_url":"https:\/\/help.jamk.fi\/zoom\/fi\/tapaamiskutsun-luominen\/hyvia-kaytanteita\/","og_site_name":"Zoom","article_modified_time":"2024-01-10T13:51:42+00:00","twitter_card":"summary_large_image","twitter_misc":{"Arvioitu lukuaika":"7 minuuttia"},"schema":{"@context":"https:\/\/schema.org","@graph":[{"@type":"WebPage","@id":"https:\/\/help.jamk.fi\/zoom\/fi\/tapaamiskutsun-luominen\/hyvia-kaytanteita\/","url":"https:\/\/help.jamk.fi\/zoom\/fi\/tapaamiskutsun-luominen\/hyvia-kaytanteita\/","name":"Hyvi\u00e4 k\u00e4yt\u00e4nteit\u00e4 verkkotapaamisia j\u00e4rjestett\u00e4ess\u00e4 - Zoom","isPartOf":{"@id":"https:\/\/help.jamk.fi\/zoom\/#website"},"datePublished":"2019-11-19T06:04:41+00:00","dateModified":"2024-01-10T13:51:42+00:00","breadcrumb":{"@id":"https:\/\/help.jamk.fi\/zoom\/fi\/tapaamiskutsun-luominen\/hyvia-kaytanteita\/#breadcrumb"},"inLanguage":"fi","potentialAction":[{"@type":"ReadAction","target":["https:\/\/help.jamk.fi\/zoom\/fi\/tapaamiskutsun-luominen\/hyvia-kaytanteita\/"]}]},{"@type":"BreadcrumbList","@id":"https:\/\/help.jamk.fi\/zoom\/fi\/tapaamiskutsun-luominen\/hyvia-kaytanteita\/#breadcrumb","itemListElement":[{"@type":"ListItem","position":1,"name":"Etusivu","item":"https:\/\/help.jamk.fi\/zoom\/fi\/"},{"@type":"ListItem","position":2,"name":"Tapaamisen j\u00e4rjest\u00e4minen","item":"https:\/\/help.jamk.fi\/zoom\/fi\/tapaamiskutsun-luominen\/"},{"@type":"ListItem","position":3,"name":"Hyvi\u00e4 k\u00e4yt\u00e4nteit\u00e4 verkkotapaamisia j\u00e4rjestett\u00e4ess\u00e4"}]},{"@type":"WebSite","@id":"https:\/\/help.jamk.fi\/zoom\/#website","url":"https:\/\/help.jamk.fi\/zoom\/","name":"Zoom","description":"","potentialAction":[{"@type":"SearchAction","target":{"@type":"EntryPoint","urlTemplate":"https:\/\/help.jamk.fi\/zoom\/?s={search_term_string}"},"query-input":{"@type":"PropertyValueSpecification","valueRequired":true,"valueName":"search_term_string"}}],"inLanguage":"fi"}]}},"_links":{"self":[{"href":"https:\/\/help.jamk.fi\/zoom\/wp-json\/wp\/v2\/pages\/189","targetHints":{"allow":["GET"]}}],"collection":[{"href":"https:\/\/help.jamk.fi\/zoom\/wp-json\/wp\/v2\/pages"}],"about":[{"href":"https:\/\/help.jamk.fi\/zoom\/wp-json\/wp\/v2\/types\/page"}],"author":[{"embeddable":true,"href":"https:\/\/help.jamk.fi\/zoom\/wp-json\/wp\/v2\/users\/74"}],"replies":[{"embeddable":true,"href":"https:\/\/help.jamk.fi\/zoom\/wp-json\/wp\/v2\/comments?post=189"}],"version-history":[{"count":3,"href":"https:\/\/help.jamk.fi\/zoom\/wp-json\/wp\/v2\/pages\/189\/revisions"}],"predecessor-version":[{"id":580,"href":"https:\/\/help.jamk.fi\/zoom\/wp-json\/wp\/v2\/pages\/189\/revisions\/580"}],"up":[{"embeddable":true,"href":"https:\/\/help.jamk.fi\/zoom\/wp-json\/wp\/v2\/pages\/36"}],"wp:attachment":[{"href":"https:\/\/help.jamk.fi\/zoom\/wp-json\/wp\/v2\/media?parent=189"}],"wp:term":[{"taxonomy":"category","embeddable":true,"href":"https:\/\/help.jamk.fi\/zoom\/wp-json\/wp\/v2\/categories?post=189"},{"taxonomy":"post_tag","embeddable":true,"href":"https:\/\/help.jamk.fi\/zoom\/wp-json\/wp\/v2\/tags?post=189"}],"curies":[{"name":"wp","href":"https:\/\/api.w.org\/{rel}","templated":true}]}}