{"id":192,"date":"2020-06-03T08:47:48","date_gmt":"2020-06-03T05:47:48","guid":{"rendered":"https:\/\/help.jamk.fi\/zoom\/yksityisyys-ja-tietoturva\/"},"modified":"2024-01-19T16:16:08","modified_gmt":"2024-01-19T14:16:08","slug":"yksityisyys-ja-tietoturva","status":"publish","type":"page","link":"https:\/\/help.jamk.fi\/zoom\/fi\/yksityisyys-ja-tietoturva\/","title":{"rendered":"Yksityisyys ja tietoturva Zoomissa"},"content":{"rendered":"\n<p>Suojaa yksityisyytt\u00e4si ja huolehdi tietoturvasta j\u00e4rjest\u00e4ess\u00e4si Zoom-tapaamisia ja osallistuessasi niihin.<\/p>\n\n\n\n<ol class=\"wp-block-list\">\n<li>P\u00e4ivit\u00e4 laitteellasi oleva internet-selain (tapahtuu useimmiten automaattisesti) ja Zoom-sovellus (Check for updates) s\u00e4\u00e4nn\u00f6llisesti.<\/li>\n\n\n\n<li>Suojaa Zoom-tapaamisesi salasanalla ja\/tai odotushuoneella.<\/li>\n\n\n\n<li>Opettele k\u00e4ytt\u00e4m\u00e4\u00e4n Security-painikkeen takana olevia asetuksia, joiden avulla voit tarvittaessa rajata osallistujien mahdollisuuksia jakaa ruutua, n\u00e4ytt\u00e4\u00e4 videokuvaa tai k\u00e4ytt\u00e4\u00e4 chattia. Voit my\u00f6s tapaamisen aikana poistaa yksitt\u00e4isen osallistujan Remove-toiminnolla. <\/li>\n\n\n\n<li>Pyri jakamaan Zoom-tapaamisen linkki vain tapaamiseen ilmoittautuneille. Julkisesti esimerkiksi sosiaalisessa mediassa jaetut linkit <\/li>\n\n\n\n<li>\u00c4l\u00e4 jaa saamaasi Zoom-linkki\u00e4, ID-numeroa tai tapaamisen salasanaa ulkopuolisille.<\/li>\n\n\n\n<li>Osallistu Zoom-tapaamisiin rauhallisesta paikasta, jossa esimerkiksi perheenj\u00e4senesi eiv\u00e4t vahingossa n\u00e4y videokameran kuvassa tai kuulu mikrofonin kautta.<\/li>\n\n\n\n<li>K\u00e4yt\u00e4 Zoom-tapaamisissa virtuaalitaustaa, valitse taustan sumennus tai asetu koneesi kanssa niin, ett\u00e4 takanasi on sein\u00e4. <\/li>\n\n\n\n<li>Klikkaa nuolta videokamerakuvakkeen vieress\u00e4 ja valitse <strong>Choose Virtual Background<\/strong> tai <strong>Blur My Background<\/strong>.<\/li>\n\n\n\n<li>Kun olet kirjautunut Zoomiin Jamkin tunnuksilla, voit valita muutamasta Jamkin taustasta. Voit my\u00f6s ladata oman kuvan tai videon taustakuvaksi. <\/li>\n\n\n\n<li><a href=\"https:\/\/explore.zoom.us\/docs\/doc\/Securing%20Your%20Zoom%20Meetings.pdf\" target=\"_blank\" rel=\"noreferrer noopener\">Zoomin ohje turvalliseen verkkotapaamiseen<\/a><\/li>\n<\/ol>\n\n\n\n<h2 class=\"wp-block-heading\">Taustatietoa Jamkin Zoomista<\/h2>\n\n\n\n<p>Jamkissa k\u00e4ytet\u00e4\u00e4n Zoomia <a href=\"https:\/\/nordu.net\/#\" target=\"_blank\" rel=\"noreferrer noopener\">NORDUnetin<\/a>&nbsp; tarjoamana <a href=\"https:\/\/wiki.eduuni.fi\/pages\/viewpage.action?pageId=64312297\" target=\"_blank\" rel=\"noreferrer noopener\">Funet Miitti<\/a> -palveluna. Funet Miittiss\u00e4 video- ja audioliikenne kulkee vain NORDUnetin ja Funetin kautta ja palvelinsalit sijaitsevat EU-alueella. Funetin Miitti noudattaa Suomen lakia ja eurooppalaista tietosuojas\u00e4\u00e4ntely\u00e4.<\/p>\n\n\n\n<p>K\u00e4ytt\u00e4j\u00e4n etunimi, sukunimi, s\u00e4hk\u00f6postiosoite sek\u00e4 ip-osoite v\u00e4littyy Zoom-lisenssin validoinnissa Zoomin lisenssipalvelimille, jotka sijaitsevat Euroopassa.<\/p>\n","protected":false},"excerpt":{"rendered":"<p>Suojaa yksityisyytt\u00e4si ja huolehdi tietoturvasta j\u00e4rjest\u00e4ess\u00e4si Zoom-tapaamisia ja osallistuessasi niihin. Taustatietoa Jamkin Zoomista Jamkissa k\u00e4ytet\u00e4\u00e4n Zoomia NORDUnetin&nbsp; tarjoamana Funet Miitti -palveluna. Funet Miittiss\u00e4 video- ja audioliikenne kulkee vain NORDUnetin ja Funetin kautta ja palvelinsalit sijaitsevat EU-alueella. Funetin Miitti noudattaa Suomen lakia ja eurooppalaista tietosuojas\u00e4\u00e4ntely\u00e4. K\u00e4ytt\u00e4j\u00e4n etunimi, sukunimi, s\u00e4hk\u00f6postiosoite sek\u00e4 ip-osoite v\u00e4littyy Zoom-lisenssin validoinnissa Zoomin lisenssipalvelimille, [&hellip;]<\/p>\n","protected":false},"author":74,"featured_media":0,"parent":0,"menu_order":9,"comment_status":"closed","ping_status":"closed","template":"","meta":{"_acf_changed":false,"_relevanssi_hide_post":"","_relevanssi_hide_content":"","_relevanssi_pin_for_all":"","_relevanssi_pin_keywords":"","_relevanssi_unpin_keywords":"","_relevanssi_related_keywords":"","_relevanssi_related_include_ids":"","_relevanssi_related_exclude_ids":"","_relevanssi_related_no_append":"","_relevanssi_related_not_related":"","_relevanssi_related_posts":"","_relevanssi_noindex_reason":"","footnotes":""},"categories":[],"tags":[],"class_list":["post-192","page","type-page","status-publish","hentry"],"acf":[],"yoast_head":"<!-- This site is optimized with the Yoast SEO plugin v27.3 - https:\/\/yoast.com\/product\/yoast-seo-wordpress\/ -->\n<title>Yksityisyys ja tietoturva Zoomissa - Zoom<\/title>\n<meta name=\"robots\" content=\"index, follow, max-snippet:-1, max-image-preview:large, max-video-preview:-1\" \/>\n<link rel=\"canonical\" href=\"https:\/\/help.jamk.fi\/zoom\/fi\/yksityisyys-ja-tietoturva\/\" \/>\n<meta property=\"og:locale\" content=\"fi_FI\" \/>\n<meta property=\"og:type\" content=\"article\" \/>\n<meta property=\"og:title\" content=\"Yksityisyys ja tietoturva Zoomissa - Zoom\" \/>\n<meta property=\"og:description\" content=\"Suojaa yksityisyytt\u00e4si ja huolehdi tietoturvasta j\u00e4rjest\u00e4ess\u00e4si Zoom-tapaamisia ja osallistuessasi niihin. Taustatietoa Jamkin Zoomista Jamkissa k\u00e4ytet\u00e4\u00e4n Zoomia NORDUnetin&nbsp; tarjoamana Funet Miitti -palveluna. Funet Miittiss\u00e4 video- ja audioliikenne kulkee vain NORDUnetin ja Funetin kautta ja palvelinsalit sijaitsevat EU-alueella. Funetin Miitti noudattaa Suomen lakia ja eurooppalaista tietosuojas\u00e4\u00e4ntely\u00e4. K\u00e4ytt\u00e4j\u00e4n etunimi, sukunimi, s\u00e4hk\u00f6postiosoite sek\u00e4 ip-osoite v\u00e4littyy Zoom-lisenssin validoinnissa Zoomin lisenssipalvelimille, [&hellip;]\" \/>\n<meta property=\"og:url\" content=\"https:\/\/help.jamk.fi\/zoom\/fi\/yksityisyys-ja-tietoturva\/\" \/>\n<meta property=\"og:site_name\" content=\"Zoom\" \/>\n<meta property=\"article:modified_time\" content=\"2024-01-19T14:16:08+00:00\" \/>\n<meta name=\"twitter:card\" content=\"summary_large_image\" \/>\n<meta name=\"twitter:label1\" content=\"Arvioitu lukuaika\" \/>\n\t<meta name=\"twitter:data1\" content=\"2 minuuttia\" \/>\n<script type=\"application\/ld+json\" class=\"yoast-schema-graph\">{\"@context\":\"https:\\\/\\\/schema.org\",\"@graph\":[{\"@type\":\"WebPage\",\"@id\":\"https:\\\/\\\/help.jamk.fi\\\/zoom\\\/fi\\\/yksityisyys-ja-tietoturva\\\/\",\"url\":\"https:\\\/\\\/help.jamk.fi\\\/zoom\\\/fi\\\/yksityisyys-ja-tietoturva\\\/\",\"name\":\"Yksityisyys ja tietoturva Zoomissa - Zoom\",\"isPartOf\":{\"@id\":\"https:\\\/\\\/help.jamk.fi\\\/zoom\\\/#website\"},\"datePublished\":\"2020-06-03T05:47:48+00:00\",\"dateModified\":\"2024-01-19T14:16:08+00:00\",\"breadcrumb\":{\"@id\":\"https:\\\/\\\/help.jamk.fi\\\/zoom\\\/fi\\\/yksityisyys-ja-tietoturva\\\/#breadcrumb\"},\"inLanguage\":\"fi\",\"potentialAction\":[{\"@type\":\"ReadAction\",\"target\":[\"https:\\\/\\\/help.jamk.fi\\\/zoom\\\/fi\\\/yksityisyys-ja-tietoturva\\\/\"]}]},{\"@type\":\"BreadcrumbList\",\"@id\":\"https:\\\/\\\/help.jamk.fi\\\/zoom\\\/fi\\\/yksityisyys-ja-tietoturva\\\/#breadcrumb\",\"itemListElement\":[{\"@type\":\"ListItem\",\"position\":1,\"name\":\"Etusivu\",\"item\":\"https:\\\/\\\/help.jamk.fi\\\/zoom\\\/fi\\\/\"},{\"@type\":\"ListItem\",\"position\":2,\"name\":\"Yksityisyys ja tietoturva Zoomissa\"}]},{\"@type\":\"WebSite\",\"@id\":\"https:\\\/\\\/help.jamk.fi\\\/zoom\\\/#website\",\"url\":\"https:\\\/\\\/help.jamk.fi\\\/zoom\\\/\",\"name\":\"Zoom\",\"description\":\"\",\"potentialAction\":[{\"@type\":\"SearchAction\",\"target\":{\"@type\":\"EntryPoint\",\"urlTemplate\":\"https:\\\/\\\/help.jamk.fi\\\/zoom\\\/?s={search_term_string}\"},\"query-input\":{\"@type\":\"PropertyValueSpecification\",\"valueRequired\":true,\"valueName\":\"search_term_string\"}}],\"inLanguage\":\"fi\"}]}<\/script>\n<!-- \/ Yoast SEO plugin. -->","yoast_head_json":{"title":"Yksityisyys ja tietoturva Zoomissa - Zoom","robots":{"index":"index","follow":"follow","max-snippet":"max-snippet:-1","max-image-preview":"max-image-preview:large","max-video-preview":"max-video-preview:-1"},"canonical":"https:\/\/help.jamk.fi\/zoom\/fi\/yksityisyys-ja-tietoturva\/","og_locale":"fi_FI","og_type":"article","og_title":"Yksityisyys ja tietoturva Zoomissa - Zoom","og_description":"Suojaa yksityisyytt\u00e4si ja huolehdi tietoturvasta j\u00e4rjest\u00e4ess\u00e4si Zoom-tapaamisia ja osallistuessasi niihin. Taustatietoa Jamkin Zoomista Jamkissa k\u00e4ytet\u00e4\u00e4n Zoomia NORDUnetin&nbsp; tarjoamana Funet Miitti -palveluna. Funet Miittiss\u00e4 video- ja audioliikenne kulkee vain NORDUnetin ja Funetin kautta ja palvelinsalit sijaitsevat EU-alueella. Funetin Miitti noudattaa Suomen lakia ja eurooppalaista tietosuojas\u00e4\u00e4ntely\u00e4. K\u00e4ytt\u00e4j\u00e4n etunimi, sukunimi, s\u00e4hk\u00f6postiosoite sek\u00e4 ip-osoite v\u00e4littyy Zoom-lisenssin validoinnissa Zoomin lisenssipalvelimille, [&hellip;]","og_url":"https:\/\/help.jamk.fi\/zoom\/fi\/yksityisyys-ja-tietoturva\/","og_site_name":"Zoom","article_modified_time":"2024-01-19T14:16:08+00:00","twitter_card":"summary_large_image","twitter_misc":{"Arvioitu lukuaika":"2 minuuttia"},"schema":{"@context":"https:\/\/schema.org","@graph":[{"@type":"WebPage","@id":"https:\/\/help.jamk.fi\/zoom\/fi\/yksityisyys-ja-tietoturva\/","url":"https:\/\/help.jamk.fi\/zoom\/fi\/yksityisyys-ja-tietoturva\/","name":"Yksityisyys ja tietoturva Zoomissa - Zoom","isPartOf":{"@id":"https:\/\/help.jamk.fi\/zoom\/#website"},"datePublished":"2020-06-03T05:47:48+00:00","dateModified":"2024-01-19T14:16:08+00:00","breadcrumb":{"@id":"https:\/\/help.jamk.fi\/zoom\/fi\/yksityisyys-ja-tietoturva\/#breadcrumb"},"inLanguage":"fi","potentialAction":[{"@type":"ReadAction","target":["https:\/\/help.jamk.fi\/zoom\/fi\/yksityisyys-ja-tietoturva\/"]}]},{"@type":"BreadcrumbList","@id":"https:\/\/help.jamk.fi\/zoom\/fi\/yksityisyys-ja-tietoturva\/#breadcrumb","itemListElement":[{"@type":"ListItem","position":1,"name":"Etusivu","item":"https:\/\/help.jamk.fi\/zoom\/fi\/"},{"@type":"ListItem","position":2,"name":"Yksityisyys ja tietoturva Zoomissa"}]},{"@type":"WebSite","@id":"https:\/\/help.jamk.fi\/zoom\/#website","url":"https:\/\/help.jamk.fi\/zoom\/","name":"Zoom","description":"","potentialAction":[{"@type":"SearchAction","target":{"@type":"EntryPoint","urlTemplate":"https:\/\/help.jamk.fi\/zoom\/?s={search_term_string}"},"query-input":{"@type":"PropertyValueSpecification","valueRequired":true,"valueName":"search_term_string"}}],"inLanguage":"fi"}]}},"_links":{"self":[{"href":"https:\/\/help.jamk.fi\/zoom\/wp-json\/wp\/v2\/pages\/192","targetHints":{"allow":["GET"]}}],"collection":[{"href":"https:\/\/help.jamk.fi\/zoom\/wp-json\/wp\/v2\/pages"}],"about":[{"href":"https:\/\/help.jamk.fi\/zoom\/wp-json\/wp\/v2\/types\/page"}],"author":[{"embeddable":true,"href":"https:\/\/help.jamk.fi\/zoom\/wp-json\/wp\/v2\/users\/74"}],"replies":[{"embeddable":true,"href":"https:\/\/help.jamk.fi\/zoom\/wp-json\/wp\/v2\/comments?post=192"}],"version-history":[{"count":10,"href":"https:\/\/help.jamk.fi\/zoom\/wp-json\/wp\/v2\/pages\/192\/revisions"}],"predecessor-version":[{"id":604,"href":"https:\/\/help.jamk.fi\/zoom\/wp-json\/wp\/v2\/pages\/192\/revisions\/604"}],"wp:attachment":[{"href":"https:\/\/help.jamk.fi\/zoom\/wp-json\/wp\/v2\/media?parent=192"}],"wp:term":[{"taxonomy":"category","embeddable":true,"href":"https:\/\/help.jamk.fi\/zoom\/wp-json\/wp\/v2\/categories?post=192"},{"taxonomy":"post_tag","embeddable":true,"href":"https:\/\/help.jamk.fi\/zoom\/wp-json\/wp\/v2\/tags?post=192"}],"curies":[{"name":"wp","href":"https:\/\/api.w.org\/{rel}","templated":true}]}}