{"id":247,"date":"2022-03-08T08:28:31","date_gmt":"2022-03-08T06:28:31","guid":{"rendered":"https:\/\/help.jamk.fi\/zoom\/zoomin-tyokalut\/"},"modified":"2024-01-10T11:30:03","modified_gmt":"2024-01-10T09:30:03","slug":"zoomin-tyokalut","status":"publish","type":"page","link":"https:\/\/help.jamk.fi\/zoom\/fi\/zoomin-tyokalut\/","title":{"rendered":"Ty\u00f6kalut Zoom-tapaamisessa"},"content":{"rendered":"\n<p><strong><\/strong><\/p>\n\n\n\n<h2 class=\"wp-block-heading\">1. Test speaker and microphone -\u00e4\u00e4nitesti.<\/h2>\n\n\n\n<ol class=\"wp-block-list\">\n<li>Tee aina Zoom-tapaamisen aluksi \u00e4\u00e4nitesti, joka ilmestyy n\u00e4yt\u00f6lle Zoom-tapaamisen avautuessa.<\/li>\n\n\n\n<li>Klikkaa&nbsp;<strong>Test speaker and microphone<\/strong> ja seuraa n\u00e4yt\u00f6lle tulevia ohjeita.<\/li>\n\n\n\n<li>Jos ehdit klikata&nbsp;<strong>Join with computer audio<\/strong>, etk\u00e4 tehnyt \u00e4\u00e4nitesti\u00e4, klikkaa ty\u00f6kalupalkista mikrofonikuvakkeen vieress\u00e4 olevaa nuolta, valitse valikosta&nbsp;<strong>Test speaker and microphone<\/strong> ja tee \u00e4\u00e4nitesti.<\/li>\n<\/ol>\n\n\n\n<p><\/p>\n\n\n\n<h2 class=\"wp-block-heading\">2<strong>. Mikrofoni ja kamera.<\/strong><\/h2>\n\n\n\n<ol class=\"wp-block-list\">\n<li>Kun mikrofoni ja kamera on suljettuna, kuvakkeiden p\u00e4\u00e4ll\u00e4 on punainen palkki. T\u00e4ll\u00f6in muut tapaamisen osallistujat eiv\u00e4t kuule puhettasi eiv\u00e4tk\u00e4 n\u00e4e videokuvaasi. <\/li>\n\n\n\n<li>Kun klikkaat mikrofonikuvaketta tai videokamerakuvaketta, palkki poistuu ja muut kuulevat ja n\u00e4kev\u00e4t sinut.<\/li>\n\n\n\n<li>Oman puheenvuoron aikana on kohteliasta avata my\u00f6s videokamera, jotta muut osallistujat n\u00e4kev\u00e4t puhujan. On suositeltavaa k\u00e4ytt\u00e4\u00e4 videokameraa my\u00f6s, jos tapaamisen ohjelmassa on pienryhm\u00e4ty\u00f6skentely\u00e4.<\/li>\n\n\n\n<li>Zoomissa on mahdollista k\u00e4ytt\u00e4\u00e4 videokuvan yhteydess\u00e4 virtuaalista taustaa tai taustan sumennusta, jos et halua muiden tapaamisen osallistujien n\u00e4kev\u00e4n, millaisesta ymp\u00e4rist\u00f6st\u00e4 tapaamiseen osallistutaan.<\/li>\n\n\n\n<li>Klikkaa nuolta videokamerakuvakkeen vieress\u00e4 olevaa nuolta ja valitse <strong>Choose Virtual Background<\/strong> tai <strong>Blur My Background<\/strong>.<\/li>\n<\/ol>\n\n\n\n<p><\/p>\n\n\n\n<h2 class=\"wp-block-heading\"><strong>3. View: Gallery view\/Speaker view.<\/strong><\/h2>\n\n\n\n<ol class=\"wp-block-list\">\n<li>Klikkaa Zoomin oikeasta yl\u00e4kulmasta <strong>View<\/strong>.<\/li>\n\n\n\n<li>Valitse&nbsp;<strong>Gallery view<\/strong>, jos haluat n\u00e4hd\u00e4 kaikki tapaamisen osallistujat kerralla.<\/li>\n\n\n\n<li>Valitse <strong>Speaker view<\/strong>, jos haluat n\u00e4hd\u00e4 vain sill\u00e4 hetkell\u00e4 puhuvan osallistujan suuren kuvan.<\/li>\n\n\n\n<li>Valinta vaikuttaa vain sinun omaan Zoom-n\u00e4kym\u00e4\u00e4si.<\/li>\n<\/ol>\n\n\n\n<p><\/p>\n\n\n\n<h2 class=\"wp-block-heading\"><strong>4. Chat.<\/strong><\/h2>\n\n\n\n<ol class=\"wp-block-list\">\n<li>Opettaja voi helposti osallistaa Zoom-tapaamisensa osallistujia ja pyyt\u00e4\u00e4 kommentteja tai ideoita chatin kautta.<\/li>\n\n\n\n<li>Chatissa voi kirjoittaa viestej\u00e4, jotka n\u00e4kyv\u00e4t kaikille (everyone) tai voit valita osallistujalistalta tietyn henkil\u00f6n, jolle l\u00e4het\u00e4t yksityisen chat-viestin.<\/li>\n\n\n\n<li>Opiskelija voi esimerkiksi l\u00e4hett\u00e4\u00e4 opettajalle yksityisen viestin chatissa, jos h\u00e4n ei halua, ett\u00e4 muut tapaamisen osallistujat n\u00e4kev\u00e4t kysymyksen tai kommentin.<\/li>\n\n\n\n<li>Joskus opettaja voi esimerkiksi jostain pedagogisesta syyst\u00e4 pyyt\u00e4\u00e4 l\u00e4hett\u00e4m\u00e4\u00e4n kaikki viestit vain yksityisviestin\u00e4 h\u00e4nelle.<\/li>\n<\/ol>\n\n\n\n<p><\/p>\n\n\n\n<h2 class=\"wp-block-heading\"><strong>5. Share screen.<\/strong><\/h2>\n\n\n\n<ol class=\"wp-block-list\">\n<li>Voit jakaa tietokoneesi n\u00e4yt\u00f6lt\u00e4 esimerkiksi PowerPoint-esityksen tai nettisivun tapaamisen muiden osallistujien katsottavaksi.<\/li>\n\n\n\n<li>Avaa jaettava sis\u00e4lt\u00f6, esimerkiksi PowerPoint-esitys tai nettisivu valmiiksi koneellesi.<\/li>\n\n\n\n<li>Klikkaa&nbsp;<strong>Share<\/strong>-painiketta, valitse haluamasi sis\u00e4lt\u00f6. Jos haluat jakaa sis\u00e4lt\u00f6\u00e4, josta kuuluu \u00e4\u00e4ni, valitse vasemmasta alakulmasta&nbsp;<strong>Share sound<\/strong>. Klikkaa lopuksi <strong>Share<\/strong>.<\/li>\n\n\n\n<li>Jakamasi sis\u00e4lt\u00f6 tulee n\u00e4kyville kaikkien osallistujien n\u00e4yt\u00f6ille.<\/li>\n\n\n\n<li>On tietoturvallisempaa jakaa vain tietty sovellus eik\u00e4 koko n\u00e4ytt\u00f6\u00e4 (Screen). Koko n\u00e4yt\u00f6n jakaminen tarkoittaa sit\u00e4, ett\u00e4 kaikki n\u00e4yt\u00f6ll\u00e4si tapahtuvat asiat, esimerkiksi ponnahdusikkunat, n\u00e4kyv\u00e4t tapaamisesi osallistujille.<\/li>\n\n\n\n<li>Oletuksena <span style=\"color: initial\">kaikki tapaamisen osallistujat voivat jakaa oman koneensa n\u00e4ytt\u00f6\u00e4.<\/span><\/li>\n<\/ol>\n\n\n\n<p><\/p>\n\n\n\n<h2 class=\"wp-block-heading\"><strong>6. Annotate.<\/strong><\/h2>\n\n\n\n<div class=\"wp-block-group\"><div class=\"wp-block-group__inner-container is-layout-flow wp-block-group-is-layout-flow\">\n<ol class=\"wp-block-list\">\n<li>Annotointity\u00f6kalut ovat k\u00e4yt\u00f6ss\u00e4 n\u00e4ytt\u00f6\u00e4 jaettaessa. <\/li>\n\n\n\n<li>Annotointity\u00f6kaluilla voi esimerkiksi kirjoittaa, piirt\u00e4\u00e4 ja lis\u00e4t\u00e4 leimoja jaetun n\u00e4yt\u00f6n p\u00e4\u00e4lle.<\/li>\n\n\n\n<li>N\u00e4ytt\u00f6\u00e4 jakava tapaamisen osallistuja voi tallentaa n\u00e4yt\u00f6lle tehdyt annotoinnit.<\/li>\n\n\n\n<li>Jos k\u00e4yt\u00e4t Zoomia selaimella, annotointi ei ole mahdollista.<\/li>\n\n\n\n<li>Kun jaat itse n\u00e4ytt\u00f6\u00e4si, l\u00f6yd\u00e4t Annotate-painikkeen Zoomin ty\u00f6kalupalkista. Klikkaa <strong>Annotate<\/strong> ja saat n\u00e4kyville ty\u00f6kalupalkin.<\/li>\n\n\n\n<li>Kun joku muu jakaa n\u00e4ytt\u00f6\u00e4\u00e4n, l\u00f6yd\u00e4t Annotate-toiminnon n\u00e4yt\u00f6n yl\u00e4laidasta kohdasta&nbsp;<strong>View Options<\/strong>.<\/li>\n<\/ol>\n\n\n\n<figure class=\"wp-block-image size-large\"><img decoding=\"async\" src=\"https:\/\/help.jamk.fi\/zoom\/wp-content\/uploads\/sites\/70\/2023\/07\/annotate-1024x182.jpg\" alt=\"\" class=\"wp-image-1080\"\/><figcaption class=\"wp-element-caption\">Annotate-painike ja annotointity\u00f6kalut, kun jaat itse n\u00e4ytt\u00f6\u00e4.<\/figcaption><\/figure>\n<\/div><\/div>\n\n\n\n<figure class=\"wp-block-image size-full is-resized\"><img decoding=\"async\" src=\"https:\/\/help.jamk.fi\/zoom\/wp-content\/uploads\/sites\/70\/2023\/07\/View-Options-valikko-kun-toinen-jakaa-nayttoa-Zoomissa.png\" alt=\"\" class=\"wp-image-1045\"\/><figcaption class=\"wp-element-caption\">View options -valikko, josta l\u00f6yd\u00e4t Annotate-vaihtoehdon, kun kokouksen toinen osallistuja jakaa n\u00e4ytt\u00f6\u00e4.<\/figcaption><\/figure>\n\n\n\n<p><\/p>\n\n\n\n<h2 class=\"wp-block-heading\"><strong>7. Participants.<\/strong><\/h2>\n\n\n\n<p>Participants-painikkeen kautta voit tarkastella tapaamisen osallistujalistaa.<\/p>\n\n\n\n<ol class=\"wp-block-list\">\n<li>Opettajan kannattaa esimerkiksi seurata osallistujalistan kautta, kun opiskelijat liittyv\u00e4t Zoom-tapaamiseen. N\u00e4et, milloin opiskelija saa \u00e4\u00e4net yhdistetty\u00e4 ja n\u00e4et, onko opiskelijalla kamera k\u00e4yt\u00f6ss\u00e4.<\/li>\n\n\n\n<li>Participants-listan kautta on helppo muokata osallistujien nimi\u00e4. Oletuksena jokainen Zoom-tapaamisen osallistuja voi klikata <strong>Participants<\/strong>-painiketta, vied\u00e4 hiiren oman nimens\u00e4 p\u00e4\u00e4lle, ja klikata <strong>More<\/strong>\u00a0ja\u00a0<strong>Rename<\/strong>. <span style=\"color: initial\">Rename-vaihtoehto l\u00f6ytyy my\u00f6s klikkaamalla kolmea pistett\u00e4 oman videokuvan yhteydess\u00e4.<\/span> Tapaamisen j\u00e4rjest\u00e4j\u00e4 voi host-oikeuksilla muokata nime\u00e4 osallistujan puolesta, jos osallistuja ei jostain syyst\u00e4 pysty muokkaamaan nime\u00e4\u00e4n.<\/li>\n\n\n\n<li>Joskus opettaja voi esimerkiksi pyyt\u00e4\u00e4 lis\u00e4\u00e4m\u00e4\u00e4n oman nimen eteen oman ryhm\u00e4n numeron, jotta ryhmiinjako pienryhm\u00e4ty\u00f6skentely\u00e4 varten on helpompaa.<\/li>\n<\/ol>\n\n\n\n<p><\/p>\n\n\n\n<h2 class=\"wp-block-heading\">8<strong>. Reactions.&nbsp;<\/strong><\/h2>\n\n\n\n<p>Osallistu \u00e4\u00e4nestykseen, reagoi muiden puheeseen tai nosta k\u00e4tesi puheenvuoropyynn\u00f6n merkiksi Reactions-painikkeesta.<\/p>\n\n\n\n<p><\/p>\n\n\n\n<figure class=\"wp-block-image size-full is-resized\"><img decoding=\"async\" src=\"https:\/\/help.jamk.fi\/zoom\/wp-content\/uploads\/sites\/70\/2023\/07\/Kuvakaappaus-Zoomin-reagtiopainikkeista.png\" alt=\"\" class=\"wp-image-1036\"\/><figcaption class=\"wp-element-caption\">Zoomin reaktiopainikkeet.<\/figcaption><\/figure>\n\n\n\n<h2 class=\"wp-block-heading\"><strong>9. Breakout Rooms.<\/strong><\/h2>\n\n\n\n<p><strong>Breakout Rooms&nbsp;<\/strong>-painikkeesta opettaja voi jakaa opiskelijat ty\u00f6skentelem\u00e4\u00e4n pienryhmiss\u00e4.<\/p>\n\n\n\n<ol class=\"wp-block-list\">\n<li>Kun opettaja klikkaa <strong>Open All Rooms<\/strong>, opiskelijat saavat n\u00e4yt\u00f6lleen kutsun liitty\u00e4 Breakout-huoneeseen. <\/li>\n\n\n\n<li>Opettaja voi my\u00f6s m\u00e4\u00e4ritell\u00e4 asetuksista, ett\u00e4 opiskelijat siirret\u00e4\u00e4n Breakout-huoneisiin automaattisesti tai ett\u00e4 opiskelijat voivat valita, mihin huoneeseen haluavat liitty\u00e4.<\/li>\n\n\n\n<li>Opettajan voi kutsua Breakout-huoneeseen klikkaamalla&nbsp;<strong>Ask for help<\/strong>&nbsp;-painiketta.<\/li>\n\n\n\n<li>Opiskelija voi palata tarvittaessa takaisin p\u00e4\u00e4huoneeseen klikkaamalla&nbsp;<strong>Return to main meeting<\/strong>.<\/li>\n\n\n\n<li>Kun opettaja sulkee Breakout-huoneet, opiskelijan n\u00e4yt\u00f6lle tulee ilmoitus, ett\u00e4 ty\u00f6skentelyaikaa on viel\u00e4 minuutti j\u00e4ljell\u00e4. Opiskelija voi jatkaa ty\u00f6skentely\u00e4 Breakout-huoneessa viel\u00e4 minuutin ajan tai jos ryhm\u00e4n ty\u00f6skentely on valmis, palata takaisin p\u00e4\u00e4huoneeseen.<\/li>\n<\/ol>\n\n\n\n<p><\/p>\n\n\n\n<h2 class=\"wp-block-heading\"><strong>10. Vain opettaja: Record.<\/strong><\/h2>\n\n\n\n<p>Vain opettaja voi automaattisesti tallentaa tapaamista.<\/p>\n\n\n\n<p><\/p>\n\n\n\n<h2 class=\"wp-block-heading\"><strong>11. Vain opettaja: Security.<\/strong><\/h2>\n\n\n\n<p>Opettaja voi Security-painikkeen avulla lukita tapaamisen, aktivoida tai poistaa odotushuoneen ja m\u00e4\u00e4ritell\u00e4, voivatko tapaamisen osallistujat esimerkiksi jakaa n\u00e4ytt\u00f6\u00e4, kirjoittaa chattiin tai laittaa mikrofonin tai kameran p\u00e4\u00e4lle.<\/p>\n\n\n\n<p><\/p>\n","protected":false},"excerpt":{"rendered":"<p>1. Test speaker and microphone -\u00e4\u00e4nitesti. 2. Mikrofoni ja kamera. 3. View: Gallery view\/Speaker view. 4. Chat. 5. Share screen. 6. Annotate. 7. Participants. Participants-painikkeen kautta voit tarkastella tapaamisen osallistujalistaa. 8. Reactions.&nbsp; Osallistu \u00e4\u00e4nestykseen, reagoi muiden puheeseen tai nosta k\u00e4tesi puheenvuoropyynn\u00f6n merkiksi Reactions-painikkeesta. 9. Breakout Rooms. Breakout Rooms&nbsp;-painikkeesta opettaja voi jakaa opiskelijat ty\u00f6skentelem\u00e4\u00e4n pienryhmiss\u00e4. 10. [&hellip;]<\/p>\n","protected":false},"author":74,"featured_media":0,"parent":0,"menu_order":3,"comment_status":"closed","ping_status":"closed","template":"","meta":{"_acf_changed":false,"_relevanssi_hide_post":"","_relevanssi_hide_content":"","_relevanssi_pin_for_all":"","_relevanssi_pin_keywords":"","_relevanssi_unpin_keywords":"","_relevanssi_related_keywords":"","_relevanssi_related_include_ids":"","_relevanssi_related_exclude_ids":"","_relevanssi_related_no_append":"","_relevanssi_related_not_related":"","_relevanssi_related_posts":"","_relevanssi_noindex_reason":"","footnotes":""},"categories":[],"tags":[],"class_list":["post-247","page","type-page","status-publish","hentry"],"acf":[],"yoast_head":"<!-- This site is optimized with the Yoast SEO plugin v27.3 - https:\/\/yoast.com\/product\/yoast-seo-wordpress\/ -->\n<title>Ty\u00f6kalut Zoom-tapaamisessa - Zoom<\/title>\n<meta name=\"robots\" content=\"index, follow, max-snippet:-1, max-image-preview:large, max-video-preview:-1\" \/>\n<link rel=\"canonical\" href=\"https:\/\/help.jamk.fi\/zoom\/fi\/zoomin-tyokalut\/\" \/>\n<meta property=\"og:locale\" content=\"fi_FI\" \/>\n<meta property=\"og:type\" content=\"article\" \/>\n<meta property=\"og:title\" content=\"Ty\u00f6kalut Zoom-tapaamisessa - Zoom\" \/>\n<meta property=\"og:description\" content=\"1. Test speaker and microphone -\u00e4\u00e4nitesti. 2. Mikrofoni ja kamera. 3. View: Gallery view\/Speaker view. 4. Chat. 5. Share screen. 6. Annotate. 7. Participants. Participants-painikkeen kautta voit tarkastella tapaamisen osallistujalistaa. 8. Reactions.&nbsp; Osallistu \u00e4\u00e4nestykseen, reagoi muiden puheeseen tai nosta k\u00e4tesi puheenvuoropyynn\u00f6n merkiksi Reactions-painikkeesta. 9. Breakout Rooms. Breakout Rooms&nbsp;-painikkeesta opettaja voi jakaa opiskelijat ty\u00f6skentelem\u00e4\u00e4n pienryhmiss\u00e4. 10. [&hellip;]\" \/>\n<meta property=\"og:url\" content=\"https:\/\/help.jamk.fi\/zoom\/fi\/zoomin-tyokalut\/\" \/>\n<meta property=\"og:site_name\" content=\"Zoom\" \/>\n<meta property=\"article:modified_time\" content=\"2024-01-10T09:30:03+00:00\" \/>\n<meta property=\"og:image\" content=\"https:\/\/help.jamk.fi\/zoom\/wp-content\/uploads\/sites\/70\/2023\/07\/annotate-1024x182.jpg\" \/>\n<meta name=\"twitter:card\" content=\"summary_large_image\" \/>\n<meta name=\"twitter:label1\" content=\"Arvioitu lukuaika\" \/>\n\t<meta name=\"twitter:data1\" content=\"5 minuuttia\" \/>\n<script type=\"application\/ld+json\" class=\"yoast-schema-graph\">{\"@context\":\"https:\\\/\\\/schema.org\",\"@graph\":[{\"@type\":\"WebPage\",\"@id\":\"https:\\\/\\\/help.jamk.fi\\\/zoom\\\/fi\\\/zoomin-tyokalut\\\/\",\"url\":\"https:\\\/\\\/help.jamk.fi\\\/zoom\\\/fi\\\/zoomin-tyokalut\\\/\",\"name\":\"Ty\u00f6kalut Zoom-tapaamisessa - Zoom\",\"isPartOf\":{\"@id\":\"https:\\\/\\\/help.jamk.fi\\\/zoom\\\/#website\"},\"primaryImageOfPage\":{\"@id\":\"https:\\\/\\\/help.jamk.fi\\\/zoom\\\/fi\\\/zoomin-tyokalut\\\/#primaryimage\"},\"image\":{\"@id\":\"https:\\\/\\\/help.jamk.fi\\\/zoom\\\/fi\\\/zoomin-tyokalut\\\/#primaryimage\"},\"thumbnailUrl\":\"https:\\\/\\\/help.jamk.fi\\\/zoom\\\/wp-content\\\/uploads\\\/sites\\\/70\\\/2023\\\/07\\\/annotate-1024x182.jpg\",\"datePublished\":\"2022-03-08T06:28:31+00:00\",\"dateModified\":\"2024-01-10T09:30:03+00:00\",\"breadcrumb\":{\"@id\":\"https:\\\/\\\/help.jamk.fi\\\/zoom\\\/fi\\\/zoomin-tyokalut\\\/#breadcrumb\"},\"inLanguage\":\"fi\",\"potentialAction\":[{\"@type\":\"ReadAction\",\"target\":[\"https:\\\/\\\/help.jamk.fi\\\/zoom\\\/fi\\\/zoomin-tyokalut\\\/\"]}]},{\"@type\":\"ImageObject\",\"inLanguage\":\"fi\",\"@id\":\"https:\\\/\\\/help.jamk.fi\\\/zoom\\\/fi\\\/zoomin-tyokalut\\\/#primaryimage\",\"url\":\"\",\"contentUrl\":\"\"},{\"@type\":\"BreadcrumbList\",\"@id\":\"https:\\\/\\\/help.jamk.fi\\\/zoom\\\/fi\\\/zoomin-tyokalut\\\/#breadcrumb\",\"itemListElement\":[{\"@type\":\"ListItem\",\"position\":1,\"name\":\"Etusivu\",\"item\":\"https:\\\/\\\/help.jamk.fi\\\/zoom\\\/fi\\\/\"},{\"@type\":\"ListItem\",\"position\":2,\"name\":\"Ty\u00f6kalut Zoom-tapaamisessa\"}]},{\"@type\":\"WebSite\",\"@id\":\"https:\\\/\\\/help.jamk.fi\\\/zoom\\\/#website\",\"url\":\"https:\\\/\\\/help.jamk.fi\\\/zoom\\\/\",\"name\":\"Zoom\",\"description\":\"\",\"potentialAction\":[{\"@type\":\"SearchAction\",\"target\":{\"@type\":\"EntryPoint\",\"urlTemplate\":\"https:\\\/\\\/help.jamk.fi\\\/zoom\\\/?s={search_term_string}\"},\"query-input\":{\"@type\":\"PropertyValueSpecification\",\"valueRequired\":true,\"valueName\":\"search_term_string\"}}],\"inLanguage\":\"fi\"}]}<\/script>\n<!-- \/ Yoast SEO plugin. -->","yoast_head_json":{"title":"Ty\u00f6kalut Zoom-tapaamisessa - Zoom","robots":{"index":"index","follow":"follow","max-snippet":"max-snippet:-1","max-image-preview":"max-image-preview:large","max-video-preview":"max-video-preview:-1"},"canonical":"https:\/\/help.jamk.fi\/zoom\/fi\/zoomin-tyokalut\/","og_locale":"fi_FI","og_type":"article","og_title":"Ty\u00f6kalut Zoom-tapaamisessa - Zoom","og_description":"1. Test speaker and microphone -\u00e4\u00e4nitesti. 2. Mikrofoni ja kamera. 3. View: Gallery view\/Speaker view. 4. Chat. 5. Share screen. 6. Annotate. 7. Participants. Participants-painikkeen kautta voit tarkastella tapaamisen osallistujalistaa. 8. Reactions.&nbsp; Osallistu \u00e4\u00e4nestykseen, reagoi muiden puheeseen tai nosta k\u00e4tesi puheenvuoropyynn\u00f6n merkiksi Reactions-painikkeesta. 9. Breakout Rooms. Breakout Rooms&nbsp;-painikkeesta opettaja voi jakaa opiskelijat ty\u00f6skentelem\u00e4\u00e4n pienryhmiss\u00e4. 10. [&hellip;]","og_url":"https:\/\/help.jamk.fi\/zoom\/fi\/zoomin-tyokalut\/","og_site_name":"Zoom","article_modified_time":"2024-01-10T09:30:03+00:00","og_image":[{"url":"https:\/\/help.jamk.fi\/zoom\/wp-content\/uploads\/sites\/70\/2023\/07\/annotate-1024x182.jpg","type":"","width":"","height":""}],"twitter_card":"summary_large_image","twitter_misc":{"Arvioitu lukuaika":"5 minuuttia"},"schema":{"@context":"https:\/\/schema.org","@graph":[{"@type":"WebPage","@id":"https:\/\/help.jamk.fi\/zoom\/fi\/zoomin-tyokalut\/","url":"https:\/\/help.jamk.fi\/zoom\/fi\/zoomin-tyokalut\/","name":"Ty\u00f6kalut Zoom-tapaamisessa - Zoom","isPartOf":{"@id":"https:\/\/help.jamk.fi\/zoom\/#website"},"primaryImageOfPage":{"@id":"https:\/\/help.jamk.fi\/zoom\/fi\/zoomin-tyokalut\/#primaryimage"},"image":{"@id":"https:\/\/help.jamk.fi\/zoom\/fi\/zoomin-tyokalut\/#primaryimage"},"thumbnailUrl":"https:\/\/help.jamk.fi\/zoom\/wp-content\/uploads\/sites\/70\/2023\/07\/annotate-1024x182.jpg","datePublished":"2022-03-08T06:28:31+00:00","dateModified":"2024-01-10T09:30:03+00:00","breadcrumb":{"@id":"https:\/\/help.jamk.fi\/zoom\/fi\/zoomin-tyokalut\/#breadcrumb"},"inLanguage":"fi","potentialAction":[{"@type":"ReadAction","target":["https:\/\/help.jamk.fi\/zoom\/fi\/zoomin-tyokalut\/"]}]},{"@type":"ImageObject","inLanguage":"fi","@id":"https:\/\/help.jamk.fi\/zoom\/fi\/zoomin-tyokalut\/#primaryimage","url":"","contentUrl":""},{"@type":"BreadcrumbList","@id":"https:\/\/help.jamk.fi\/zoom\/fi\/zoomin-tyokalut\/#breadcrumb","itemListElement":[{"@type":"ListItem","position":1,"name":"Etusivu","item":"https:\/\/help.jamk.fi\/zoom\/fi\/"},{"@type":"ListItem","position":2,"name":"Ty\u00f6kalut Zoom-tapaamisessa"}]},{"@type":"WebSite","@id":"https:\/\/help.jamk.fi\/zoom\/#website","url":"https:\/\/help.jamk.fi\/zoom\/","name":"Zoom","description":"","potentialAction":[{"@type":"SearchAction","target":{"@type":"EntryPoint","urlTemplate":"https:\/\/help.jamk.fi\/zoom\/?s={search_term_string}"},"query-input":{"@type":"PropertyValueSpecification","valueRequired":true,"valueName":"search_term_string"}}],"inLanguage":"fi"}]}},"_links":{"self":[{"href":"https:\/\/help.jamk.fi\/zoom\/wp-json\/wp\/v2\/pages\/247","targetHints":{"allow":["GET"]}}],"collection":[{"href":"https:\/\/help.jamk.fi\/zoom\/wp-json\/wp\/v2\/pages"}],"about":[{"href":"https:\/\/help.jamk.fi\/zoom\/wp-json\/wp\/v2\/types\/page"}],"author":[{"embeddable":true,"href":"https:\/\/help.jamk.fi\/zoom\/wp-json\/wp\/v2\/users\/74"}],"replies":[{"embeddable":true,"href":"https:\/\/help.jamk.fi\/zoom\/wp-json\/wp\/v2\/comments?post=247"}],"version-history":[{"count":6,"href":"https:\/\/help.jamk.fi\/zoom\/wp-json\/wp\/v2\/pages\/247\/revisions"}],"predecessor-version":[{"id":549,"href":"https:\/\/help.jamk.fi\/zoom\/wp-json\/wp\/v2\/pages\/247\/revisions\/549"}],"wp:attachment":[{"href":"https:\/\/help.jamk.fi\/zoom\/wp-json\/wp\/v2\/media?parent=247"}],"wp:term":[{"taxonomy":"category","embeddable":true,"href":"https:\/\/help.jamk.fi\/zoom\/wp-json\/wp\/v2\/categories?post=247"},{"taxonomy":"post_tag","embeddable":true,"href":"https:\/\/help.jamk.fi\/zoom\/wp-json\/wp\/v2\/tags?post=247"}],"curies":[{"name":"wp","href":"https:\/\/api.w.org\/{rel}","templated":true}]}}