{"id":419,"date":"2023-11-20T10:00:06","date_gmt":"2023-11-20T08:00:06","guid":{"rendered":"https:\/\/help.jamk.fi\/zoom\/?page_id=419"},"modified":"2024-01-22T15:08:53","modified_gmt":"2024-01-22T13:08:53","slug":"tapaamiskutsun-luominen","status":"publish","type":"page","link":"https:\/\/help.jamk.fi\/zoom\/fi\/tapaamiskutsun-luominen\/tapaamiskutsun-luominen\/","title":{"rendered":"Tapaamiskutsun luominen"},"content":{"rendered":"\n<h2 class=\"wp-block-heading\">1. Tapaamiskutsun luominen Zoom-sovelluksella.<\/h2>\n\n\n\n<ol class=\"wp-block-list\">\n<li>Klikkaa Zoom-sovelluksessa Schedule-painiketta.<\/li>\n\n\n\n<li><strong>Topic:<\/strong> Lis\u00e4\u00e4 tapaamiselle kuvaileva nimi.&nbsp;Nimi voi olla esimerkiksi webinaarisarjan nimi tai opettamasi opintojakson nimi.<\/li>\n\n\n\n<li><strong>Start, Duration: <\/strong>Valitse p\u00e4iv\u00e4m\u00e4\u00e4r\u00e4, aika ja kesto.<\/li>\n\n\n\n<li><strong>Meeting ID: <\/strong>Valitse, luodaanko tapaamiselle uusi tapaamis-ID (Generate Automatically) vai k\u00e4ytet\u00e4\u00e4nk\u00f6 sinun henkil\u00f6kohtaista tapaamis-ID:t\u00e4si (Personal Meeting ID).\u00a0Yksityisyydensuojan kannalta (esimerkiksi kaikille avoimissa tapahtumissa, joiden Zoom-linkki\u00e4 jaetaan nettisivuilla tai sosiaalisessa mediassa) on hyv\u00e4 k\u00e4ytt\u00e4\u00e4 automaattisesti luotavaa ID-numeroa.<\/li>\n\n\n\n<li><strong>Security: <\/strong>Valitse, k\u00e4ytet\u00e4\u00e4nk\u00f6 tapaamiselle salasanaa tai odotushuonetta. Odotushuoneen avulla on helppo seurata, kuka tapaamiseen liittyy ja esimerkiksi toivottaa osallistujat henkil\u00f6kohtaisesti tervetulleiksi.<\/li>\n\n\n\n<li><strong>Video: <\/strong>Valitse, onko tapaamiseen liitytt\u00e4ess\u00e4 videokamera automaattisesti p\u00e4\u00e4ll\u00e4 vai ei. Yksityisyyden suojan kannalta voi olla hyv\u00e4, ett\u00e4 kamera on alussa pois p\u00e4\u00e4lt\u00e4 ja pyyd\u00e4t osallistujia erikseen laittamaan kameran p\u00e4\u00e4lle esimerkiksi oman puheenvuoron ajaksi.<\/li>\n\n\n\n<li><strong>Audio: <\/strong>Valitse&nbsp;Telephone and computer audio, jotta my\u00f6s mobiilisovelluksella liitytt\u00e4ess\u00e4 \u00e4\u00e4net toimivat.<\/li>\n\n\n\n<li><strong>Calendar:<\/strong> Valitse se kalenteri, johon haluat Zoom-tapaamisen kalenterimerkinn\u00e4n tulevan.<\/li>\n\n\n\n<li><strong>Advanced options<\/strong><\/li>\n<\/ol>\n\n\n\n<ul class=\"wp-block-list\">\n<li><strong>Allow participants to join anytime<\/strong>\n<ul class=\"wp-block-list\">\n<li>Voit rakentaa opiskelijoille omia tapaamisia, jonne he voivat liitty\u00e4 milloin tahansa vaikkapa keskustelemaan ryhm\u00e4ty\u00f6st\u00e4 tms.<\/li>\n\n\n\n<li>Muutoin t\u00e4t\u00e4 asetusta ei kannata aktivoida.<\/li>\n\n\n\n<li>Kannattaa my\u00f6s muistaa, ett\u00e4 opiskelijat voivat my\u00f6s itse aikatauluttaa omia Zoom tapaamisiaan.<\/li>\n<\/ul>\n<\/li>\n<\/ul>\n\n\n\n<ul class=\"wp-block-list\">\n<li><strong>Mute participants upon entry<\/strong>\n<ul class=\"wp-block-list\">\n<li>On kohteliasta antaa osallistujien liitty\u00e4 tapaamiseen niin, ett\u00e4 heid\u00e4n mikrofoninsa ei ole heti aktiivisena. N\u00e4in osallistuja voi esimerkiksi siirty\u00e4 rauhallisempaan paikkaan tms. ennen kuin h\u00e4n avaa mikrofoninsa.<\/li>\n\n\n\n<li>T\u00e4m\u00e4 on hyv\u00e4 asetus my\u00f6s silloin, jos osallistujia tulee my\u00f6h\u00e4ss\u00e4 tapaamiseen. Heid\u00e4n taustaltaan kuuluvat \u00e4\u00e4net eiv\u00e4t esimerkiksi h\u00e4iritse esityst\u00e4 tai tallennu tallenteelle.<\/li>\n<\/ul>\n<\/li>\n<\/ul>\n\n\n\n<ul class=\"wp-block-list\">\n<li><strong>Automatically record meeting<\/strong>\n<ul class=\"wp-block-list\">\n<li>Jos haluat varmistaa, ett\u00e4 et miss\u00e4\u00e4n tapauksessa unohda tallentaa tapaamista, voit aktivoida tallennuksen niin, ett\u00e4 aloittaessasi tapaamisen tallennus alkaa heti.<\/li>\n<\/ul>\n<\/li>\n<\/ul>\n\n\n\n<ul class=\"wp-block-list\">\n<li><strong>Alternative hosts<\/strong>\n<ul class=\"wp-block-list\">\n<li>Jos tapahtumassa on useita j\u00e4rjest\u00e4ji\u00e4, koulutusta on pit\u00e4m\u00e4ss\u00e4 useampi kouluttaja tms., voit lis\u00e4t\u00e4 t\u00e4h\u00e4n kentt\u00e4\u00e4n osallistujia vaihtoehtoisiksi hosteiksi.<\/li>\n\n\n\n<li>T\u00e4m\u00e4 tarkoittaa sit\u00e4, ett\u00e4 sinun lis\u00e4ksesi my\u00f6s kaikki t\u00e4h\u00e4n kentt\u00e4\u00e4n lis\u00e4tyt henkil\u00f6t voivat aloittaa tapaamisen ja saavat automaattisesti host\/co-host-oikeudet.<\/li>\n\n\n\n<li>T\u00e4m\u00e4 helpottaa tilanteita, joissa jokin vet\u00e4jist\u00e4 sairastuu\/my\u00f6h\u00e4styy tapaamisen alusta tms.<\/li>\n\n\n\n<li>Alternative hostilla t\u00e4ytyy olla @jamk.fi tai @student.jamk.fi -p\u00e4\u00e4tteinen s\u00e4hk\u00f6postiosoite.<\/li>\n<\/ul>\n<\/li>\n<\/ul>\n\n\n\n<h2 class=\"wp-block-heading\">2. Tapaamiskutsun luominen zoom.jamk.fi-sivustolla<\/h2>\n\n\n\n<ol class=\"wp-block-list\">\n<li>Mene osoitteeseen&nbsp;<a href=\"http:\/\/zoom.jamk.fi\/\" target=\"_blank\" rel=\"noopener\">http:\/\/zoom.jamk.fi\/<\/a>&nbsp;ja kirjaudu sis\u00e4\u00e4n kohdasta&nbsp;<strong>Sign in<\/strong>.<\/li>\n\n\n\n<li>Klikkaa&nbsp;<strong>Meetings<\/strong>-v\u00e4lilehdell\u00e4&nbsp;<strong>Schedule a Meeting.<\/strong><\/li>\n\n\n\n<li>Voit lis\u00e4t\u00e4 tapaamiselle tarkat p\u00e4iv\u00e4m\u00e4\u00e4r\u00e4- ja kellonaikatiedot.<\/li>\n\n\n\n<li>Jos aiot k\u00e4ytt\u00e4\u00e4 linkki\u00e4 useassa eri tapaamisessa, esimerkiksi koko lukukauden ajan tietyn opintojakson tapaamisissa, klikkaa aktiiviseksi valinta Recurring meeting.<\/li>\n\n\n\n<li>Voit m\u00e4\u00e4ritell\u00e4, ett\u00e4 tapaaminen toistuu esimerkiksi kerran viikossa.<\/li>\n\n\n\n<li>Jos valitset toistumisaikavalikosta vaihtoehdon No Fixed Time, tapaamislinkki on voimassa aina.<\/li>\n<\/ol>\n","protected":false},"excerpt":{"rendered":"<p>1. Tapaamiskutsun luominen Zoom-sovelluksella. 2. Tapaamiskutsun luominen zoom.jamk.fi-sivustolla<\/p>\n","protected":false},"author":72,"featured_media":0,"parent":36,"menu_order":0,"comment_status":"closed","ping_status":"closed","template":"","meta":{"_acf_changed":false,"_relevanssi_hide_post":"","_relevanssi_hide_content":"","_relevanssi_pin_for_all":"","_relevanssi_pin_keywords":"","_relevanssi_unpin_keywords":"","_relevanssi_related_keywords":"","_relevanssi_related_include_ids":"","_relevanssi_related_exclude_ids":"","_relevanssi_related_no_append":"","_relevanssi_related_not_related":"","_relevanssi_related_posts":"","_relevanssi_noindex_reason":"","footnotes":""},"categories":[],"tags":[],"class_list":["post-419","page","type-page","status-publish","hentry"],"acf":[],"yoast_head":"<!-- This site is optimized with the Yoast SEO plugin v27.4 - https:\/\/yoast.com\/product\/yoast-seo-wordpress\/ -->\n<title>Tapaamiskutsun luominen - Zoom<\/title>\n<meta name=\"robots\" content=\"index, follow, max-snippet:-1, max-image-preview:large, max-video-preview:-1\" \/>\n<link rel=\"canonical\" href=\"https:\/\/help.jamk.fi\/zoom\/fi\/tapaamiskutsun-luominen\/tapaamiskutsun-luominen\/\" \/>\n<meta property=\"og:locale\" content=\"fi_FI\" \/>\n<meta property=\"og:type\" content=\"article\" \/>\n<meta property=\"og:title\" content=\"Tapaamiskutsun luominen - Zoom\" \/>\n<meta property=\"og:description\" content=\"1. Tapaamiskutsun luominen Zoom-sovelluksella. 2. Tapaamiskutsun luominen zoom.jamk.fi-sivustolla\" \/>\n<meta property=\"og:url\" content=\"https:\/\/help.jamk.fi\/zoom\/fi\/tapaamiskutsun-luominen\/tapaamiskutsun-luominen\/\" \/>\n<meta property=\"og:site_name\" content=\"Zoom\" \/>\n<meta property=\"article:modified_time\" content=\"2024-01-22T13:08:53+00:00\" \/>\n<meta name=\"twitter:card\" content=\"summary_large_image\" \/>\n<meta name=\"twitter:label1\" content=\"Arvioitu lukuaika\" \/>\n\t<meta name=\"twitter:data1\" content=\"3 minuuttia\" \/>\n<script type=\"application\/ld+json\" class=\"yoast-schema-graph\">{\"@context\":\"https:\\\/\\\/schema.org\",\"@graph\":[{\"@type\":\"WebPage\",\"@id\":\"https:\\\/\\\/help.jamk.fi\\\/zoom\\\/fi\\\/tapaamiskutsun-luominen\\\/tapaamiskutsun-luominen\\\/\",\"url\":\"https:\\\/\\\/help.jamk.fi\\\/zoom\\\/fi\\\/tapaamiskutsun-luominen\\\/tapaamiskutsun-luominen\\\/\",\"name\":\"Tapaamiskutsun luominen - Zoom\",\"isPartOf\":{\"@id\":\"https:\\\/\\\/help.jamk.fi\\\/zoom\\\/#website\"},\"datePublished\":\"2023-11-20T08:00:06+00:00\",\"dateModified\":\"2024-01-22T13:08:53+00:00\",\"breadcrumb\":{\"@id\":\"https:\\\/\\\/help.jamk.fi\\\/zoom\\\/fi\\\/tapaamiskutsun-luominen\\\/tapaamiskutsun-luominen\\\/#breadcrumb\"},\"inLanguage\":\"fi\",\"potentialAction\":[{\"@type\":\"ReadAction\",\"target\":[\"https:\\\/\\\/help.jamk.fi\\\/zoom\\\/fi\\\/tapaamiskutsun-luominen\\\/tapaamiskutsun-luominen\\\/\"]}]},{\"@type\":\"BreadcrumbList\",\"@id\":\"https:\\\/\\\/help.jamk.fi\\\/zoom\\\/fi\\\/tapaamiskutsun-luominen\\\/tapaamiskutsun-luominen\\\/#breadcrumb\",\"itemListElement\":[{\"@type\":\"ListItem\",\"position\":1,\"name\":\"Etusivu\",\"item\":\"https:\\\/\\\/help.jamk.fi\\\/zoom\\\/fi\\\/\"},{\"@type\":\"ListItem\",\"position\":2,\"name\":\"Tapaamisen j\u00e4rjest\u00e4minen\",\"item\":\"https:\\\/\\\/help.jamk.fi\\\/zoom\\\/fi\\\/tapaamiskutsun-luominen\\\/\"},{\"@type\":\"ListItem\",\"position\":3,\"name\":\"Tapaamiskutsun luominen\"}]},{\"@type\":\"WebSite\",\"@id\":\"https:\\\/\\\/help.jamk.fi\\\/zoom\\\/#website\",\"url\":\"https:\\\/\\\/help.jamk.fi\\\/zoom\\\/\",\"name\":\"Zoom\",\"description\":\"\",\"potentialAction\":[{\"@type\":\"SearchAction\",\"target\":{\"@type\":\"EntryPoint\",\"urlTemplate\":\"https:\\\/\\\/help.jamk.fi\\\/zoom\\\/?s={search_term_string}\"},\"query-input\":{\"@type\":\"PropertyValueSpecification\",\"valueRequired\":true,\"valueName\":\"search_term_string\"}}],\"inLanguage\":\"fi\"}]}<\/script>\n<!-- \/ Yoast SEO plugin. -->","yoast_head_json":{"title":"Tapaamiskutsun luominen - Zoom","robots":{"index":"index","follow":"follow","max-snippet":"max-snippet:-1","max-image-preview":"max-image-preview:large","max-video-preview":"max-video-preview:-1"},"canonical":"https:\/\/help.jamk.fi\/zoom\/fi\/tapaamiskutsun-luominen\/tapaamiskutsun-luominen\/","og_locale":"fi_FI","og_type":"article","og_title":"Tapaamiskutsun luominen - Zoom","og_description":"1. Tapaamiskutsun luominen Zoom-sovelluksella. 2. Tapaamiskutsun luominen zoom.jamk.fi-sivustolla","og_url":"https:\/\/help.jamk.fi\/zoom\/fi\/tapaamiskutsun-luominen\/tapaamiskutsun-luominen\/","og_site_name":"Zoom","article_modified_time":"2024-01-22T13:08:53+00:00","twitter_card":"summary_large_image","twitter_misc":{"Arvioitu lukuaika":"3 minuuttia"},"schema":{"@context":"https:\/\/schema.org","@graph":[{"@type":"WebPage","@id":"https:\/\/help.jamk.fi\/zoom\/fi\/tapaamiskutsun-luominen\/tapaamiskutsun-luominen\/","url":"https:\/\/help.jamk.fi\/zoom\/fi\/tapaamiskutsun-luominen\/tapaamiskutsun-luominen\/","name":"Tapaamiskutsun luominen - Zoom","isPartOf":{"@id":"https:\/\/help.jamk.fi\/zoom\/#website"},"datePublished":"2023-11-20T08:00:06+00:00","dateModified":"2024-01-22T13:08:53+00:00","breadcrumb":{"@id":"https:\/\/help.jamk.fi\/zoom\/fi\/tapaamiskutsun-luominen\/tapaamiskutsun-luominen\/#breadcrumb"},"inLanguage":"fi","potentialAction":[{"@type":"ReadAction","target":["https:\/\/help.jamk.fi\/zoom\/fi\/tapaamiskutsun-luominen\/tapaamiskutsun-luominen\/"]}]},{"@type":"BreadcrumbList","@id":"https:\/\/help.jamk.fi\/zoom\/fi\/tapaamiskutsun-luominen\/tapaamiskutsun-luominen\/#breadcrumb","itemListElement":[{"@type":"ListItem","position":1,"name":"Etusivu","item":"https:\/\/help.jamk.fi\/zoom\/fi\/"},{"@type":"ListItem","position":2,"name":"Tapaamisen j\u00e4rjest\u00e4minen","item":"https:\/\/help.jamk.fi\/zoom\/fi\/tapaamiskutsun-luominen\/"},{"@type":"ListItem","position":3,"name":"Tapaamiskutsun luominen"}]},{"@type":"WebSite","@id":"https:\/\/help.jamk.fi\/zoom\/#website","url":"https:\/\/help.jamk.fi\/zoom\/","name":"Zoom","description":"","potentialAction":[{"@type":"SearchAction","target":{"@type":"EntryPoint","urlTemplate":"https:\/\/help.jamk.fi\/zoom\/?s={search_term_string}"},"query-input":{"@type":"PropertyValueSpecification","valueRequired":true,"valueName":"search_term_string"}}],"inLanguage":"fi"}]}},"_links":{"self":[{"href":"https:\/\/help.jamk.fi\/zoom\/wp-json\/wp\/v2\/pages\/419","targetHints":{"allow":["GET"]}}],"collection":[{"href":"https:\/\/help.jamk.fi\/zoom\/wp-json\/wp\/v2\/pages"}],"about":[{"href":"https:\/\/help.jamk.fi\/zoom\/wp-json\/wp\/v2\/types\/page"}],"author":[{"embeddable":true,"href":"https:\/\/help.jamk.fi\/zoom\/wp-json\/wp\/v2\/users\/72"}],"replies":[{"embeddable":true,"href":"https:\/\/help.jamk.fi\/zoom\/wp-json\/wp\/v2\/comments?post=419"}],"version-history":[{"count":7,"href":"https:\/\/help.jamk.fi\/zoom\/wp-json\/wp\/v2\/pages\/419\/revisions"}],"predecessor-version":[{"id":607,"href":"https:\/\/help.jamk.fi\/zoom\/wp-json\/wp\/v2\/pages\/419\/revisions\/607"}],"up":[{"embeddable":true,"href":"https:\/\/help.jamk.fi\/zoom\/wp-json\/wp\/v2\/pages\/36"}],"wp:attachment":[{"href":"https:\/\/help.jamk.fi\/zoom\/wp-json\/wp\/v2\/media?parent=419"}],"wp:term":[{"taxonomy":"category","embeddable":true,"href":"https:\/\/help.jamk.fi\/zoom\/wp-json\/wp\/v2\/categories?post=419"},{"taxonomy":"post_tag","embeddable":true,"href":"https:\/\/help.jamk.fi\/zoom\/wp-json\/wp\/v2\/tags?post=419"}],"curies":[{"name":"wp","href":"https:\/\/api.w.org\/{rel}","templated":true}]}}