{"id":78,"date":"2018-09-10T10:32:43","date_gmt":"2018-09-10T07:32:43","guid":{"rendered":"https:\/\/help.jamk.fi\/zoom\/breakout-rooms\/"},"modified":"2024-01-10T14:43:39","modified_gmt":"2024-01-10T12:43:39","slug":"breakout-rooms","status":"publish","type":"page","link":"https:\/\/help.jamk.fi\/zoom\/fi\/tapaamiskutsun-luominen\/breakout-rooms\/","title":{"rendered":"Breakout Rooms -toiminto"},"content":{"rendered":"\n<p>Verkkotapaamisessa opiskelijat voivat ty\u00f6skennell\u00e4 pienryhmiss\u00e4 (Breakout rooms). Opettaja voi luoda Breakout-huoneet.<\/p>\n\n\n\n<p><\/p>\n\n\n\n<div class=\"wp-block-group\"><div class=\"wp-block-group__inner-container is-layout-flow wp-block-group-is-layout-flow\">\n<h2 class=\"wp-block-heading\">1. Opettaja luo Breakout-huoneet.<\/h2>\n\n\n\n<ol class=\"wp-block-list\">\n<li>K<span style=\"color: initial\">likkaa Zoomin ty\u00f6kalupalkissa <\/span><strong style=\"color: initial\">Breakout Rooms<\/strong><span style=\"color: initial\"> -painiketta.<\/span><\/li>\n\n\n\n<li>Valitse, kuinka moneen huoneeseen haluat jakaa opiskelijat.<\/li>\n\n\n\n<li>Valitse, jakaako sovellus opiskelijat huoneisiin automaattisesti, jaatko heid\u00e4t huoneisiin manuaalisesti yksi opiskelija kerrallaan, vai voivatko opiskelijat itse valita huoneen. Alla on kerrottu tarkemmin manuaalisesta jaosta ja huoneen valitsemisesta itse.<\/li>\n\n\n\n<li>Klikkaa <strong>Create. <\/strong>Zoom luo huoneet ja jos valitsit automaattisen vaihtoehdon, n\u00e4et, mihin huoneisiin opiskelijat on lis\u00e4tty.<\/li>\n\n\n\n<li>Voit nimet\u00e4 huoneet uudelleen viem\u00e4ll\u00e4 hiiren huoneen nimen p\u00e4\u00e4lle ja valitsemalla <strong>Rename<\/strong>.<\/li>\n\n\n\n<li>Voit muuttaa Breakout-huoneiden asetuksia klikkaamalla&nbsp;<strong>Options<\/strong>. Voit esimerkiksi valita, ett\u00e4 pienryhm\u00e4ty\u00f6skentelyn alkaessa opiskelijat siirret\u00e4\u00e4n huoneisin automaattisesti eik\u00e4 heid\u00e4n tarvitse hyv\u00e4ksy\u00e4 huonekutsua. Voit my\u00f6s m\u00e4\u00e4ritell\u00e4 minuuttim\u00e4\u00e4r\u00e4n, jonka j\u00e4lkeen Breakout-huoneet sulkeutuvat automaattisesti.<\/li>\n\n\n\n<li>Kun klikkaat <strong>Open All Rooms <\/strong>-painiketta, opiskelijat saavat kutsun liitty\u00e4 Breakout-huoneeseen, siirtyv\u00e4t huoneisiin automaattisesti tai n\u00e4kev\u00e4t Join Breakout Room -painikeen, josta he voivat valita, mihin huoneeseen siirtyv\u00e4t sen mukaan, mink\u00e4 Breakout Rooms -vaihtoehdon valitsit.<\/li>\n<\/ol>\n<\/div><\/div>\n\n\n\n<p><\/p>\n\n\n\n<div class=\"wp-block-group\"><div class=\"wp-block-group__inner-container is-layout-flow wp-block-group-is-layout-flow\">\n<h2 class=\"wp-block-heading\">2. Osallistujien jakaminen Breakout-huoneisiin manuaalisesti.<\/h2>\n\n\n\n<ol class=\"wp-block-list\">\n<li>Valitse manuaalinen jako ja huoneiden m\u00e4\u00e4r\u00e4.<\/li>\n\n\n\n<li>Klikkaa <strong>Create<\/strong>.<\/li>\n\n\n\n<li>Klikkaa pienryhm\u00e4huoneen kohdalta <strong>Assign<\/strong>-painiketta, ja valitse opiskelijat, jotka haluat lis\u00e4t\u00e4 kyseiseen huoneeseen.<\/li>\n\n\n\n<li>Kun olet jakanut opiskelijat huoneisiin ja valmis aloittamaan ryhm\u00e4ty\u00f6skentelyn, klikkaa <strong>Open All Rooms<\/strong>.<\/li>\n\n\n\n<li>Opiskelijat saavat n\u00e4yt\u00f6lleen kutsun liitty\u00e4 huoneeseen tai siirtyv\u00e4t huoneeseen automaattisesti.<\/li>\n<\/ol>\n<\/div><\/div>\n\n\n\n<p><\/p>\n\n\n\n<div class=\"wp-block-group\"><div class=\"wp-block-group__inner-container is-layout-flow wp-block-group-is-layout-flow\">\n<h2 class=\"wp-block-heading\">3. Osallistujat voivat valita Breakout-huoneen.<\/h2>\n\n\n\n<ol class=\"wp-block-list\">\n<li>Usein t\u00e4t\u00e4 vaihtoehtoa k\u00e4ytet\u00e4\u00e4n, jos opiskelijat ovat ty\u00f6skennelleet ryhmiss\u00e4 jo aiemmin tai opiskelijoille tarjotaan esimerkiksi tiettyihin teemoihin liittyvi\u00e4 huonevaihtoehtoja.<\/li>\n\n\n\n<li>Valitse Let participants choose room ja huoneiden m\u00e4\u00e4r\u00e4.<\/li>\n\n\n\n<li>Klikkaa <strong>Create.<\/strong><\/li>\n\n\n\n<li>Vie hiiri huoneen nimen p\u00e4\u00e4lle ja klikkaa <strong>Rename<\/strong>. Voit nimet\u00e4 huoneet teemojen mukaisesti.<\/li>\n\n\n\n<li>Klikkaa <strong>Open All Rooms.<\/strong> <\/li>\n\n\n\n<li>Opiskelijoille tulee n\u00e4kyville Breakout Rooms -painike ja he voivat liitty\u00e4 haluamaansa huoneeseen.<\/li>\n<\/ol>\n<\/div><\/div>\n\n\n\n<p><\/p>\n\n\n\n<div class=\"wp-block-group\"><div class=\"wp-block-group__inner-container is-layout-flow wp-block-group-is-layout-flow\">\n<h2 class=\"wp-block-heading\">4. Opiskelijat ty\u00f6skentelev\u00e4t Breakout-huoneissa.<\/h2>\n\n\n\n<ol class=\"wp-block-list\">\n<li>Opiskelijat n\u00e4kev\u00e4t Breakout-huoneisiin siirtymisen j\u00e4lkeen vain oman huoneensa osallistujat ja kuulevat oman ryhm\u00e4ns\u00e4 j\u00e4senten puheen. Opiskelijat voivat keskustella, jakaa n\u00e4ytt\u00f6\u00e4 ja kirjoittaa Breakout-huoneen chattiin.<\/li>\n\n\n\n<li>Opettaja voi viesti\u00e4 Breakout-huoneisiin ty\u00f6skentelyn aikana esimerkiksi siit\u00e4, miten kauan ty\u00f6skentelyaikaa on j\u00e4ljell\u00e4, klikkaamalla <strong>Broadcast<\/strong>. <\/li>\n\n\n\n<li>Voit l\u00e4hett\u00e4\u00e4 tekstimuotoisen viestin, joka n\u00e4kyy muutaman sekunnin ajan Breakout-huoneen yl\u00e4laidassa tai \u00e4\u00e4niviestin, jonka Breakout-huoneissa olevat kuulevat.<\/li>\n\n\n\n<li>Opettaja voi k\u00e4yd\u00e4 Breakout-huoneissa klikkaamalla&nbsp;<strong>Join-<\/strong>painiketta pienryhm\u00e4n nimen vieress\u00e4.<\/li>\n\n\n\n<li>Breakout-huoneisiin voi lis\u00e4t\u00e4 my\u00f6h\u00e4ss\u00e4 tapaamiseen liittyneit\u00e4 opiskelijoita klikkaamalla <strong>Assign<\/strong>-painiketta opiskelijan nimen vieress\u00e4 Breakout Rooms -n\u00e4kym\u00e4ss\u00e4.<\/li>\n\n\n\n<li>Opiskelijat voivat pyyt\u00e4\u00e4 opettajan Breakout-huoneeseen klikkaamalla&nbsp;<strong>Ask for Help&nbsp;<\/strong>-painiketta. Opettajan n\u00e4yt\u00f6lle tulee viesti, jota klikkaamalla opettaja siirtyy siihen Breakout-huoneeseen, josta pyynt\u00f6 on tullut.<\/li>\n\n\n\n<li><strong>Close all Rooms<\/strong> -painikkeen klikkaaminen sulkee Breakout-huoneet. Perusasetuksena on, ett\u00e4 huoneet sulkeutuvat minuutin kuluttua painikkeen klikkaamisesta.<\/li>\n\n\n\n<li>Samoja Breakout-huoneita ja samaa ryhm\u00e4jatkoa voi k\u00e4ytt\u00e4\u00e4 uudelleen saman tapaamisen aikana. Uudet huoneet ja uuden ryhm\u00e4jaon voi luoda klikkaamalla <strong>Recreate<\/strong>-painiketta.<\/li>\n<\/ol>\n<\/div><\/div>\n\n\n\n<p><\/p>\n","protected":false},"excerpt":{"rendered":"<p>Verkkotapaamisessa opiskelijat voivat ty\u00f6skennell\u00e4 pienryhmiss\u00e4 (Breakout rooms). Opettaja voi luoda Breakout-huoneet. 1. Opettaja luo Breakout-huoneet. 2. Osallistujien jakaminen Breakout-huoneisiin manuaalisesti. 3. Osallistujat voivat valita Breakout-huoneen. 4. Opiskelijat ty\u00f6skentelev\u00e4t Breakout-huoneissa.<\/p>\n","protected":false},"author":74,"featured_media":0,"parent":36,"menu_order":4,"comment_status":"closed","ping_status":"closed","template":"","meta":{"_acf_changed":false,"_relevanssi_hide_post":"","_relevanssi_hide_content":"","_relevanssi_pin_for_all":"","_relevanssi_pin_keywords":"","_relevanssi_unpin_keywords":"","_relevanssi_related_keywords":"","_relevanssi_related_include_ids":"","_relevanssi_related_exclude_ids":"","_relevanssi_related_no_append":"","_relevanssi_related_not_related":"","_relevanssi_related_posts":"","_relevanssi_noindex_reason":"","footnotes":""},"categories":[],"tags":[],"class_list":["post-78","page","type-page","status-publish","hentry"],"acf":[],"yoast_head":"<!-- This site is optimized with the Yoast SEO plugin v27.3 - https:\/\/yoast.com\/product\/yoast-seo-wordpress\/ -->\n<title>Breakout Rooms -toiminto - Zoom<\/title>\n<meta name=\"robots\" content=\"index, follow, max-snippet:-1, max-image-preview:large, max-video-preview:-1\" \/>\n<link rel=\"canonical\" href=\"https:\/\/help.jamk.fi\/zoom\/fi\/tapaamiskutsun-luominen\/breakout-rooms\/\" \/>\n<meta property=\"og:locale\" content=\"fi_FI\" \/>\n<meta property=\"og:type\" content=\"article\" \/>\n<meta property=\"og:title\" content=\"Breakout Rooms -toiminto - Zoom\" \/>\n<meta property=\"og:description\" content=\"Verkkotapaamisessa opiskelijat voivat ty\u00f6skennell\u00e4 pienryhmiss\u00e4 (Breakout rooms). Opettaja voi luoda Breakout-huoneet. 1. Opettaja luo Breakout-huoneet. 2. Osallistujien jakaminen Breakout-huoneisiin manuaalisesti. 3. Osallistujat voivat valita Breakout-huoneen. 4. Opiskelijat ty\u00f6skentelev\u00e4t Breakout-huoneissa.\" \/>\n<meta property=\"og:url\" content=\"https:\/\/help.jamk.fi\/zoom\/fi\/tapaamiskutsun-luominen\/breakout-rooms\/\" \/>\n<meta property=\"og:site_name\" content=\"Zoom\" \/>\n<meta property=\"article:modified_time\" content=\"2024-01-10T12:43:39+00:00\" \/>\n<meta name=\"twitter:card\" content=\"summary_large_image\" \/>\n<meta name=\"twitter:label1\" content=\"Arvioitu lukuaika\" \/>\n\t<meta name=\"twitter:data1\" content=\"3 minuuttia\" \/>\n<script type=\"application\/ld+json\" class=\"yoast-schema-graph\">{\"@context\":\"https:\\\/\\\/schema.org\",\"@graph\":[{\"@type\":\"WebPage\",\"@id\":\"https:\\\/\\\/help.jamk.fi\\\/zoom\\\/fi\\\/tapaamiskutsun-luominen\\\/breakout-rooms\\\/\",\"url\":\"https:\\\/\\\/help.jamk.fi\\\/zoom\\\/fi\\\/tapaamiskutsun-luominen\\\/breakout-rooms\\\/\",\"name\":\"Breakout Rooms -toiminto - Zoom\",\"isPartOf\":{\"@id\":\"https:\\\/\\\/help.jamk.fi\\\/zoom\\\/#website\"},\"datePublished\":\"2018-09-10T07:32:43+00:00\",\"dateModified\":\"2024-01-10T12:43:39+00:00\",\"breadcrumb\":{\"@id\":\"https:\\\/\\\/help.jamk.fi\\\/zoom\\\/fi\\\/tapaamiskutsun-luominen\\\/breakout-rooms\\\/#breadcrumb\"},\"inLanguage\":\"fi\",\"potentialAction\":[{\"@type\":\"ReadAction\",\"target\":[\"https:\\\/\\\/help.jamk.fi\\\/zoom\\\/fi\\\/tapaamiskutsun-luominen\\\/breakout-rooms\\\/\"]}]},{\"@type\":\"BreadcrumbList\",\"@id\":\"https:\\\/\\\/help.jamk.fi\\\/zoom\\\/fi\\\/tapaamiskutsun-luominen\\\/breakout-rooms\\\/#breadcrumb\",\"itemListElement\":[{\"@type\":\"ListItem\",\"position\":1,\"name\":\"Etusivu\",\"item\":\"https:\\\/\\\/help.jamk.fi\\\/zoom\\\/fi\\\/\"},{\"@type\":\"ListItem\",\"position\":2,\"name\":\"Tapaamisen j\u00e4rjest\u00e4minen\",\"item\":\"https:\\\/\\\/help.jamk.fi\\\/zoom\\\/fi\\\/tapaamiskutsun-luominen\\\/\"},{\"@type\":\"ListItem\",\"position\":3,\"name\":\"Breakout Rooms -toiminto\"}]},{\"@type\":\"WebSite\",\"@id\":\"https:\\\/\\\/help.jamk.fi\\\/zoom\\\/#website\",\"url\":\"https:\\\/\\\/help.jamk.fi\\\/zoom\\\/\",\"name\":\"Zoom\",\"description\":\"\",\"potentialAction\":[{\"@type\":\"SearchAction\",\"target\":{\"@type\":\"EntryPoint\",\"urlTemplate\":\"https:\\\/\\\/help.jamk.fi\\\/zoom\\\/?s={search_term_string}\"},\"query-input\":{\"@type\":\"PropertyValueSpecification\",\"valueRequired\":true,\"valueName\":\"search_term_string\"}}],\"inLanguage\":\"fi\"}]}<\/script>\n<!-- \/ Yoast SEO plugin. -->","yoast_head_json":{"title":"Breakout Rooms -toiminto - Zoom","robots":{"index":"index","follow":"follow","max-snippet":"max-snippet:-1","max-image-preview":"max-image-preview:large","max-video-preview":"max-video-preview:-1"},"canonical":"https:\/\/help.jamk.fi\/zoom\/fi\/tapaamiskutsun-luominen\/breakout-rooms\/","og_locale":"fi_FI","og_type":"article","og_title":"Breakout Rooms -toiminto - Zoom","og_description":"Verkkotapaamisessa opiskelijat voivat ty\u00f6skennell\u00e4 pienryhmiss\u00e4 (Breakout rooms). Opettaja voi luoda Breakout-huoneet. 1. Opettaja luo Breakout-huoneet. 2. Osallistujien jakaminen Breakout-huoneisiin manuaalisesti. 3. Osallistujat voivat valita Breakout-huoneen. 4. Opiskelijat ty\u00f6skentelev\u00e4t Breakout-huoneissa.","og_url":"https:\/\/help.jamk.fi\/zoom\/fi\/tapaamiskutsun-luominen\/breakout-rooms\/","og_site_name":"Zoom","article_modified_time":"2024-01-10T12:43:39+00:00","twitter_card":"summary_large_image","twitter_misc":{"Arvioitu lukuaika":"3 minuuttia"},"schema":{"@context":"https:\/\/schema.org","@graph":[{"@type":"WebPage","@id":"https:\/\/help.jamk.fi\/zoom\/fi\/tapaamiskutsun-luominen\/breakout-rooms\/","url":"https:\/\/help.jamk.fi\/zoom\/fi\/tapaamiskutsun-luominen\/breakout-rooms\/","name":"Breakout Rooms -toiminto - Zoom","isPartOf":{"@id":"https:\/\/help.jamk.fi\/zoom\/#website"},"datePublished":"2018-09-10T07:32:43+00:00","dateModified":"2024-01-10T12:43:39+00:00","breadcrumb":{"@id":"https:\/\/help.jamk.fi\/zoom\/fi\/tapaamiskutsun-luominen\/breakout-rooms\/#breadcrumb"},"inLanguage":"fi","potentialAction":[{"@type":"ReadAction","target":["https:\/\/help.jamk.fi\/zoom\/fi\/tapaamiskutsun-luominen\/breakout-rooms\/"]}]},{"@type":"BreadcrumbList","@id":"https:\/\/help.jamk.fi\/zoom\/fi\/tapaamiskutsun-luominen\/breakout-rooms\/#breadcrumb","itemListElement":[{"@type":"ListItem","position":1,"name":"Etusivu","item":"https:\/\/help.jamk.fi\/zoom\/fi\/"},{"@type":"ListItem","position":2,"name":"Tapaamisen j\u00e4rjest\u00e4minen","item":"https:\/\/help.jamk.fi\/zoom\/fi\/tapaamiskutsun-luominen\/"},{"@type":"ListItem","position":3,"name":"Breakout Rooms -toiminto"}]},{"@type":"WebSite","@id":"https:\/\/help.jamk.fi\/zoom\/#website","url":"https:\/\/help.jamk.fi\/zoom\/","name":"Zoom","description":"","potentialAction":[{"@type":"SearchAction","target":{"@type":"EntryPoint","urlTemplate":"https:\/\/help.jamk.fi\/zoom\/?s={search_term_string}"},"query-input":{"@type":"PropertyValueSpecification","valueRequired":true,"valueName":"search_term_string"}}],"inLanguage":"fi"}]}},"_links":{"self":[{"href":"https:\/\/help.jamk.fi\/zoom\/wp-json\/wp\/v2\/pages\/78","targetHints":{"allow":["GET"]}}],"collection":[{"href":"https:\/\/help.jamk.fi\/zoom\/wp-json\/wp\/v2\/pages"}],"about":[{"href":"https:\/\/help.jamk.fi\/zoom\/wp-json\/wp\/v2\/types\/page"}],"author":[{"embeddable":true,"href":"https:\/\/help.jamk.fi\/zoom\/wp-json\/wp\/v2\/users\/74"}],"replies":[{"embeddable":true,"href":"https:\/\/help.jamk.fi\/zoom\/wp-json\/wp\/v2\/comments?post=78"}],"version-history":[{"count":4,"href":"https:\/\/help.jamk.fi\/zoom\/wp-json\/wp\/v2\/pages\/78\/revisions"}],"predecessor-version":[{"id":573,"href":"https:\/\/help.jamk.fi\/zoom\/wp-json\/wp\/v2\/pages\/78\/revisions\/573"}],"up":[{"embeddable":true,"href":"https:\/\/help.jamk.fi\/zoom\/wp-json\/wp\/v2\/pages\/36"}],"wp:attachment":[{"href":"https:\/\/help.jamk.fi\/zoom\/wp-json\/wp\/v2\/media?parent=78"}],"wp:term":[{"taxonomy":"category","embeddable":true,"href":"https:\/\/help.jamk.fi\/zoom\/wp-json\/wp\/v2\/categories?post=78"},{"taxonomy":"post_tag","embeddable":true,"href":"https:\/\/help.jamk.fi\/zoom\/wp-json\/wp\/v2\/tags?post=78"}],"curies":[{"name":"wp","href":"https:\/\/api.w.org\/{rel}","templated":true}]}}