{"id":93,"date":"2018-09-10T10:34:00","date_gmt":"2018-09-10T07:34:00","guid":{"rendered":"https:\/\/help.jamk.fi\/zoom\/kokouksen-tai-webinaarin-tallentaminen-ja-tallenteen-jakaminen\/"},"modified":"2023-12-17T14:21:10","modified_gmt":"2023-12-17T12:21:10","slug":"kokouksen-tai-webinaarin-tallentaminen-ja-tallenteen-jakaminen","status":"publish","type":"page","link":"https:\/\/help.jamk.fi\/zoom\/fi\/tapaamiskutsun-luominen\/kokouksen-tai-webinaarin-tallentaminen-ja-tallenteen-jakaminen\/","title":{"rendered":"Tapaamisen tallentaminen"},"content":{"rendered":"\n<p><\/p>\n\n\n\n<p>Opettaja tallentaa Zoom-tapaamisen klikkaamalla <strong>Record<\/strong>-painiketta Zoomin ty\u00f6kalupalkista.<\/p>\n\n\n\n<ol class=\"wp-block-list\">\n<li>Voit tallentaa tapaamisen Zoomin pilveen <strong>Record to the cloud<\/strong> tai koneellesi <strong>Record on this Computer<\/strong>. <\/li>\n\n\n\n<li>29.4.2023 alkaen Zoomin pilvitallenne siirtyy suoraan Panopto-videojakopalveluun. Pilvitallenteesta ei siis en\u00e4\u00e4 tule s\u00e4hk\u00f6postiviesti\u00e4 ja tallennetiedostoa ei tarvitse en\u00e4\u00e4 manuaalisesti siirt\u00e4\u00e4 Panoptoon. <\/li>\n\n\n\n<li>Ensimm\u00e4isell\u00e4 tallennuskerralla pilvitallenteen tekij\u00e4n My Folderiin syntyy automaattisesti kansio nimelt\u00e4 <strong>Zoom Cloud Meeting Recordings<\/strong>, jonne pilvitallenteet tallentuvat t\u00e4m\u00e4n j\u00e4lkeen. Ensimm\u00e4isell\u00e4 kerralla kansion syntymisess\u00e4 ja aina tallenteen prosessoinnissa voi kest\u00e4\u00e4 jopa yht\u00e4 kauan kuin tallennus on kest\u00e4nyt, joten odota rauhassa. Kuten aiemminkin, tallenne alkaa muodostua vasta, kun Zoom-tapaaminen on suljettu.<\/li>\n\n\n\n<li>Jos haluat siirt\u00e4\u00e4 videotiedoston jaettavaksi jonnekin muualle kuin Panoptoon, voit edelleen valita tallennusvaihtoehdoksi Record on this Computer. <\/li>\n\n\n\n<li>Jos tallennat koneellesi, oletussijaintina on koneesi Documents-hakemisto. <\/li>\n\n\n\n<li>Huomioi, ett\u00e4 koneelle tallennettaessa koneesi t\u00e4ytyy olla avoinna tapaamisen j\u00e4lkeen niin kauan, ett\u00e4 Zoom prosessoi videotiedoston valmiiksi. T\u00e4ss\u00e4 voi kulua l\u00e4hes yht\u00e4 kauan kuin tallennus on kest\u00e4nyt.<\/li>\n<\/ol>\n\n\n\n<p>Huom! Tutustu ohjeeseen <a href=\"https:\/\/help.jamk.fi\/panopto\/opettajalle\/zoom-panopto-moodle\/\" target=\"_blank\" rel=\"noreferrer noopener\">Zoom-tallenteen siirt\u00e4minen Panoptoon ja tallenteen jakaminen Moodleen<\/a>.<\/p>\n","protected":false},"excerpt":{"rendered":"<p>Opettaja tallentaa Zoom-tapaamisen klikkaamalla Record-painiketta Zoomin ty\u00f6kalupalkista. Huom! Tutustu ohjeeseen Zoom-tallenteen siirt\u00e4minen Panoptoon ja tallenteen jakaminen Moodleen.<\/p>\n","protected":false},"author":74,"featured_media":0,"parent":36,"menu_order":2,"comment_status":"closed","ping_status":"closed","template":"","meta":{"_acf_changed":false,"_relevanssi_hide_post":"","_relevanssi_hide_content":"","_relevanssi_pin_for_all":"","_relevanssi_pin_keywords":"","_relevanssi_unpin_keywords":"","_relevanssi_related_keywords":"","_relevanssi_related_include_ids":"","_relevanssi_related_exclude_ids":"","_relevanssi_related_no_append":"","_relevanssi_related_not_related":"","_relevanssi_related_posts":"","_relevanssi_noindex_reason":"","footnotes":""},"categories":[],"tags":[],"class_list":["post-93","page","type-page","status-publish","hentry"],"acf":[],"yoast_head":"<!-- This site is optimized with the Yoast SEO plugin v27.4 - https:\/\/yoast.com\/product\/yoast-seo-wordpress\/ -->\n<title>Tapaamisen tallentaminen - Zoom<\/title>\n<meta name=\"robots\" content=\"index, follow, max-snippet:-1, max-image-preview:large, max-video-preview:-1\" \/>\n<link rel=\"canonical\" href=\"https:\/\/help.jamk.fi\/zoom\/fi\/tapaamiskutsun-luominen\/kokouksen-tai-webinaarin-tallentaminen-ja-tallenteen-jakaminen\/\" \/>\n<meta property=\"og:locale\" content=\"fi_FI\" \/>\n<meta property=\"og:type\" content=\"article\" \/>\n<meta property=\"og:title\" content=\"Tapaamisen tallentaminen - Zoom\" \/>\n<meta property=\"og:description\" content=\"Opettaja tallentaa Zoom-tapaamisen klikkaamalla Record-painiketta Zoomin ty\u00f6kalupalkista. Huom! Tutustu ohjeeseen Zoom-tallenteen siirt\u00e4minen Panoptoon ja tallenteen jakaminen Moodleen.\" \/>\n<meta property=\"og:url\" content=\"https:\/\/help.jamk.fi\/zoom\/fi\/tapaamiskutsun-luominen\/kokouksen-tai-webinaarin-tallentaminen-ja-tallenteen-jakaminen\/\" \/>\n<meta property=\"og:site_name\" content=\"Zoom\" \/>\n<meta property=\"article:modified_time\" content=\"2023-12-17T12:21:10+00:00\" \/>\n<meta name=\"twitter:card\" content=\"summary_large_image\" \/>\n<meta name=\"twitter:label1\" content=\"Arvioitu lukuaika\" \/>\n\t<meta name=\"twitter:data1\" content=\"1 minuutti\" \/>\n<script type=\"application\/ld+json\" class=\"yoast-schema-graph\">{\"@context\":\"https:\\\/\\\/schema.org\",\"@graph\":[{\"@type\":\"WebPage\",\"@id\":\"https:\\\/\\\/help.jamk.fi\\\/zoom\\\/fi\\\/tapaamiskutsun-luominen\\\/kokouksen-tai-webinaarin-tallentaminen-ja-tallenteen-jakaminen\\\/\",\"url\":\"https:\\\/\\\/help.jamk.fi\\\/zoom\\\/fi\\\/tapaamiskutsun-luominen\\\/kokouksen-tai-webinaarin-tallentaminen-ja-tallenteen-jakaminen\\\/\",\"name\":\"Tapaamisen tallentaminen - Zoom\",\"isPartOf\":{\"@id\":\"https:\\\/\\\/help.jamk.fi\\\/zoom\\\/#website\"},\"datePublished\":\"2018-09-10T07:34:00+00:00\",\"dateModified\":\"2023-12-17T12:21:10+00:00\",\"breadcrumb\":{\"@id\":\"https:\\\/\\\/help.jamk.fi\\\/zoom\\\/fi\\\/tapaamiskutsun-luominen\\\/kokouksen-tai-webinaarin-tallentaminen-ja-tallenteen-jakaminen\\\/#breadcrumb\"},\"inLanguage\":\"fi\",\"potentialAction\":[{\"@type\":\"ReadAction\",\"target\":[\"https:\\\/\\\/help.jamk.fi\\\/zoom\\\/fi\\\/tapaamiskutsun-luominen\\\/kokouksen-tai-webinaarin-tallentaminen-ja-tallenteen-jakaminen\\\/\"]}]},{\"@type\":\"BreadcrumbList\",\"@id\":\"https:\\\/\\\/help.jamk.fi\\\/zoom\\\/fi\\\/tapaamiskutsun-luominen\\\/kokouksen-tai-webinaarin-tallentaminen-ja-tallenteen-jakaminen\\\/#breadcrumb\",\"itemListElement\":[{\"@type\":\"ListItem\",\"position\":1,\"name\":\"Etusivu\",\"item\":\"https:\\\/\\\/help.jamk.fi\\\/zoom\\\/fi\\\/\"},{\"@type\":\"ListItem\",\"position\":2,\"name\":\"Tapaamisen j\u00e4rjest\u00e4minen\",\"item\":\"https:\\\/\\\/help.jamk.fi\\\/zoom\\\/fi\\\/tapaamiskutsun-luominen\\\/\"},{\"@type\":\"ListItem\",\"position\":3,\"name\":\"Tapaamisen tallentaminen\"}]},{\"@type\":\"WebSite\",\"@id\":\"https:\\\/\\\/help.jamk.fi\\\/zoom\\\/#website\",\"url\":\"https:\\\/\\\/help.jamk.fi\\\/zoom\\\/\",\"name\":\"Zoom\",\"description\":\"\",\"potentialAction\":[{\"@type\":\"SearchAction\",\"target\":{\"@type\":\"EntryPoint\",\"urlTemplate\":\"https:\\\/\\\/help.jamk.fi\\\/zoom\\\/?s={search_term_string}\"},\"query-input\":{\"@type\":\"PropertyValueSpecification\",\"valueRequired\":true,\"valueName\":\"search_term_string\"}}],\"inLanguage\":\"fi\"}]}<\/script>\n<!-- \/ Yoast SEO plugin. -->","yoast_head_json":{"title":"Tapaamisen tallentaminen - Zoom","robots":{"index":"index","follow":"follow","max-snippet":"max-snippet:-1","max-image-preview":"max-image-preview:large","max-video-preview":"max-video-preview:-1"},"canonical":"https:\/\/help.jamk.fi\/zoom\/fi\/tapaamiskutsun-luominen\/kokouksen-tai-webinaarin-tallentaminen-ja-tallenteen-jakaminen\/","og_locale":"fi_FI","og_type":"article","og_title":"Tapaamisen tallentaminen - Zoom","og_description":"Opettaja tallentaa Zoom-tapaamisen klikkaamalla Record-painiketta Zoomin ty\u00f6kalupalkista. Huom! Tutustu ohjeeseen Zoom-tallenteen siirt\u00e4minen Panoptoon ja tallenteen jakaminen Moodleen.","og_url":"https:\/\/help.jamk.fi\/zoom\/fi\/tapaamiskutsun-luominen\/kokouksen-tai-webinaarin-tallentaminen-ja-tallenteen-jakaminen\/","og_site_name":"Zoom","article_modified_time":"2023-12-17T12:21:10+00:00","twitter_card":"summary_large_image","twitter_misc":{"Arvioitu lukuaika":"1 minuutti"},"schema":{"@context":"https:\/\/schema.org","@graph":[{"@type":"WebPage","@id":"https:\/\/help.jamk.fi\/zoom\/fi\/tapaamiskutsun-luominen\/kokouksen-tai-webinaarin-tallentaminen-ja-tallenteen-jakaminen\/","url":"https:\/\/help.jamk.fi\/zoom\/fi\/tapaamiskutsun-luominen\/kokouksen-tai-webinaarin-tallentaminen-ja-tallenteen-jakaminen\/","name":"Tapaamisen tallentaminen - Zoom","isPartOf":{"@id":"https:\/\/help.jamk.fi\/zoom\/#website"},"datePublished":"2018-09-10T07:34:00+00:00","dateModified":"2023-12-17T12:21:10+00:00","breadcrumb":{"@id":"https:\/\/help.jamk.fi\/zoom\/fi\/tapaamiskutsun-luominen\/kokouksen-tai-webinaarin-tallentaminen-ja-tallenteen-jakaminen\/#breadcrumb"},"inLanguage":"fi","potentialAction":[{"@type":"ReadAction","target":["https:\/\/help.jamk.fi\/zoom\/fi\/tapaamiskutsun-luominen\/kokouksen-tai-webinaarin-tallentaminen-ja-tallenteen-jakaminen\/"]}]},{"@type":"BreadcrumbList","@id":"https:\/\/help.jamk.fi\/zoom\/fi\/tapaamiskutsun-luominen\/kokouksen-tai-webinaarin-tallentaminen-ja-tallenteen-jakaminen\/#breadcrumb","itemListElement":[{"@type":"ListItem","position":1,"name":"Etusivu","item":"https:\/\/help.jamk.fi\/zoom\/fi\/"},{"@type":"ListItem","position":2,"name":"Tapaamisen j\u00e4rjest\u00e4minen","item":"https:\/\/help.jamk.fi\/zoom\/fi\/tapaamiskutsun-luominen\/"},{"@type":"ListItem","position":3,"name":"Tapaamisen tallentaminen"}]},{"@type":"WebSite","@id":"https:\/\/help.jamk.fi\/zoom\/#website","url":"https:\/\/help.jamk.fi\/zoom\/","name":"Zoom","description":"","potentialAction":[{"@type":"SearchAction","target":{"@type":"EntryPoint","urlTemplate":"https:\/\/help.jamk.fi\/zoom\/?s={search_term_string}"},"query-input":{"@type":"PropertyValueSpecification","valueRequired":true,"valueName":"search_term_string"}}],"inLanguage":"fi"}]}},"_links":{"self":[{"href":"https:\/\/help.jamk.fi\/zoom\/wp-json\/wp\/v2\/pages\/93","targetHints":{"allow":["GET"]}}],"collection":[{"href":"https:\/\/help.jamk.fi\/zoom\/wp-json\/wp\/v2\/pages"}],"about":[{"href":"https:\/\/help.jamk.fi\/zoom\/wp-json\/wp\/v2\/types\/page"}],"author":[{"embeddable":true,"href":"https:\/\/help.jamk.fi\/zoom\/wp-json\/wp\/v2\/users\/74"}],"replies":[{"embeddable":true,"href":"https:\/\/help.jamk.fi\/zoom\/wp-json\/wp\/v2\/comments?post=93"}],"version-history":[{"count":2,"href":"https:\/\/help.jamk.fi\/zoom\/wp-json\/wp\/v2\/pages\/93\/revisions"}],"predecessor-version":[{"id":521,"href":"https:\/\/help.jamk.fi\/zoom\/wp-json\/wp\/v2\/pages\/93\/revisions\/521"}],"up":[{"embeddable":true,"href":"https:\/\/help.jamk.fi\/zoom\/wp-json\/wp\/v2\/pages\/36"}],"wp:attachment":[{"href":"https:\/\/help.jamk.fi\/zoom\/wp-json\/wp\/v2\/media?parent=93"}],"wp:term":[{"taxonomy":"category","embeddable":true,"href":"https:\/\/help.jamk.fi\/zoom\/wp-json\/wp\/v2\/categories?post=93"},{"taxonomy":"post_tag","embeddable":true,"href":"https:\/\/help.jamk.fi\/zoom\/wp-json\/wp\/v2\/tags?post=93"}],"curies":[{"name":"wp","href":"https:\/\/api.w.org\/{rel}","templated":true}]}}